{"id":933,"date":"2022-10-20T18:37:35","date_gmt":"2022-10-20T16:37:35","guid":{"rendered":"https:\/\/concept-clinic.ch\/augmentation-mammaire\/augmentation-mammaire-naturelle\/"},"modified":"2023-01-26T10:59:57","modified_gmt":"2023-01-26T09:59:57","slug":"%d0%bd%d0%b0%d1%82%d1%83%d1%80%d0%b0%d0%bb%d1%8c%d0%bd%d1%8b%d0%b9","status":"publish","type":"page","link":"https:\/\/concept-clinic.ch\/ru\/%d0%be%d0%bf%d0%b5%d1%80%d0%b0%d1%86%d0%b8%d0%b8\/%d0%b3%d1%80%d1%83%d0%b4%d1%8c\/%d1%83%d0%b2%d0%b5%d0%bb%d0%b8%d1%87%d0%b5%d0%bd%d0%b8%d0%b5-%d0%b3%d1%80%d1%83%d0%b4%d0%b8\/%d0%bd%d0%b0%d1%82%d1%83%d1%80%d0%b0%d0%bb%d1%8c%d0%bd%d1%8b%d0%b9\/","title":{"rendered":"\u0423\u0432\u0435\u043b\u0438\u0447\u0435\u043d\u0438\u0435 \u0433\u0440\u0443\u0434\u0438 \u0441 \u0438\u0441\u043f\u043e\u043b\u044c\u0437\u043e\u0432\u0430\u043d\u0438\u0435\u043c \u0436\u0438\u0440\u043e\u0432\u043e\u0439 \u0442\u043a\u0430\u043d\u0438 \u043f\u0430\u0446\u0438\u0435\u043d\u0442\u0430 \u0432 \u0416\u0435\u043d\u0435\u0432\u0435"},"content":{"rendered":"","protected":false},"excerpt":{"rendered":"","protected":false},"author":1,"featured_media":776,"parent":918,"menu_order":80,"comment_status":"closed","ping_status":"closed","template":"templates\/page-intervention.php","meta":{"_acf_changed":false,"footnotes":""},"class_list":["post-933","page","type-page","status-publish","has-post-thumbnail","hentry","entry"],"acf":[],"yoast_head":"<!-- This site is optimized with the Yoast SEO plugin v27.3 - https:\/\/yoast.com\/product\/yoast-seo-wordpress\/ -->\n<title>\u0423\u0432\u0435\u043b\u0438\u0447\u0435\u043d\u0438\u0435 \u0433\u0440\u0443\u0434\u0438 \u0441 \u0438\u0441\u043f\u043e\u043b\u044c\u0437\u043e\u0432\u0430\u043d\u0438\u0435\u043c \u0436\u0438\u0440\u043e\u0432\u043e\u0439 \u0442\u043a\u0430\u043d\u0438 \u043f\u0430\u0446\u0438\u0435\u043d\u0442\u0430 - Concept Clinic<\/title>\n<meta name=\"description\" content=\"Une augmentation mammaire par greffe de graisse ou lipofilling est une technique qui permet d&#039;exploiter votre propre tissu graisseux pour mettre en valeur votre poitrine de mani\u00e8re naturelle.\" \/>\n<meta name=\"robots\" content=\"index, follow, max-snippet:-1, max-image-preview:large, max-video-preview:-1\" \/>\n<link rel=\"canonical\" href=\"https:\/\/concept-clinic.ch\/ru\/%d0%be%d0%bf%d0%b5%d1%80%d0%b0%d1%86%d0%b8%d0%b8\/%d0%b3%d1%80%d1%83%d0%b4%d1%8c\/%d1%83%d0%b2%d0%b5%d0%bb%d0%b8%d1%87%d0%b5%d0%bd%d0%b8%d0%b5-%d0%b3%d1%80%d1%83%d0%b4%d0%b8\/%d0%bd%d0%b0%d1%82%d1%83%d1%80%d0%b0%d0%bb%d1%8c%d0%bd%d1%8b%d0%b9\/\" \/>\n<meta property=\"og:locale\" content=\"ru_RU\" \/>\n<meta property=\"og:type\" content=\"article\" \/>\n<meta property=\"og:title\" content=\"\u0423\u0432\u0435\u043b\u0438\u0447\u0435\u043d\u0438\u0435 \u0433\u0440\u0443\u0434\u0438 \u0441 \u0438\u0441\u043f\u043e\u043b\u044c\u0437\u043e\u0432\u0430\u043d\u0438\u0435\u043c \u0436\u0438\u0440\u043e\u0432\u043e\u0439 \u0442\u043a\u0430\u043d\u0438 \u043f\u0430\u0446\u0438\u0435\u043d\u0442\u0430 - Concept Clinic\" \/>\n<meta property=\"og:description\" content=\"Une augmentation mammaire par greffe de graisse ou lipofilling est une technique qui permet d&#039;exploiter votre propre tissu graisseux pour mettre en valeur votre poitrine de mani\u00e8re naturelle.\" \/>\n<meta property=\"og:url\" content=\"https:\/\/concept-clinic.ch\/ru\/%d0%be%d0%bf%d0%b5%d1%80%d0%b0%d1%86%d0%b8%d0%b8\/%d0%b3%d1%80%d1%83%d0%b4%d1%8c\/%d1%83%d0%b2%d0%b5%d0%bb%d0%b8%d1%87%d0%b5%d0%bd%d0%b8%d0%b5-%d0%b3%d1%80%d1%83%d0%b4%d0%b8\/%d0%bd%d0%b0%d1%82%d1%83%d1%80%d0%b0%d0%bb%d1%8c%d0%bd%d1%8b%d0%b9\/\" \/>\n<meta property=\"og:site_name\" content=\"Chirurgie esth\u00e9tique Gen\u00e8ve\" \/>\n<meta property=\"article:publisher\" content=\"https:\/\/www.facebook.com\/p\/Concept-Clinic-100069028287117\/?paipv=0&amp;eav=AfYuwN39e-xs2uLRvzuAZWTzJLyRb7bpj-N1BdRN5mulHoituiZpJYZpLOVv-wJDQYU&amp;_rdr\" \/>\n<meta property=\"article:modified_time\" content=\"2023-01-26T09:59:57+00:00\" \/>\n<meta property=\"og:image\" content=\"https:\/\/concept-clinic.ch\/wp-content\/uploads\/2022\/10\/chirurgie-esthetique-concept-clinic-gauche.jpg\" \/>\n\t<meta property=\"og:image:width\" content=\"780\" \/>\n\t<meta property=\"og:image:height\" content=\"1280\" \/>\n\t<meta property=\"og:image:type\" content=\"image\/jpeg\" \/>\n<meta name=\"twitter:card\" content=\"summary_large_image\" \/>\n<script type=\"application\/ld+json\" class=\"yoast-schema-graph\">{\"@context\":\"https:\\\/\\\/schema.org\",\"@graph\":[{\"@type\":\"WebPage\",\"@id\":\"https:\\\/\\\/concept-clinic.ch\\\/ru\\\/%d0%be%d0%bf%d0%b5%d1%80%d0%b0%d1%86%d0%b8%d0%b8\\\/%d0%b3%d1%80%d1%83%d0%b4%d1%8c\\\/%d1%83%d0%b2%d0%b5%d0%bb%d0%b8%d1%87%d0%b5%d0%bd%d0%b8%d0%b5-%d0%b3%d1%80%d1%83%d0%b4%d0%b8\\\/%d0%bd%d0%b0%d1%82%d1%83%d1%80%d0%b0%d0%bb%d1%8c%d0%bd%d1%8b%d0%b9\\\/\",\"url\":\"https:\\\/\\\/concept-clinic.ch\\\/ru\\\/%d0%be%d0%bf%d0%b5%d1%80%d0%b0%d1%86%d0%b8%d0%b8\\\/%d0%b3%d1%80%d1%83%d0%b4%d1%8c\\\/%d1%83%d0%b2%d0%b5%d0%bb%d0%b8%d1%87%d0%b5%d0%bd%d0%b8%d0%b5-%d0%b3%d1%80%d1%83%d0%b4%d0%b8\\\/%d0%bd%d0%b0%d1%82%d1%83%d1%80%d0%b0%d0%bb%d1%8c%d0%bd%d1%8b%d0%b9\\\/\",\"name\":\"\u0423\u0432\u0435\u043b\u0438\u0447\u0435\u043d\u0438\u0435 \u0433\u0440\u0443\u0434\u0438 \u0441 \u0438\u0441\u043f\u043e\u043b\u044c\u0437\u043e\u0432\u0430\u043d\u0438\u0435\u043c \u0436\u0438\u0440\u043e\u0432\u043e\u0439 \u0442\u043a\u0430\u043d\u0438 \u043f\u0430\u0446\u0438\u0435\u043d\u0442\u0430 - Concept Clinic\",\"isPartOf\":{\"@id\":\"https:\\\/\\\/concept-clinic.ch\\\/ru\\\/#website\"},\"primaryImageOfPage\":{\"@id\":\"https:\\\/\\\/concept-clinic.ch\\\/ru\\\/%d0%be%d0%bf%d0%b5%d1%80%d0%b0%d1%86%d0%b8%d0%b8\\\/%d0%b3%d1%80%d1%83%d0%b4%d1%8c\\\/%d1%83%d0%b2%d0%b5%d0%bb%d0%b8%d1%87%d0%b5%d0%bd%d0%b8%d0%b5-%d0%b3%d1%80%d1%83%d0%b4%d0%b8\\\/%d0%bd%d0%b0%d1%82%d1%83%d1%80%d0%b0%d0%bb%d1%8c%d0%bd%d1%8b%d0%b9\\\/#primaryimage\"},\"image\":{\"@id\":\"https:\\\/\\\/concept-clinic.ch\\\/ru\\\/%d0%be%d0%bf%d0%b5%d1%80%d0%b0%d1%86%d0%b8%d0%b8\\\/%d0%b3%d1%80%d1%83%d0%b4%d1%8c\\\/%d1%83%d0%b2%d0%b5%d0%bb%d0%b8%d1%87%d0%b5%d0%bd%d0%b8%d0%b5-%d0%b3%d1%80%d1%83%d0%b4%d0%b8\\\/%d0%bd%d0%b0%d1%82%d1%83%d1%80%d0%b0%d0%bb%d1%8c%d0%bd%d1%8b%d0%b9\\\/#primaryimage\"},\"thumbnailUrl\":\"https:\\\/\\\/concept-clinic.ch\\\/wp-content\\\/uploads\\\/2022\\\/10\\\/chirurgie-esthetique-concept-clinic-gauche.jpg\",\"datePublished\":\"2022-10-20T16:37:35+00:00\",\"dateModified\":\"2023-01-26T09:59:57+00:00\",\"description\":\"Une augmentation mammaire par greffe de graisse ou lipofilling est une technique qui permet d'exploiter votre propre tissu graisseux pour mettre en valeur votre poitrine de mani\u00e8re naturelle.\",\"breadcrumb\":{\"@id\":\"https:\\\/\\\/concept-clinic.ch\\\/ru\\\/%d0%be%d0%bf%d0%b5%d1%80%d0%b0%d1%86%d0%b8%d0%b8\\\/%d0%b3%d1%80%d1%83%d0%b4%d1%8c\\\/%d1%83%d0%b2%d0%b5%d0%bb%d0%b8%d1%87%d0%b5%d0%bd%d0%b8%d0%b5-%d0%b3%d1%80%d1%83%d0%b4%d0%b8\\\/%d0%bd%d0%b0%d1%82%d1%83%d1%80%d0%b0%d0%bb%d1%8c%d0%bd%d1%8b%d0%b9\\\/#breadcrumb\"},\"inLanguage\":\"ru-RU\",\"potentialAction\":[{\"@type\":\"ReadAction\",\"target\":[\"https:\\\/\\\/concept-clinic.ch\\\/ru\\\/%d0%be%d0%bf%d0%b5%d1%80%d0%b0%d1%86%d0%b8%d0%b8\\\/%d0%b3%d1%80%d1%83%d0%b4%d1%8c\\\/%d1%83%d0%b2%d0%b5%d0%bb%d0%b8%d1%87%d0%b5%d0%bd%d0%b8%d0%b5-%d0%b3%d1%80%d1%83%d0%b4%d0%b8\\\/%d0%bd%d0%b0%d1%82%d1%83%d1%80%d0%b0%d0%bb%d1%8c%d0%bd%d1%8b%d0%b9\\\/\"]}]},{\"@type\":\"ImageObject\",\"inLanguage\":\"ru-RU\",\"@id\":\"https:\\\/\\\/concept-clinic.ch\\\/ru\\\/%d0%be%d0%bf%d0%b5%d1%80%d0%b0%d1%86%d0%b8%d0%b8\\\/%d0%b3%d1%80%d1%83%d0%b4%d1%8c\\\/%d1%83%d0%b2%d0%b5%d0%bb%d0%b8%d1%87%d0%b5%d0%bd%d0%b8%d0%b5-%d0%b3%d1%80%d1%83%d0%b4%d0%b8\\\/%d0%bd%d0%b0%d1%82%d1%83%d1%80%d0%b0%d0%bb%d1%8c%d0%bd%d1%8b%d0%b9\\\/#primaryimage\",\"url\":\"https:\\\/\\\/concept-clinic.ch\\\/wp-content\\\/uploads\\\/2022\\\/10\\\/chirurgie-esthetique-concept-clinic-gauche.jpg\",\"contentUrl\":\"https:\\\/\\\/concept-clinic.ch\\\/wp-content\\\/uploads\\\/2022\\\/10\\\/chirurgie-esthetique-concept-clinic-gauche.jpg\",\"width\":780,\"height\":1280,\"caption\":\"A woman with Breast surgery in Geneva\"},{\"@type\":\"BreadcrumbList\",\"@id\":\"https:\\\/\\\/concept-clinic.ch\\\/ru\\\/%d0%be%d0%bf%d0%b5%d1%80%d0%b0%d1%86%d0%b8%d0%b8\\\/%d0%b3%d1%80%d1%83%d0%b4%d1%8c\\\/%d1%83%d0%b2%d0%b5%d0%bb%d0%b8%d1%87%d0%b5%d0%bd%d0%b8%d0%b5-%d0%b3%d1%80%d1%83%d0%b4%d0%b8\\\/%d0%bd%d0%b0%d1%82%d1%83%d1%80%d0%b0%d0%bb%d1%8c%d0%bd%d1%8b%d0%b9\\\/#breadcrumb\",\"itemListElement\":[{\"@type\":\"ListItem\",\"position\":1,\"name\":\"Accueil\",\"item\":\"https:\\\/\\\/concept-clinic.ch\\\/ru\\\/\"},{\"@type\":\"ListItem\",\"position\":2,\"name\":\"\u041f\u043b\u0430\u0441\u0442\u0438\u0447\u0435\u0441\u043a\u0430\u044f \u0445\u0438\u0440\u0443\u0440\u0433\u0438\u044f \u0432 \u0416\u0435\u043d\u0435\u0432\u0435\",\"item\":\"https:\\\/\\\/concept-clinic.ch\\\/ru\\\/%d0%be%d0%bf%d0%b5%d1%80%d0%b0%d1%86%d0%b8%d0%b8\\\/\"},{\"@type\":\"ListItem\",\"position\":3,\"name\":\"\u0413\u0440\u0443\u0434\u044c \u0432 \u0416\u0435\u043d\u0435\u0432\u0435\",\"item\":\"https:\\\/\\\/concept-clinic.ch\\\/ru\\\/%d0%be%d0%bf%d0%b5%d1%80%d0%b0%d1%86%d0%b8%d0%b8\\\/%d0%b3%d1%80%d1%83%d0%b4%d1%8c\\\/\"},{\"@type\":\"ListItem\",\"position\":4,\"name\":\"\u0423\u0432\u0435\u043b\u0438\u0447\u0435\u043d\u0438\u0435 \u0433\u0440\u0443\u0434\u0438 \u0432 \u0416\u0435\u043d\u0435\u0432\u0435\",\"item\":\"https:\\\/\\\/concept-clinic.ch\\\/ru\\\/%d0%be%d0%bf%d0%b5%d1%80%d0%b0%d1%86%d0%b8%d0%b8\\\/%d0%b3%d1%80%d1%83%d0%b4%d1%8c\\\/%d1%83%d0%b2%d0%b5%d0%bb%d0%b8%d1%87%d0%b5%d0%bd%d0%b8%d0%b5-%d0%b3%d1%80%d1%83%d0%b4%d0%b8\\\/\"},{\"@type\":\"ListItem\",\"position\":5,\"name\":\"\u0423\u0432\u0435\u043b\u0438\u0447\u0435\u043d\u0438\u0435 \u0433\u0440\u0443\u0434\u0438 \u0441 \u0438\u0441\u043f\u043e\u043b\u044c\u0437\u043e\u0432\u0430\u043d\u0438\u0435\u043c \u0436\u0438\u0440\u043e\u0432\u043e\u0439 \u0442\u043a\u0430\u043d\u0438 \u043f\u0430\u0446\u0438\u0435\u043d\u0442\u0430 \u0432 \u0416\u0435\u043d\u0435\u0432\u0435\"}]},{\"@type\":\"WebSite\",\"@id\":\"https:\\\/\\\/concept-clinic.ch\\\/ru\\\/#website\",\"url\":\"https:\\\/\\\/concept-clinic.ch\\\/ru\\\/\",\"name\":\"Dr Schlaudraff | Concept Clinic\",\"description\":\"Clinique de chirurgie &amp; de m\u00e9decine esth\u00e9tique \u00e0 Gen\u00e8ve\",\"publisher\":{\"@id\":\"https:\\\/\\\/concept-clinic.ch\\\/ru\\\/#organization\"},\"alternateName\":\"Concept Clinic\",\"potentialAction\":[{\"@type\":\"SearchAction\",\"target\":{\"@type\":\"EntryPoint\",\"urlTemplate\":\"https:\\\/\\\/concept-clinic.ch\\\/ru\\\/?s={search_term_string}\"},\"query-input\":{\"@type\":\"PropertyValueSpecification\",\"valueRequired\":true,\"valueName\":\"search_term_string\"}}],\"inLanguage\":\"ru-RU\"},{\"@type\":\"Organization\",\"@id\":\"https:\\\/\\\/concept-clinic.ch\\\/ru\\\/#organization\",\"name\":\"Dr Schlaudraff | Concept Clinic\",\"alternateName\":\"Concept Clinic\",\"url\":\"https:\\\/\\\/concept-clinic.ch\\\/ru\\\/\",\"logo\":{\"@type\":\"ImageObject\",\"inLanguage\":\"ru-RU\",\"@id\":\"https:\\\/\\\/concept-clinic.ch\\\/ru\\\/#\\\/schema\\\/logo\\\/image\\\/\",\"url\":\"https:\\\/\\\/concept-clinic.ch\\\/wp-content\\\/uploads\\\/2023\\\/11\\\/Capture-decran-2023-11-16-a-08.44.56.png\",\"contentUrl\":\"https:\\\/\\\/concept-clinic.ch\\\/wp-content\\\/uploads\\\/2023\\\/11\\\/Capture-decran-2023-11-16-a-08.44.56.png\",\"width\":292,\"height\":144,\"caption\":\"Dr Schlaudraff | Concept Clinic\"},\"image\":{\"@id\":\"https:\\\/\\\/concept-clinic.ch\\\/ru\\\/#\\\/schema\\\/logo\\\/image\\\/\"},\"sameAs\":[\"https:\\\/\\\/www.facebook.com\\\/p\\\/Concept-Clinic-100069028287117\\\/?paipv=0&eav=AfYuwN39e-xs2uLRvzuAZWTzJLyRb7bpj-N1BdRN5mulHoituiZpJYZpLOVv-wJDQYU&_rdr\"]}]}<\/script>\n<!-- \/ Yoast SEO plugin. -->","yoast_head_json":{"title":"\u0423\u0432\u0435\u043b\u0438\u0447\u0435\u043d\u0438\u0435 \u0433\u0440\u0443\u0434\u0438 \u0441 \u0438\u0441\u043f\u043e\u043b\u044c\u0437\u043e\u0432\u0430\u043d\u0438\u0435\u043c \u0436\u0438\u0440\u043e\u0432\u043e\u0439 \u0442\u043a\u0430\u043d\u0438 \u043f\u0430\u0446\u0438\u0435\u043d\u0442\u0430 - Concept Clinic","description":"Une augmentation mammaire par greffe de graisse ou lipofilling est une technique qui permet d'exploiter votre propre tissu graisseux pour mettre en valeur votre poitrine de mani\u00e8re naturelle.","robots":{"index":"index","follow":"follow","max-snippet":"max-snippet:-1","max-image-preview":"max-image-preview:large","max-video-preview":"max-video-preview:-1"},"canonical":"https:\/\/concept-clinic.ch\/ru\/%d0%be%d0%bf%d0%b5%d1%80%d0%b0%d1%86%d0%b8%d0%b8\/%d0%b3%d1%80%d1%83%d0%b4%d1%8c\/%d1%83%d0%b2%d0%b5%d0%bb%d0%b8%d1%87%d0%b5%d0%bd%d0%b8%d0%b5-%d0%b3%d1%80%d1%83%d0%b4%d0%b8\/%d0%bd%d0%b0%d1%82%d1%83%d1%80%d0%b0%d0%bb%d1%8c%d0%bd%d1%8b%d0%b9\/","og_locale":"ru_RU","og_type":"article","og_title":"\u0423\u0432\u0435\u043b\u0438\u0447\u0435\u043d\u0438\u0435 \u0433\u0440\u0443\u0434\u0438 \u0441 \u0438\u0441\u043f\u043e\u043b\u044c\u0437\u043e\u0432\u0430\u043d\u0438\u0435\u043c \u0436\u0438\u0440\u043e\u0432\u043e\u0439 \u0442\u043a\u0430\u043d\u0438 \u043f\u0430\u0446\u0438\u0435\u043d\u0442\u0430 - Concept Clinic","og_description":"Une augmentation mammaire par greffe de graisse ou lipofilling est une technique qui permet d'exploiter votre propre tissu graisseux pour mettre en valeur votre poitrine de mani\u00e8re naturelle.","og_url":"https:\/\/concept-clinic.ch\/ru\/%d0%be%d0%bf%d0%b5%d1%80%d0%b0%d1%86%d0%b8%d0%b8\/%d0%b3%d1%80%d1%83%d0%b4%d1%8c\/%d1%83%d0%b2%d0%b5%d0%bb%d0%b8%d1%87%d0%b5%d0%bd%d0%b8%d0%b5-%d0%b3%d1%80%d1%83%d0%b4%d0%b8\/%d0%bd%d0%b0%d1%82%d1%83%d1%80%d0%b0%d0%bb%d1%8c%d0%bd%d1%8b%d0%b9\/","og_site_name":"Chirurgie esth\u00e9tique Gen\u00e8ve","article_publisher":"https:\/\/www.facebook.com\/p\/Concept-Clinic-100069028287117\/?paipv=0&eav=AfYuwN39e-xs2uLRvzuAZWTzJLyRb7bpj-N1BdRN5mulHoituiZpJYZpLOVv-wJDQYU&_rdr","article_modified_time":"2023-01-26T09:59:57+00:00","og_image":[{"width":780,"height":1280,"url":"https:\/\/concept-clinic.ch\/wp-content\/uploads\/2022\/10\/chirurgie-esthetique-concept-clinic-gauche.jpg","type":"image\/jpeg"}],"twitter_card":"summary_large_image","schema":{"@context":"https:\/\/schema.org","@graph":[{"@type":"WebPage","@id":"https:\/\/concept-clinic.ch\/ru\/%d0%be%d0%bf%d0%b5%d1%80%d0%b0%d1%86%d0%b8%d0%b8\/%d0%b3%d1%80%d1%83%d0%b4%d1%8c\/%d1%83%d0%b2%d0%b5%d0%bb%d0%b8%d1%87%d0%b5%d0%bd%d0%b8%d0%b5-%d0%b3%d1%80%d1%83%d0%b4%d0%b8\/%d0%bd%d0%b0%d1%82%d1%83%d1%80%d0%b0%d0%bb%d1%8c%d0%bd%d1%8b%d0%b9\/","url":"https:\/\/concept-clinic.ch\/ru\/%d0%be%d0%bf%d0%b5%d1%80%d0%b0%d1%86%d0%b8%d0%b8\/%d0%b3%d1%80%d1%83%d0%b4%d1%8c\/%d1%83%d0%b2%d0%b5%d0%bb%d0%b8%d1%87%d0%b5%d0%bd%d0%b8%d0%b5-%d0%b3%d1%80%d1%83%d0%b4%d0%b8\/%d0%bd%d0%b0%d1%82%d1%83%d1%80%d0%b0%d0%bb%d1%8c%d0%bd%d1%8b%d0%b9\/","name":"\u0423\u0432\u0435\u043b\u0438\u0447\u0435\u043d\u0438\u0435 \u0433\u0440\u0443\u0434\u0438 \u0441 \u0438\u0441\u043f\u043e\u043b\u044c\u0437\u043e\u0432\u0430\u043d\u0438\u0435\u043c \u0436\u0438\u0440\u043e\u0432\u043e\u0439 \u0442\u043a\u0430\u043d\u0438 \u043f\u0430\u0446\u0438\u0435\u043d\u0442\u0430 - Concept Clinic","isPartOf":{"@id":"https:\/\/concept-clinic.ch\/ru\/#website"},"primaryImageOfPage":{"@id":"https:\/\/concept-clinic.ch\/ru\/%d0%be%d0%bf%d0%b5%d1%80%d0%b0%d1%86%d0%b8%d0%b8\/%d0%b3%d1%80%d1%83%d0%b4%d1%8c\/%d1%83%d0%b2%d0%b5%d0%bb%d0%b8%d1%87%d0%b5%d0%bd%d0%b8%d0%b5-%d0%b3%d1%80%d1%83%d0%b4%d0%b8\/%d0%bd%d0%b0%d1%82%d1%83%d1%80%d0%b0%d0%bb%d1%8c%d0%bd%d1%8b%d0%b9\/#primaryimage"},"image":{"@id":"https:\/\/concept-clinic.ch\/ru\/%d0%be%d0%bf%d0%b5%d1%80%d0%b0%d1%86%d0%b8%d0%b8\/%d0%b3%d1%80%d1%83%d0%b4%d1%8c\/%d1%83%d0%b2%d0%b5%d0%bb%d0%b8%d1%87%d0%b5%d0%bd%d0%b8%d0%b5-%d0%b3%d1%80%d1%83%d0%b4%d0%b8\/%d0%bd%d0%b0%d1%82%d1%83%d1%80%d0%b0%d0%bb%d1%8c%d0%bd%d1%8b%d0%b9\/#primaryimage"},"thumbnailUrl":"https:\/\/concept-clinic.ch\/wp-content\/uploads\/2022\/10\/chirurgie-esthetique-concept-clinic-gauche.jpg","datePublished":"2022-10-20T16:37:35+00:00","dateModified":"2023-01-26T09:59:57+00:00","description":"Une augmentation mammaire par greffe de graisse ou lipofilling est une technique qui permet d'exploiter votre propre tissu graisseux pour mettre en valeur votre poitrine de mani\u00e8re naturelle.","breadcrumb":{"@id":"https:\/\/concept-clinic.ch\/ru\/%d0%be%d0%bf%d0%b5%d1%80%d0%b0%d1%86%d0%b8%d0%b8\/%d0%b3%d1%80%d1%83%d0%b4%d1%8c\/%d1%83%d0%b2%d0%b5%d0%bb%d0%b8%d1%87%d0%b5%d0%bd%d0%b8%d0%b5-%d0%b3%d1%80%d1%83%d0%b4%d0%b8\/%d0%bd%d0%b0%d1%82%d1%83%d1%80%d0%b0%d0%bb%d1%8c%d0%bd%d1%8b%d0%b9\/#breadcrumb"},"inLanguage":"ru-RU","potentialAction":[{"@type":"ReadAction","target":["https:\/\/concept-clinic.ch\/ru\/%d0%be%d0%bf%d0%b5%d1%80%d0%b0%d1%86%d0%b8%d0%b8\/%d0%b3%d1%80%d1%83%d0%b4%d1%8c\/%d1%83%d0%b2%d0%b5%d0%bb%d0%b8%d1%87%d0%b5%d0%bd%d0%b8%d0%b5-%d0%b3%d1%80%d1%83%d0%b4%d0%b8\/%d0%bd%d0%b0%d1%82%d1%83%d1%80%d0%b0%d0%bb%d1%8c%d0%bd%d1%8b%d0%b9\/"]}]},{"@type":"ImageObject","inLanguage":"ru-RU","@id":"https:\/\/concept-clinic.ch\/ru\/%d0%be%d0%bf%d0%b5%d1%80%d0%b0%d1%86%d0%b8%d0%b8\/%d0%b3%d1%80%d1%83%d0%b4%d1%8c\/%d1%83%d0%b2%d0%b5%d0%bb%d0%b8%d1%87%d0%b5%d0%bd%d0%b8%d0%b5-%d0%b3%d1%80%d1%83%d0%b4%d0%b8\/%d0%bd%d0%b0%d1%82%d1%83%d1%80%d0%b0%d0%bb%d1%8c%d0%bd%d1%8b%d0%b9\/#primaryimage","url":"https:\/\/concept-clinic.ch\/wp-content\/uploads\/2022\/10\/chirurgie-esthetique-concept-clinic-gauche.jpg","contentUrl":"https:\/\/concept-clinic.ch\/wp-content\/uploads\/2022\/10\/chirurgie-esthetique-concept-clinic-gauche.jpg","width":780,"height":1280,"caption":"A woman with Breast surgery in Geneva"},{"@type":"BreadcrumbList","@id":"https:\/\/concept-clinic.ch\/ru\/%d0%be%d0%bf%d0%b5%d1%80%d0%b0%d1%86%d0%b8%d0%b8\/%d0%b3%d1%80%d1%83%d0%b4%d1%8c\/%d1%83%d0%b2%d0%b5%d0%bb%d0%b8%d1%87%d0%b5%d0%bd%d0%b8%d0%b5-%d0%b3%d1%80%d1%83%d0%b4%d0%b8\/%d0%bd%d0%b0%d1%82%d1%83%d1%80%d0%b0%d0%bb%d1%8c%d0%bd%d1%8b%d0%b9\/#breadcrumb","itemListElement":[{"@type":"ListItem","position":1,"name":"Accueil","item":"https:\/\/concept-clinic.ch\/ru\/"},{"@type":"ListItem","position":2,"name":"\u041f\u043b\u0430\u0441\u0442\u0438\u0447\u0435\u0441\u043a\u0430\u044f \u0445\u0438\u0440\u0443\u0440\u0433\u0438\u044f \u0432 \u0416\u0435\u043d\u0435\u0432\u0435","item":"https:\/\/concept-clinic.ch\/ru\/%d0%be%d0%bf%d0%b5%d1%80%d0%b0%d1%86%d0%b8%d0%b8\/"},{"@type":"ListItem","position":3,"name":"\u0413\u0440\u0443\u0434\u044c \u0432 \u0416\u0435\u043d\u0435\u0432\u0435","item":"https:\/\/concept-clinic.ch\/ru\/%d0%be%d0%bf%d0%b5%d1%80%d0%b0%d1%86%d0%b8%d0%b8\/%d0%b3%d1%80%d1%83%d0%b4%d1%8c\/"},{"@type":"ListItem","position":4,"name":"\u0423\u0432\u0435\u043b\u0438\u0447\u0435\u043d\u0438\u0435 \u0433\u0440\u0443\u0434\u0438 \u0432 \u0416\u0435\u043d\u0435\u0432\u0435","item":"https:\/\/concept-clinic.ch\/ru\/%d0%be%d0%bf%d0%b5%d1%80%d0%b0%d1%86%d0%b8%d0%b8\/%d0%b3%d1%80%d1%83%d0%b4%d1%8c\/%d1%83%d0%b2%d0%b5%d0%bb%d0%b8%d1%87%d0%b5%d0%bd%d0%b8%d0%b5-%d0%b3%d1%80%d1%83%d0%b4%d0%b8\/"},{"@type":"ListItem","position":5,"name":"\u0423\u0432\u0435\u043b\u0438\u0447\u0435\u043d\u0438\u0435 \u0433\u0440\u0443\u0434\u0438 \u0441 \u0438\u0441\u043f\u043e\u043b\u044c\u0437\u043e\u0432\u0430\u043d\u0438\u0435\u043c \u0436\u0438\u0440\u043e\u0432\u043e\u0439 \u0442\u043a\u0430\u043d\u0438 \u043f\u0430\u0446\u0438\u0435\u043d\u0442\u0430 \u0432 \u0416\u0435\u043d\u0435\u0432\u0435"}]},{"@type":"WebSite","@id":"https:\/\/concept-clinic.ch\/ru\/#website","url":"https:\/\/concept-clinic.ch\/ru\/","name":"Dr Schlaudraff | Concept Clinic","description":"Clinique de chirurgie &amp; de m\u00e9decine esth\u00e9tique \u00e0 Gen\u00e8ve","publisher":{"@id":"https:\/\/concept-clinic.ch\/ru\/#organization"},"alternateName":"Concept Clinic","potentialAction":[{"@type":"SearchAction","target":{"@type":"EntryPoint","urlTemplate":"https:\/\/concept-clinic.ch\/ru\/?s={search_term_string}"},"query-input":{"@type":"PropertyValueSpecification","valueRequired":true,"valueName":"search_term_string"}}],"inLanguage":"ru-RU"},{"@type":"Organization","@id":"https:\/\/concept-clinic.ch\/ru\/#organization","name":"Dr Schlaudraff | Concept Clinic","alternateName":"Concept Clinic","url":"https:\/\/concept-clinic.ch\/ru\/","logo":{"@type":"ImageObject","inLanguage":"ru-RU","@id":"https:\/\/concept-clinic.ch\/ru\/#\/schema\/logo\/image\/","url":"https:\/\/concept-clinic.ch\/wp-content\/uploads\/2023\/11\/Capture-decran-2023-11-16-a-08.44.56.png","contentUrl":"https:\/\/concept-clinic.ch\/wp-content\/uploads\/2023\/11\/Capture-decran-2023-11-16-a-08.44.56.png","width":292,"height":144,"caption":"Dr Schlaudraff | Concept Clinic"},"image":{"@id":"https:\/\/concept-clinic.ch\/ru\/#\/schema\/logo\/image\/"},"sameAs":["https:\/\/www.facebook.com\/p\/Concept-Clinic-100069028287117\/?paipv=0&eav=AfYuwN39e-xs2uLRvzuAZWTzJLyRb7bpj-N1BdRN5mulHoituiZpJYZpLOVv-wJDQYU&_rdr"]}]}},"_links":{"self":[{"href":"https:\/\/concept-clinic.ch\/ru\/wp-json\/wp\/v2\/pages\/933","targetHints":{"allow":["GET"]}}],"collection":[{"href":"https:\/\/concept-clinic.ch\/ru\/wp-json\/wp\/v2\/pages"}],"about":[{"href":"https:\/\/concept-clinic.ch\/ru\/wp-json\/wp\/v2\/types\/page"}],"author":[{"embeddable":true,"href":"https:\/\/concept-clinic.ch\/ru\/wp-json\/wp\/v2\/users\/1"}],"replies":[{"embeddable":true,"href":"https:\/\/concept-clinic.ch\/ru\/wp-json\/wp\/v2\/comments?post=933"}],"version-history":[{"count":6,"href":"https:\/\/concept-clinic.ch\/ru\/wp-json\/wp\/v2\/pages\/933\/revisions"}],"predecessor-version":[{"id":1901,"href":"https:\/\/concept-clinic.ch\/ru\/wp-json\/wp\/v2\/pages\/933\/revisions\/1901"}],"up":[{"embeddable":true,"href":"https:\/\/concept-clinic.ch\/ru\/wp-json\/wp\/v2\/pages\/918"}],"wp:featuredmedia":[{"embeddable":true,"href":"https:\/\/concept-clinic.ch\/ru\/wp-json\/wp\/v2\/media\/776"}],"wp:attachment":[{"href":"https:\/\/concept-clinic.ch\/ru\/wp-json\/wp\/v2\/media?parent=933"}],"curies":[{"name":"wp","href":"https:\/\/api.w.org\/{rel}","templated":true}]}}