{"id":909,"date":"2022-10-21T09:39:18","date_gmt":"2022-10-21T07:39:18","guid":{"rendered":"https:\/\/concept-clinic.ch\/corps-apres-menopause\/"},"modified":"2023-01-26T11:00:00","modified_gmt":"2023-01-26T10:00:00","slug":"%d0%bc%d0%b5%d0%bd%d0%be%d0%bf%d0%b0%d1%83%d0%b7%d0%b0","status":"publish","type":"page","link":"https:\/\/concept-clinic.ch\/ru\/%d0%be%d0%bf%d0%b5%d1%80%d0%b0%d1%86%d0%b8%d0%b8\/%d1%82%d0%b5%d0%bb%d0%be\/%d0%bc%d0%b5%d0%bd%d0%be%d0%bf%d0%b0%d1%83%d0%b7%d0%b0\/","title":{"rendered":"\u041c\u0435\u043d\u043e\u043f\u0430\u0443\u0437\u0430 \u0432 \u0416\u0435\u043d\u0435\u0432\u0435"},"content":{"rendered":"","protected":false},"excerpt":{"rendered":"","protected":false},"author":1,"featured_media":1521,"parent":947,"menu_order":103,"comment_status":"closed","ping_status":"closed","template":"templates\/page-intervention.php","meta":{"_acf_changed":false,"footnotes":""},"class_list":["post-909","page","type-page","status-publish","has-post-thumbnail","hentry","entry"],"acf":[],"yoast_head":"<!-- This site is optimized with the Yoast SEO plugin v27.3 - https:\/\/yoast.com\/product\/yoast-seo-wordpress\/ -->\n<title>\u041c\u0435\u043d\u043e\u043f\u0430\u0443\u0437\u0430 \u0432 \u0416\u0435\u043d\u0435\u0432\u0435 | Dr Schlaudraff | Concept Clinic<\/title>\n<meta name=\"description\" content=\"\u0412 \u043e\u043f\u0440\u0435\u0434\u0435\u043b\u0435\u043d\u043d\u044b\u0439 \u043c\u043e\u043c\u0435\u043d\u0442 \u0432 \u0436\u0438\u0437\u043d\u0438 \u043a\u0430\u0436\u0434\u043e\u0439 \u0436\u0435\u043d\u0449\u0438\u043d\u044b \u043d\u0430\u0441\u0442\u0443\u043f\u0430\u0435\u0442 \u043c\u0435\u043d\u043e\u043f\u0430\u0443\u0437\u0430, \u0438\u043b\u0438 \u043a\u043b\u0438\u043c\u0430\u043a\u0441. \u0414\u043b\u044f \u0431\u043e\u043b\u044c\u0448\u0438\u043d\u0441\u0442\u0432\u0430 \u043f\u0440\u0435\u0434\u0441\u0442\u0430\u0432\u0438\u0442\u0435\u043b\u044c\u043d\u0438\u0446 \u043f\u0440\u0435\u043a\u0440\u0430\u0441\u043d\u043e\u0433\u043e \u043f\u043e\u043b\u0430...\" \/>\n<meta name=\"robots\" content=\"index, follow, max-snippet:-1, max-image-preview:large, max-video-preview:-1\" \/>\n<link rel=\"canonical\" href=\"https:\/\/concept-clinic.ch\/ru\/%d0%be%d0%bf%d0%b5%d1%80%d0%b0%d1%86%d0%b8%d0%b8\/%d1%82%d0%b5%d0%bb%d0%be\/%d0%bc%d0%b5%d0%bd%d0%be%d0%bf%d0%b0%d1%83%d0%b7%d0%b0\/\" \/>\n<meta property=\"og:locale\" content=\"ru_RU\" \/>\n<meta property=\"og:type\" content=\"article\" \/>\n<meta property=\"og:title\" content=\"\u041c\u0435\u043d\u043e\u043f\u0430\u0443\u0437\u0430 \u0432 \u0416\u0435\u043d\u0435\u0432\u0435 | Dr Schlaudraff | Concept Clinic\" \/>\n<meta property=\"og:description\" content=\"\u0412 \u043e\u043f\u0440\u0435\u0434\u0435\u043b\u0435\u043d\u043d\u044b\u0439 \u043c\u043e\u043c\u0435\u043d\u0442 \u0432 \u0436\u0438\u0437\u043d\u0438 \u043a\u0430\u0436\u0434\u043e\u0439 \u0436\u0435\u043d\u0449\u0438\u043d\u044b \u043d\u0430\u0441\u0442\u0443\u043f\u0430\u0435\u0442 \u043c\u0435\u043d\u043e\u043f\u0430\u0443\u0437\u0430, \u0438\u043b\u0438 \u043a\u043b\u0438\u043c\u0430\u043a\u0441. \u0414\u043b\u044f \u0431\u043e\u043b\u044c\u0448\u0438\u043d\u0441\u0442\u0432\u0430 \u043f\u0440\u0435\u0434\u0441\u0442\u0430\u0432\u0438\u0442\u0435\u043b\u044c\u043d\u0438\u0446 \u043f\u0440\u0435\u043a\u0440\u0430\u0441\u043d\u043e\u0433\u043e \u043f\u043e\u043b\u0430...\" \/>\n<meta property=\"og:url\" content=\"https:\/\/concept-clinic.ch\/ru\/%d0%be%d0%bf%d0%b5%d1%80%d0%b0%d1%86%d0%b8%d0%b8\/%d1%82%d0%b5%d0%bb%d0%be\/%d0%bc%d0%b5%d0%bd%d0%be%d0%bf%d0%b0%d1%83%d0%b7%d0%b0\/\" \/>\n<meta property=\"og:site_name\" content=\"Chirurgie esth\u00e9tique Gen\u00e8ve\" \/>\n<meta property=\"article:publisher\" content=\"https:\/\/www.facebook.com\/p\/Concept-Clinic-100069028287117\/?paipv=0&amp;eav=AfYuwN39e-xs2uLRvzuAZWTzJLyRb7bpj-N1BdRN5mulHoituiZpJYZpLOVv-wJDQYU&amp;_rdr\" \/>\n<meta property=\"article:modified_time\" content=\"2023-01-26T10:00:00+00:00\" \/>\n<meta property=\"og:image\" content=\"https:\/\/concept-clinic.ch\/wp-content\/uploads\/2022\/12\/chirurgie-esthetique-corps-concept-clinic-back.jpg\" \/>\n\t<meta property=\"og:image:width\" content=\"780\" \/>\n\t<meta property=\"og:image:height\" content=\"1280\" \/>\n\t<meta property=\"og:image:type\" content=\"image\/jpeg\" \/>\n<meta name=\"twitter:card\" content=\"summary_large_image\" \/>\n<script type=\"application\/ld+json\" class=\"yoast-schema-graph\">{\"@context\":\"https:\\\/\\\/schema.org\",\"@graph\":[{\"@type\":\"WebPage\",\"@id\":\"https:\\\/\\\/concept-clinic.ch\\\/ru\\\/%d0%be%d0%bf%d0%b5%d1%80%d0%b0%d1%86%d0%b8%d0%b8\\\/%d1%82%d0%b5%d0%bb%d0%be\\\/%d0%bc%d0%b5%d0%bd%d0%be%d0%bf%d0%b0%d1%83%d0%b7%d0%b0\\\/\",\"url\":\"https:\\\/\\\/concept-clinic.ch\\\/ru\\\/%d0%be%d0%bf%d0%b5%d1%80%d0%b0%d1%86%d0%b8%d0%b8\\\/%d1%82%d0%b5%d0%bb%d0%be\\\/%d0%bc%d0%b5%d0%bd%d0%be%d0%bf%d0%b0%d1%83%d0%b7%d0%b0\\\/\",\"name\":\"\u041c\u0435\u043d\u043e\u043f\u0430\u0443\u0437\u0430 \u0432 \u0416\u0435\u043d\u0435\u0432\u0435 | Dr Schlaudraff | Concept Clinic\",\"isPartOf\":{\"@id\":\"https:\\\/\\\/concept-clinic.ch\\\/ru\\\/#website\"},\"primaryImageOfPage\":{\"@id\":\"https:\\\/\\\/concept-clinic.ch\\\/ru\\\/%d0%be%d0%bf%d0%b5%d1%80%d0%b0%d1%86%d0%b8%d0%b8\\\/%d1%82%d0%b5%d0%bb%d0%be\\\/%d0%bc%d0%b5%d0%bd%d0%be%d0%bf%d0%b0%d1%83%d0%b7%d0%b0\\\/#primaryimage\"},\"image\":{\"@id\":\"https:\\\/\\\/concept-clinic.ch\\\/ru\\\/%d0%be%d0%bf%d0%b5%d1%80%d0%b0%d1%86%d0%b8%d0%b8\\\/%d1%82%d0%b5%d0%bb%d0%be\\\/%d0%bc%d0%b5%d0%bd%d0%be%d0%bf%d0%b0%d1%83%d0%b7%d0%b0\\\/#primaryimage\"},\"thumbnailUrl\":\"https:\\\/\\\/concept-clinic.ch\\\/wp-content\\\/uploads\\\/2022\\\/12\\\/chirurgie-esthetique-corps-concept-clinic-back.jpg\",\"datePublished\":\"2022-10-21T07:39:18+00:00\",\"dateModified\":\"2023-01-26T10:00:00+00:00\",\"description\":\"\u0412 \u043e\u043f\u0440\u0435\u0434\u0435\u043b\u0435\u043d\u043d\u044b\u0439 \u043c\u043e\u043c\u0435\u043d\u0442 \u0432 \u0436\u0438\u0437\u043d\u0438 \u043a\u0430\u0436\u0434\u043e\u0439 \u0436\u0435\u043d\u0449\u0438\u043d\u044b \u043d\u0430\u0441\u0442\u0443\u043f\u0430\u0435\u0442 \u043c\u0435\u043d\u043e\u043f\u0430\u0443\u0437\u0430, \u0438\u043b\u0438 \u043a\u043b\u0438\u043c\u0430\u043a\u0441. \u0414\u043b\u044f \u0431\u043e\u043b\u044c\u0448\u0438\u043d\u0441\u0442\u0432\u0430 \u043f\u0440\u0435\u0434\u0441\u0442\u0430\u0432\u0438\u0442\u0435\u043b\u044c\u043d\u0438\u0446 \u043f\u0440\u0435\u043a\u0440\u0430\u0441\u043d\u043e\u0433\u043e \u043f\u043e\u043b\u0430...\",\"breadcrumb\":{\"@id\":\"https:\\\/\\\/concept-clinic.ch\\\/ru\\\/%d0%be%d0%bf%d0%b5%d1%80%d0%b0%d1%86%d0%b8%d0%b8\\\/%d1%82%d0%b5%d0%bb%d0%be\\\/%d0%bc%d0%b5%d0%bd%d0%be%d0%bf%d0%b0%d1%83%d0%b7%d0%b0\\\/#breadcrumb\"},\"inLanguage\":\"ru-RU\",\"potentialAction\":[{\"@type\":\"ReadAction\",\"target\":[\"https:\\\/\\\/concept-clinic.ch\\\/ru\\\/%d0%be%d0%bf%d0%b5%d1%80%d0%b0%d1%86%d0%b8%d0%b8\\\/%d1%82%d0%b5%d0%bb%d0%be\\\/%d0%bc%d0%b5%d0%bd%d0%be%d0%bf%d0%b0%d1%83%d0%b7%d0%b0\\\/\"]}]},{\"@type\":\"ImageObject\",\"inLanguage\":\"ru-RU\",\"@id\":\"https:\\\/\\\/concept-clinic.ch\\\/ru\\\/%d0%be%d0%bf%d0%b5%d1%80%d0%b0%d1%86%d0%b8%d0%b8\\\/%d1%82%d0%b5%d0%bb%d0%be\\\/%d0%bc%d0%b5%d0%bd%d0%be%d0%bf%d0%b0%d1%83%d0%b7%d0%b0\\\/#primaryimage\",\"url\":\"https:\\\/\\\/concept-clinic.ch\\\/wp-content\\\/uploads\\\/2022\\\/12\\\/chirurgie-esthetique-corps-concept-clinic-back.jpg\",\"contentUrl\":\"https:\\\/\\\/concept-clinic.ch\\\/wp-content\\\/uploads\\\/2022\\\/12\\\/chirurgie-esthetique-corps-concept-clinic-back.jpg\",\"width\":780,\"height\":1280,\"caption\":\"Dos d'une femme afin d'illustrer la chirurgie esth\u00e9tique du corps pratiqu\u00e9 chez Concept Clinic \u00e0 Gen\u00e8ve par le Dr. Schlaudraff\"},{\"@type\":\"BreadcrumbList\",\"@id\":\"https:\\\/\\\/concept-clinic.ch\\\/ru\\\/%d0%be%d0%bf%d0%b5%d1%80%d0%b0%d1%86%d0%b8%d0%b8\\\/%d1%82%d0%b5%d0%bb%d0%be\\\/%d0%bc%d0%b5%d0%bd%d0%be%d0%bf%d0%b0%d1%83%d0%b7%d0%b0\\\/#breadcrumb\",\"itemListElement\":[{\"@type\":\"ListItem\",\"position\":1,\"name\":\"Accueil\",\"item\":\"https:\\\/\\\/concept-clinic.ch\\\/ru\\\/\"},{\"@type\":\"ListItem\",\"position\":2,\"name\":\"\u041f\u043b\u0430\u0441\u0442\u0438\u0447\u0435\u0441\u043a\u0430\u044f \u0445\u0438\u0440\u0443\u0440\u0433\u0438\u044f \u0432 \u0416\u0435\u043d\u0435\u0432\u0435\",\"item\":\"https:\\\/\\\/concept-clinic.ch\\\/ru\\\/%d0%be%d0%bf%d0%b5%d1%80%d0%b0%d1%86%d0%b8%d0%b8\\\/\"},{\"@type\":\"ListItem\",\"position\":3,\"name\":\"\u0425\u0438\u0440\u0443\u0440\u0433\u0438\u044f \u0442\u0435\u043b\u043e \u0432 \u0416\u0435\u043d\u0435\u0432\u0435\",\"item\":\"https:\\\/\\\/concept-clinic.ch\\\/ru\\\/%d0%be%d0%bf%d0%b5%d1%80%d0%b0%d1%86%d0%b8%d0%b8\\\/%d1%82%d0%b5%d0%bb%d0%be\\\/\"},{\"@type\":\"ListItem\",\"position\":4,\"name\":\"\u041c\u0435\u043d\u043e\u043f\u0430\u0443\u0437\u0430 \u0432 \u0416\u0435\u043d\u0435\u0432\u0435\"}]},{\"@type\":\"WebSite\",\"@id\":\"https:\\\/\\\/concept-clinic.ch\\\/ru\\\/#website\",\"url\":\"https:\\\/\\\/concept-clinic.ch\\\/ru\\\/\",\"name\":\"Dr Schlaudraff | Concept Clinic\",\"description\":\"Clinique de chirurgie &amp; de m\u00e9decine esth\u00e9tique \u00e0 Gen\u00e8ve\",\"publisher\":{\"@id\":\"https:\\\/\\\/concept-clinic.ch\\\/ru\\\/#organization\"},\"alternateName\":\"Concept Clinic\",\"potentialAction\":[{\"@type\":\"SearchAction\",\"target\":{\"@type\":\"EntryPoint\",\"urlTemplate\":\"https:\\\/\\\/concept-clinic.ch\\\/ru\\\/?s={search_term_string}\"},\"query-input\":{\"@type\":\"PropertyValueSpecification\",\"valueRequired\":true,\"valueName\":\"search_term_string\"}}],\"inLanguage\":\"ru-RU\"},{\"@type\":\"Organization\",\"@id\":\"https:\\\/\\\/concept-clinic.ch\\\/ru\\\/#organization\",\"name\":\"Dr Schlaudraff | Concept Clinic\",\"alternateName\":\"Concept Clinic\",\"url\":\"https:\\\/\\\/concept-clinic.ch\\\/ru\\\/\",\"logo\":{\"@type\":\"ImageObject\",\"inLanguage\":\"ru-RU\",\"@id\":\"https:\\\/\\\/concept-clinic.ch\\\/ru\\\/#\\\/schema\\\/logo\\\/image\\\/\",\"url\":\"https:\\\/\\\/concept-clinic.ch\\\/wp-content\\\/uploads\\\/2023\\\/11\\\/Capture-decran-2023-11-16-a-08.44.56.png\",\"contentUrl\":\"https:\\\/\\\/concept-clinic.ch\\\/wp-content\\\/uploads\\\/2023\\\/11\\\/Capture-decran-2023-11-16-a-08.44.56.png\",\"width\":292,\"height\":144,\"caption\":\"Dr Schlaudraff | Concept Clinic\"},\"image\":{\"@id\":\"https:\\\/\\\/concept-clinic.ch\\\/ru\\\/#\\\/schema\\\/logo\\\/image\\\/\"},\"sameAs\":[\"https:\\\/\\\/www.facebook.com\\\/p\\\/Concept-Clinic-100069028287117\\\/?paipv=0&eav=AfYuwN39e-xs2uLRvzuAZWTzJLyRb7bpj-N1BdRN5mulHoituiZpJYZpLOVv-wJDQYU&_rdr\"]}]}<\/script>\n<!-- \/ Yoast SEO plugin. -->","yoast_head_json":{"title":"\u041c\u0435\u043d\u043e\u043f\u0430\u0443\u0437\u0430 \u0432 \u0416\u0435\u043d\u0435\u0432\u0435 | Dr Schlaudraff | Concept Clinic","description":"\u0412 \u043e\u043f\u0440\u0435\u0434\u0435\u043b\u0435\u043d\u043d\u044b\u0439 \u043c\u043e\u043c\u0435\u043d\u0442 \u0432 \u0436\u0438\u0437\u043d\u0438 \u043a\u0430\u0436\u0434\u043e\u0439 \u0436\u0435\u043d\u0449\u0438\u043d\u044b \u043d\u0430\u0441\u0442\u0443\u043f\u0430\u0435\u0442 \u043c\u0435\u043d\u043e\u043f\u0430\u0443\u0437\u0430, \u0438\u043b\u0438 \u043a\u043b\u0438\u043c\u0430\u043a\u0441. \u0414\u043b\u044f \u0431\u043e\u043b\u044c\u0448\u0438\u043d\u0441\u0442\u0432\u0430 \u043f\u0440\u0435\u0434\u0441\u0442\u0430\u0432\u0438\u0442\u0435\u043b\u044c\u043d\u0438\u0446 \u043f\u0440\u0435\u043a\u0440\u0430\u0441\u043d\u043e\u0433\u043e \u043f\u043e\u043b\u0430...","robots":{"index":"index","follow":"follow","max-snippet":"max-snippet:-1","max-image-preview":"max-image-preview:large","max-video-preview":"max-video-preview:-1"},"canonical":"https:\/\/concept-clinic.ch\/ru\/%d0%be%d0%bf%d0%b5%d1%80%d0%b0%d1%86%d0%b8%d0%b8\/%d1%82%d0%b5%d0%bb%d0%be\/%d0%bc%d0%b5%d0%bd%d0%be%d0%bf%d0%b0%d1%83%d0%b7%d0%b0\/","og_locale":"ru_RU","og_type":"article","og_title":"\u041c\u0435\u043d\u043e\u043f\u0430\u0443\u0437\u0430 \u0432 \u0416\u0435\u043d\u0435\u0432\u0435 | Dr Schlaudraff | Concept Clinic","og_description":"\u0412 \u043e\u043f\u0440\u0435\u0434\u0435\u043b\u0435\u043d\u043d\u044b\u0439 \u043c\u043e\u043c\u0435\u043d\u0442 \u0432 \u0436\u0438\u0437\u043d\u0438 \u043a\u0430\u0436\u0434\u043e\u0439 \u0436\u0435\u043d\u0449\u0438\u043d\u044b \u043d\u0430\u0441\u0442\u0443\u043f\u0430\u0435\u0442 \u043c\u0435\u043d\u043e\u043f\u0430\u0443\u0437\u0430, \u0438\u043b\u0438 \u043a\u043b\u0438\u043c\u0430\u043a\u0441. \u0414\u043b\u044f \u0431\u043e\u043b\u044c\u0448\u0438\u043d\u0441\u0442\u0432\u0430 \u043f\u0440\u0435\u0434\u0441\u0442\u0430\u0432\u0438\u0442\u0435\u043b\u044c\u043d\u0438\u0446 \u043f\u0440\u0435\u043a\u0440\u0430\u0441\u043d\u043e\u0433\u043e \u043f\u043e\u043b\u0430...","og_url":"https:\/\/concept-clinic.ch\/ru\/%d0%be%d0%bf%d0%b5%d1%80%d0%b0%d1%86%d0%b8%d0%b8\/%d1%82%d0%b5%d0%bb%d0%be\/%d0%bc%d0%b5%d0%bd%d0%be%d0%bf%d0%b0%d1%83%d0%b7%d0%b0\/","og_site_name":"Chirurgie esth\u00e9tique Gen\u00e8ve","article_publisher":"https:\/\/www.facebook.com\/p\/Concept-Clinic-100069028287117\/?paipv=0&eav=AfYuwN39e-xs2uLRvzuAZWTzJLyRb7bpj-N1BdRN5mulHoituiZpJYZpLOVv-wJDQYU&_rdr","article_modified_time":"2023-01-26T10:00:00+00:00","og_image":[{"width":780,"height":1280,"url":"https:\/\/concept-clinic.ch\/wp-content\/uploads\/2022\/12\/chirurgie-esthetique-corps-concept-clinic-back.jpg","type":"image\/jpeg"}],"twitter_card":"summary_large_image","schema":{"@context":"https:\/\/schema.org","@graph":[{"@type":"WebPage","@id":"https:\/\/concept-clinic.ch\/ru\/%d0%be%d0%bf%d0%b5%d1%80%d0%b0%d1%86%d0%b8%d0%b8\/%d1%82%d0%b5%d0%bb%d0%be\/%d0%bc%d0%b5%d0%bd%d0%be%d0%bf%d0%b0%d1%83%d0%b7%d0%b0\/","url":"https:\/\/concept-clinic.ch\/ru\/%d0%be%d0%bf%d0%b5%d1%80%d0%b0%d1%86%d0%b8%d0%b8\/%d1%82%d0%b5%d0%bb%d0%be\/%d0%bc%d0%b5%d0%bd%d0%be%d0%bf%d0%b0%d1%83%d0%b7%d0%b0\/","name":"\u041c\u0435\u043d\u043e\u043f\u0430\u0443\u0437\u0430 \u0432 \u0416\u0435\u043d\u0435\u0432\u0435 | Dr Schlaudraff | Concept Clinic","isPartOf":{"@id":"https:\/\/concept-clinic.ch\/ru\/#website"},"primaryImageOfPage":{"@id":"https:\/\/concept-clinic.ch\/ru\/%d0%be%d0%bf%d0%b5%d1%80%d0%b0%d1%86%d0%b8%d0%b8\/%d1%82%d0%b5%d0%bb%d0%be\/%d0%bc%d0%b5%d0%bd%d0%be%d0%bf%d0%b0%d1%83%d0%b7%d0%b0\/#primaryimage"},"image":{"@id":"https:\/\/concept-clinic.ch\/ru\/%d0%be%d0%bf%d0%b5%d1%80%d0%b0%d1%86%d0%b8%d0%b8\/%d1%82%d0%b5%d0%bb%d0%be\/%d0%bc%d0%b5%d0%bd%d0%be%d0%bf%d0%b0%d1%83%d0%b7%d0%b0\/#primaryimage"},"thumbnailUrl":"https:\/\/concept-clinic.ch\/wp-content\/uploads\/2022\/12\/chirurgie-esthetique-corps-concept-clinic-back.jpg","datePublished":"2022-10-21T07:39:18+00:00","dateModified":"2023-01-26T10:00:00+00:00","description":"\u0412 \u043e\u043f\u0440\u0435\u0434\u0435\u043b\u0435\u043d\u043d\u044b\u0439 \u043c\u043e\u043c\u0435\u043d\u0442 \u0432 \u0436\u0438\u0437\u043d\u0438 \u043a\u0430\u0436\u0434\u043e\u0439 \u0436\u0435\u043d\u0449\u0438\u043d\u044b \u043d\u0430\u0441\u0442\u0443\u043f\u0430\u0435\u0442 \u043c\u0435\u043d\u043e\u043f\u0430\u0443\u0437\u0430, \u0438\u043b\u0438 \u043a\u043b\u0438\u043c\u0430\u043a\u0441. \u0414\u043b\u044f \u0431\u043e\u043b\u044c\u0448\u0438\u043d\u0441\u0442\u0432\u0430 \u043f\u0440\u0435\u0434\u0441\u0442\u0430\u0432\u0438\u0442\u0435\u043b\u044c\u043d\u0438\u0446 \u043f\u0440\u0435\u043a\u0440\u0430\u0441\u043d\u043e\u0433\u043e \u043f\u043e\u043b\u0430...","breadcrumb":{"@id":"https:\/\/concept-clinic.ch\/ru\/%d0%be%d0%bf%d0%b5%d1%80%d0%b0%d1%86%d0%b8%d0%b8\/%d1%82%d0%b5%d0%bb%d0%be\/%d0%bc%d0%b5%d0%bd%d0%be%d0%bf%d0%b0%d1%83%d0%b7%d0%b0\/#breadcrumb"},"inLanguage":"ru-RU","potentialAction":[{"@type":"ReadAction","target":["https:\/\/concept-clinic.ch\/ru\/%d0%be%d0%bf%d0%b5%d1%80%d0%b0%d1%86%d0%b8%d0%b8\/%d1%82%d0%b5%d0%bb%d0%be\/%d0%bc%d0%b5%d0%bd%d0%be%d0%bf%d0%b0%d1%83%d0%b7%d0%b0\/"]}]},{"@type":"ImageObject","inLanguage":"ru-RU","@id":"https:\/\/concept-clinic.ch\/ru\/%d0%be%d0%bf%d0%b5%d1%80%d0%b0%d1%86%d0%b8%d0%b8\/%d1%82%d0%b5%d0%bb%d0%be\/%d0%bc%d0%b5%d0%bd%d0%be%d0%bf%d0%b0%d1%83%d0%b7%d0%b0\/#primaryimage","url":"https:\/\/concept-clinic.ch\/wp-content\/uploads\/2022\/12\/chirurgie-esthetique-corps-concept-clinic-back.jpg","contentUrl":"https:\/\/concept-clinic.ch\/wp-content\/uploads\/2022\/12\/chirurgie-esthetique-corps-concept-clinic-back.jpg","width":780,"height":1280,"caption":"Dos d'une femme afin d'illustrer la chirurgie esth\u00e9tique du corps pratiqu\u00e9 chez Concept Clinic \u00e0 Gen\u00e8ve par le Dr. Schlaudraff"},{"@type":"BreadcrumbList","@id":"https:\/\/concept-clinic.ch\/ru\/%d0%be%d0%bf%d0%b5%d1%80%d0%b0%d1%86%d0%b8%d0%b8\/%d1%82%d0%b5%d0%bb%d0%be\/%d0%bc%d0%b5%d0%bd%d0%be%d0%bf%d0%b0%d1%83%d0%b7%d0%b0\/#breadcrumb","itemListElement":[{"@type":"ListItem","position":1,"name":"Accueil","item":"https:\/\/concept-clinic.ch\/ru\/"},{"@type":"ListItem","position":2,"name":"\u041f\u043b\u0430\u0441\u0442\u0438\u0447\u0435\u0441\u043a\u0430\u044f \u0445\u0438\u0440\u0443\u0440\u0433\u0438\u044f \u0432 \u0416\u0435\u043d\u0435\u0432\u0435","item":"https:\/\/concept-clinic.ch\/ru\/%d0%be%d0%bf%d0%b5%d1%80%d0%b0%d1%86%d0%b8%d0%b8\/"},{"@type":"ListItem","position":3,"name":"\u0425\u0438\u0440\u0443\u0440\u0433\u0438\u044f \u0442\u0435\u043b\u043e \u0432 \u0416\u0435\u043d\u0435\u0432\u0435","item":"https:\/\/concept-clinic.ch\/ru\/%d0%be%d0%bf%d0%b5%d1%80%d0%b0%d1%86%d0%b8%d0%b8\/%d1%82%d0%b5%d0%bb%d0%be\/"},{"@type":"ListItem","position":4,"name":"\u041c\u0435\u043d\u043e\u043f\u0430\u0443\u0437\u0430 \u0432 \u0416\u0435\u043d\u0435\u0432\u0435"}]},{"@type":"WebSite","@id":"https:\/\/concept-clinic.ch\/ru\/#website","url":"https:\/\/concept-clinic.ch\/ru\/","name":"Dr Schlaudraff | Concept Clinic","description":"Clinique de chirurgie &amp; de m\u00e9decine esth\u00e9tique \u00e0 Gen\u00e8ve","publisher":{"@id":"https:\/\/concept-clinic.ch\/ru\/#organization"},"alternateName":"Concept Clinic","potentialAction":[{"@type":"SearchAction","target":{"@type":"EntryPoint","urlTemplate":"https:\/\/concept-clinic.ch\/ru\/?s={search_term_string}"},"query-input":{"@type":"PropertyValueSpecification","valueRequired":true,"valueName":"search_term_string"}}],"inLanguage":"ru-RU"},{"@type":"Organization","@id":"https:\/\/concept-clinic.ch\/ru\/#organization","name":"Dr Schlaudraff | Concept Clinic","alternateName":"Concept Clinic","url":"https:\/\/concept-clinic.ch\/ru\/","logo":{"@type":"ImageObject","inLanguage":"ru-RU","@id":"https:\/\/concept-clinic.ch\/ru\/#\/schema\/logo\/image\/","url":"https:\/\/concept-clinic.ch\/wp-content\/uploads\/2023\/11\/Capture-decran-2023-11-16-a-08.44.56.png","contentUrl":"https:\/\/concept-clinic.ch\/wp-content\/uploads\/2023\/11\/Capture-decran-2023-11-16-a-08.44.56.png","width":292,"height":144,"caption":"Dr Schlaudraff | Concept Clinic"},"image":{"@id":"https:\/\/concept-clinic.ch\/ru\/#\/schema\/logo\/image\/"},"sameAs":["https:\/\/www.facebook.com\/p\/Concept-Clinic-100069028287117\/?paipv=0&eav=AfYuwN39e-xs2uLRvzuAZWTzJLyRb7bpj-N1BdRN5mulHoituiZpJYZpLOVv-wJDQYU&_rdr"]}]}},"_links":{"self":[{"href":"https:\/\/concept-clinic.ch\/ru\/wp-json\/wp\/v2\/pages\/909","targetHints":{"allow":["GET"]}}],"collection":[{"href":"https:\/\/concept-clinic.ch\/ru\/wp-json\/wp\/v2\/pages"}],"about":[{"href":"https:\/\/concept-clinic.ch\/ru\/wp-json\/wp\/v2\/types\/page"}],"author":[{"embeddable":true,"href":"https:\/\/concept-clinic.ch\/ru\/wp-json\/wp\/v2\/users\/1"}],"replies":[{"embeddable":true,"href":"https:\/\/concept-clinic.ch\/ru\/wp-json\/wp\/v2\/comments?post=909"}],"version-history":[{"count":3,"href":"https:\/\/concept-clinic.ch\/ru\/wp-json\/wp\/v2\/pages\/909\/revisions"}],"predecessor-version":[{"id":1891,"href":"https:\/\/concept-clinic.ch\/ru\/wp-json\/wp\/v2\/pages\/909\/revisions\/1891"}],"up":[{"embeddable":true,"href":"https:\/\/concept-clinic.ch\/ru\/wp-json\/wp\/v2\/pages\/947"}],"wp:featuredmedia":[{"embeddable":true,"href":"https:\/\/concept-clinic.ch\/ru\/wp-json\/wp\/v2\/media\/1521"}],"wp:attachment":[{"href":"https:\/\/concept-clinic.ch\/ru\/wp-json\/wp\/v2\/media?parent=909"}],"curies":[{"name":"wp","href":"https:\/\/api.w.org\/{rel}","templated":true}]}}