{"id":868,"date":"2022-10-21T09:53:36","date_gmt":"2022-10-21T07:53:36","guid":{"rendered":"https:\/\/concept-clinic.ch\/prp\/"},"modified":"2025-02-17T18:15:27","modified_gmt":"2025-02-17T17:15:27","slug":"prp-%d1%82%d0%b5%d1%80%d0%b0%d0%bf%d0%b8%d1%8f","status":"publish","type":"page","link":"https:\/\/concept-clinic.ch\/ru\/%d0%bf%d1%80%d0%be%d1%86%d0%b5%d0%b4%d1%83%d1%80%d1%8b\/%d0%bc%d0%be%d1%80%d1%89%d0%b8%d0%bd%d1%8b-%d0%b8-%d1%81%d0%bb%d0%b5%d0%b4%d1%8b-%d1%81%d1%82%d0%b0%d1%80%d0%b5%d0%bd%d0%b8%d1%8f-%d0%ba%d0%be%d0%b6%d0%b8\/prp-%d1%82%d0%b5%d1%80%d0%b0%d0%bf%d0%b8%d1%8f\/","title":{"rendered":"PRP-\u0442\u0435\u0440\u0430\u043f\u0438\u044f \u2013 \u043f\u043b\u0430\u0437\u043c\u0430 \u043a\u0440\u043e\u0432\u0438, \u043e\u0431\u043e\u0433\u0430\u0449\u0435\u043d\u043d\u0430\u044f \u0442\u0440\u043e\u043c\u0431\u043e\u0446\u0438\u0442\u0430\u043c\u0438 \u0432 \u0416\u0435\u043d\u0435\u0432\u0435"},"content":{"rendered":"","protected":false},"excerpt":{"rendered":"","protected":false},"author":1,"featured_media":1610,"parent":873,"menu_order":23,"comment_status":"closed","ping_status":"closed","template":"templates\/page-intervention.php","meta":{"_acf_changed":false,"footnotes":""},"acf":[],"yoast_head":"<!-- This site is optimized with the Yoast SEO plugin v22.7 - https:\/\/yoast.com\/wordpress\/plugins\/seo\/ -->\n<title>PRP-\u0442\u0435\u0440\u0430\u043f\u0438\u044f - Concept Clinic | \u0416\u0435\u043d\u0435\u0432\u0430<\/title>\n<meta name=\"description\" content=\"PRP-\u0442\u0435\u0440\u0430\u043f\u0438\u044f \u043f\u0440\u0435\u0434\u0441\u0442\u0430\u0432\u043b\u044f\u0435\u0442 \u0441\u043e\u0431\u043e\u0439 \u0431\u0438\u043e\u043b\u043e\u0433\u0438\u0447\u0435\u0441\u043a\u043e\u0435 \u043e\u043c\u043e\u043b\u043e\u0436\u0435\u043d\u0438\u0435 \u043a\u043e\u0436\u0438 \u0441 \u043f\u043e\u043c\u043e\u0449\u044c\u044e \u0438\u043d\u044a\u0435\u043a\u0446\u0438\u0439 \u043f\u043b\u0430\u0437\u043c\u044b \u043a\u0440\u043e\u0432\u0438, \u043e\u0431\u043e\u0433\u0430\u0449\u0435\u043d\u043d\u043e\u0439 \u0442\u0440\u043e\u043c\u0431\u043e\u0446\u0438\u0442\u0430\u043c\u0438.\" \/>\n<meta name=\"robots\" content=\"index, follow, max-snippet:-1, max-image-preview:large, max-video-preview:-1\" \/>\n<link rel=\"canonical\" href=\"https:\/\/concept-clinic.ch\/ru\/%d0%bf%d1%80%d0%be%d1%86%d0%b5%d0%b4%d1%83%d1%80%d1%8b\/%d0%bc%d0%be%d1%80%d1%89%d0%b8%d0%bd%d1%8b-%d0%b8-%d1%81%d0%bb%d0%b5%d0%b4%d1%8b-%d1%81%d1%82%d0%b0%d1%80%d0%b5%d0%bd%d0%b8%d1%8f-%d0%ba%d0%be%d0%b6%d0%b8\/prp-%d1%82%d0%b5%d1%80%d0%b0%d0%bf%d0%b8%d1%8f\/\" \/>\n<meta property=\"og:locale\" content=\"ru_RU\" \/>\n<meta property=\"og:type\" content=\"article\" \/>\n<meta property=\"og:title\" content=\"PRP-\u0442\u0435\u0440\u0430\u043f\u0438\u044f - Concept Clinic | \u0416\u0435\u043d\u0435\u0432\u0430\" \/>\n<meta property=\"og:description\" content=\"PRP-\u0442\u0435\u0440\u0430\u043f\u0438\u044f \u043f\u0440\u0435\u0434\u0441\u0442\u0430\u0432\u043b\u044f\u0435\u0442 \u0441\u043e\u0431\u043e\u0439 \u0431\u0438\u043e\u043b\u043e\u0433\u0438\u0447\u0435\u0441\u043a\u043e\u0435 \u043e\u043c\u043e\u043b\u043e\u0436\u0435\u043d\u0438\u0435 \u043a\u043e\u0436\u0438 \u0441 \u043f\u043e\u043c\u043e\u0449\u044c\u044e \u0438\u043d\u044a\u0435\u043a\u0446\u0438\u0439 \u043f\u043b\u0430\u0437\u043c\u044b \u043a\u0440\u043e\u0432\u0438, \u043e\u0431\u043e\u0433\u0430\u0449\u0435\u043d\u043d\u043e\u0439 \u0442\u0440\u043e\u043c\u0431\u043e\u0446\u0438\u0442\u0430\u043c\u0438.\" \/>\n<meta property=\"og:url\" content=\"https:\/\/concept-clinic.ch\/ru\/%d0%bf%d1%80%d0%be%d1%86%d0%b5%d0%b4%d1%83%d1%80%d1%8b\/%d0%bc%d0%be%d1%80%d1%89%d0%b8%d0%bd%d1%8b-%d0%b8-%d1%81%d0%bb%d0%b5%d0%b4%d1%8b-%d1%81%d1%82%d0%b0%d1%80%d0%b5%d0%bd%d0%b8%d1%8f-%d0%ba%d0%be%d0%b6%d0%b8\/prp-%d1%82%d0%b5%d1%80%d0%b0%d0%bf%d0%b8%d1%8f\/\" \/>\n<meta property=\"og:site_name\" content=\"Chirurgie esth\u00e9tique Gen\u00e8ve\" \/>\n<meta property=\"article:publisher\" content=\"https:\/\/www.facebook.com\/p\/Concept-Clinic-100069028287117\/?paipv=0&amp;eav=AfYuwN39e-xs2uLRvzuAZWTzJLyRb7bpj-N1BdRN5mulHoituiZpJYZpLOVv-wJDQYU&amp;_rdr\" \/>\n<meta property=\"article:modified_time\" content=\"2025-02-17T17:15:27+00:00\" \/>\n<meta property=\"og:image\" content=\"https:\/\/concept-clinic.ch\/wp-content\/uploads\/2022\/12\/prp-concept-clinic.jpg\" \/>\n\t<meta property=\"og:image:width\" content=\"854\" \/>\n\t<meta property=\"og:image:height\" content=\"854\" \/>\n\t<meta property=\"og:image:type\" content=\"image\/jpeg\" \/>\n<meta name=\"twitter:card\" content=\"summary_large_image\" \/>\n<meta name=\"twitter:label1\" content=\"\u041f\u0440\u0438\u043c\u0435\u0440\u043d\u043e\u0435 \u0432\u0440\u0435\u043c\u044f \u0434\u043b\u044f \u0447\u0442\u0435\u043d\u0438\u044f\" \/>\n\t<meta name=\"twitter:data1\" content=\"2 \u043c\u0438\u043d\u0443\u0442\u044b\" \/>\n<script type=\"application\/ld+json\" class=\"yoast-schema-graph\">{\"@context\":\"https:\/\/schema.org\",\"@graph\":[{\"@type\":\"WebPage\",\"@id\":\"https:\/\/concept-clinic.ch\/ru\/%d0%bf%d1%80%d0%be%d1%86%d0%b5%d0%b4%d1%83%d1%80%d1%8b\/%d0%bc%d0%be%d1%80%d1%89%d0%b8%d0%bd%d1%8b-%d0%b8-%d1%81%d0%bb%d0%b5%d0%b4%d1%8b-%d1%81%d1%82%d0%b0%d1%80%d0%b5%d0%bd%d0%b8%d1%8f-%d0%ba%d0%be%d0%b6%d0%b8\/prp-%d1%82%d0%b5%d1%80%d0%b0%d0%bf%d0%b8%d1%8f\/\",\"url\":\"https:\/\/concept-clinic.ch\/ru\/%d0%bf%d1%80%d0%be%d1%86%d0%b5%d0%b4%d1%83%d1%80%d1%8b\/%d0%bc%d0%be%d1%80%d1%89%d0%b8%d0%bd%d1%8b-%d0%b8-%d1%81%d0%bb%d0%b5%d0%b4%d1%8b-%d1%81%d1%82%d0%b0%d1%80%d0%b5%d0%bd%d0%b8%d1%8f-%d0%ba%d0%be%d0%b6%d0%b8\/prp-%d1%82%d0%b5%d1%80%d0%b0%d0%bf%d0%b8%d1%8f\/\",\"name\":\"PRP-\u0442\u0435\u0440\u0430\u043f\u0438\u044f - Concept Clinic | \u0416\u0435\u043d\u0435\u0432\u0430\",\"isPartOf\":{\"@id\":\"https:\/\/concept-clinic.ch\/ru\/#website\"},\"primaryImageOfPage\":{\"@id\":\"https:\/\/concept-clinic.ch\/ru\/%d0%bf%d1%80%d0%be%d1%86%d0%b5%d0%b4%d1%83%d1%80%d1%8b\/%d0%bc%d0%be%d1%80%d1%89%d0%b8%d0%bd%d1%8b-%d0%b8-%d1%81%d0%bb%d0%b5%d0%b4%d1%8b-%d1%81%d1%82%d0%b0%d1%80%d0%b5%d0%bd%d0%b8%d1%8f-%d0%ba%d0%be%d0%b6%d0%b8\/prp-%d1%82%d0%b5%d1%80%d0%b0%d0%bf%d0%b8%d1%8f\/#primaryimage\"},\"image\":{\"@id\":\"https:\/\/concept-clinic.ch\/ru\/%d0%bf%d1%80%d0%be%d1%86%d0%b5%d0%b4%d1%83%d1%80%d1%8b\/%d0%bc%d0%be%d1%80%d1%89%d0%b8%d0%bd%d1%8b-%d0%b8-%d1%81%d0%bb%d0%b5%d0%b4%d1%8b-%d1%81%d1%82%d0%b0%d1%80%d0%b5%d0%bd%d0%b8%d1%8f-%d0%ba%d0%be%d0%b6%d0%b8\/prp-%d1%82%d0%b5%d1%80%d0%b0%d0%bf%d0%b8%d1%8f\/#primaryimage\"},\"thumbnailUrl\":\"https:\/\/concept-clinic.ch\/wp-content\/uploads\/2022\/12\/prp-concept-clinic.jpg\",\"datePublished\":\"2022-10-21T07:53:36+00:00\",\"dateModified\":\"2025-02-17T17:15:27+00:00\",\"description\":\"PRP-\u0442\u0435\u0440\u0430\u043f\u0438\u044f \u043f\u0440\u0435\u0434\u0441\u0442\u0430\u0432\u043b\u044f\u0435\u0442 \u0441\u043e\u0431\u043e\u0439 \u0431\u0438\u043e\u043b\u043e\u0433\u0438\u0447\u0435\u0441\u043a\u043e\u0435 \u043e\u043c\u043e\u043b\u043e\u0436\u0435\u043d\u0438\u0435 \u043a\u043e\u0436\u0438 \u0441 \u043f\u043e\u043c\u043e\u0449\u044c\u044e \u0438\u043d\u044a\u0435\u043a\u0446\u0438\u0439 \u043f\u043b\u0430\u0437\u043c\u044b \u043a\u0440\u043e\u0432\u0438, \u043e\u0431\u043e\u0433\u0430\u0449\u0435\u043d\u043d\u043e\u0439 \u0442\u0440\u043e\u043c\u0431\u043e\u0446\u0438\u0442\u0430\u043c\u0438.\",\"breadcrumb\":{\"@id\":\"https:\/\/concept-clinic.ch\/ru\/%d0%bf%d1%80%d0%be%d1%86%d0%b5%d0%b4%d1%83%d1%80%d1%8b\/%d0%bc%d0%be%d1%80%d1%89%d0%b8%d0%bd%d1%8b-%d0%b8-%d1%81%d0%bb%d0%b5%d0%b4%d1%8b-%d1%81%d1%82%d0%b0%d1%80%d0%b5%d0%bd%d0%b8%d1%8f-%d0%ba%d0%be%d0%b6%d0%b8\/prp-%d1%82%d0%b5%d1%80%d0%b0%d0%bf%d0%b8%d1%8f\/#breadcrumb\"},\"inLanguage\":\"ru-RU\",\"potentialAction\":[{\"@type\":\"ReadAction\",\"target\":[\"https:\/\/concept-clinic.ch\/ru\/%d0%bf%d1%80%d0%be%d1%86%d0%b5%d0%b4%d1%83%d1%80%d1%8b\/%d0%bc%d0%be%d1%80%d1%89%d0%b8%d0%bd%d1%8b-%d0%b8-%d1%81%d0%bb%d0%b5%d0%b4%d1%8b-%d1%81%d1%82%d0%b0%d1%80%d0%b5%d0%bd%d0%b8%d1%8f-%d0%ba%d0%be%d0%b6%d0%b8\/prp-%d1%82%d0%b5%d1%80%d0%b0%d0%bf%d0%b8%d1%8f\/\"]}]},{\"@type\":\"ImageObject\",\"inLanguage\":\"ru-RU\",\"@id\":\"https:\/\/concept-clinic.ch\/ru\/%d0%bf%d1%80%d0%be%d1%86%d0%b5%d0%b4%d1%83%d1%80%d1%8b\/%d0%bc%d0%be%d1%80%d1%89%d0%b8%d0%bd%d1%8b-%d0%b8-%d1%81%d0%bb%d0%b5%d0%b4%d1%8b-%d1%81%d1%82%d0%b0%d1%80%d0%b5%d0%bd%d0%b8%d1%8f-%d0%ba%d0%be%d0%b6%d0%b8\/prp-%d1%82%d0%b5%d1%80%d0%b0%d0%bf%d0%b8%d1%8f\/#primaryimage\",\"url\":\"https:\/\/concept-clinic.ch\/wp-content\/uploads\/2022\/12\/prp-concept-clinic.jpg\",\"contentUrl\":\"https:\/\/concept-clinic.ch\/wp-content\/uploads\/2022\/12\/prp-concept-clinic.jpg\",\"width\":854,\"height\":854,\"caption\":\"Dr. Schlaudraff utilisant le principe PRP ()\"},{\"@type\":\"BreadcrumbList\",\"@id\":\"https:\/\/concept-clinic.ch\/ru\/%d0%bf%d1%80%d0%be%d1%86%d0%b5%d0%b4%d1%83%d1%80%d1%8b\/%d0%bc%d0%be%d1%80%d1%89%d0%b8%d0%bd%d1%8b-%d0%b8-%d1%81%d0%bb%d0%b5%d0%b4%d1%8b-%d1%81%d1%82%d0%b0%d1%80%d0%b5%d0%bd%d0%b8%d1%8f-%d0%ba%d0%be%d0%b6%d0%b8\/prp-%d1%82%d0%b5%d1%80%d0%b0%d0%bf%d0%b8%d1%8f\/#breadcrumb\",\"itemListElement\":[{\"@type\":\"ListItem\",\"position\":1,\"name\":\"Accueil\",\"item\":\"https:\/\/concept-clinic.ch\/ru\/\"},{\"@type\":\"ListItem\",\"position\":2,\"name\":\"\u041f\u0440\u043e\u0446\u0435\u0434\u0443\u0440\u044b \u0432 \u0416\u0435\u043d\u0435\u0432\u0435\",\"item\":\"https:\/\/concept-clinic.ch\/ru\/%d0%bf%d1%80%d0%be%d1%86%d0%b5%d0%b4%d1%83%d1%80%d1%8b\/\"},{\"@type\":\"ListItem\",\"position\":3,\"name\":\"\u041c\u043e\u0440\u0449\u0438\u043d\u044b \u0438 \u0441\u043b\u0435\u0434\u044b \u0441\u0442\u0430\u0440\u0435\u043d\u0438\u044f \u043a\u043e\u0436\u0438 \u0432 \u0416\u0435\u043d\u0435\u0432\u0435\",\"item\":\"https:\/\/concept-clinic.ch\/ru\/%d0%bf%d1%80%d0%be%d1%86%d0%b5%d0%b4%d1%83%d1%80%d1%8b\/%d0%bc%d0%be%d1%80%d1%89%d0%b8%d0%bd%d1%8b-%d0%b8-%d1%81%d0%bb%d0%b5%d0%b4%d1%8b-%d1%81%d1%82%d0%b0%d1%80%d0%b5%d0%bd%d0%b8%d1%8f-%d0%ba%d0%be%d0%b6%d0%b8\/\"},{\"@type\":\"ListItem\",\"position\":4,\"name\":\"PRP-\u0442\u0435\u0440\u0430\u043f\u0438\u044f \u2013 \u043f\u043b\u0430\u0437\u043c\u0430 \u043a\u0440\u043e\u0432\u0438, \u043e\u0431\u043e\u0433\u0430\u0449\u0435\u043d\u043d\u0430\u044f \u0442\u0440\u043e\u043c\u0431\u043e\u0446\u0438\u0442\u0430\u043c\u0438 \u0432 \u0416\u0435\u043d\u0435\u0432\u0435\"}]},{\"@type\":\"WebSite\",\"@id\":\"https:\/\/concept-clinic.ch\/ru\/#website\",\"url\":\"https:\/\/concept-clinic.ch\/ru\/\",\"name\":\"Dr Schlaudraff | Concept Clinic\",\"description\":\"Clinique de chirurgie &amp; de m\u00e9decine esth\u00e9tique \u00e0 Gen\u00e8ve\",\"publisher\":{\"@id\":\"https:\/\/concept-clinic.ch\/ru\/#organization\"},\"alternateName\":\"Concept Clinic\",\"potentialAction\":[{\"@type\":\"SearchAction\",\"target\":{\"@type\":\"EntryPoint\",\"urlTemplate\":\"https:\/\/concept-clinic.ch\/ru\/?s={search_term_string}\"},\"query-input\":\"required name=search_term_string\"}],\"inLanguage\":\"ru-RU\"},{\"@type\":\"Organization\",\"@id\":\"https:\/\/concept-clinic.ch\/ru\/#organization\",\"name\":\"Dr Schlaudraff | Concept Clinic\",\"alternateName\":\"Concept Clinic\",\"url\":\"https:\/\/concept-clinic.ch\/ru\/\",\"logo\":{\"@type\":\"ImageObject\",\"inLanguage\":\"ru-RU\",\"@id\":\"https:\/\/concept-clinic.ch\/ru\/#\/schema\/logo\/image\/\",\"url\":\"https:\/\/concept-clinic.ch\/wp-content\/uploads\/2023\/11\/Capture-decran-2023-11-16-a-08.44.56.png\",\"contentUrl\":\"https:\/\/concept-clinic.ch\/wp-content\/uploads\/2023\/11\/Capture-decran-2023-11-16-a-08.44.56.png\",\"width\":292,\"height\":144,\"caption\":\"Dr Schlaudraff | Concept Clinic\"},\"image\":{\"@id\":\"https:\/\/concept-clinic.ch\/ru\/#\/schema\/logo\/image\/\"},\"sameAs\":[\"https:\/\/www.facebook.com\/p\/Concept-Clinic-100069028287117\/?paipv=0&eav=AfYuwN39e-xs2uLRvzuAZWTzJLyRb7bpj-N1BdRN5mulHoituiZpJYZpLOVv-wJDQYU&_rdr\"]}]}<\/script>\n<!-- \/ Yoast SEO plugin. -->","yoast_head_json":{"title":"PRP-\u0442\u0435\u0440\u0430\u043f\u0438\u044f - Concept Clinic | \u0416\u0435\u043d\u0435\u0432\u0430","description":"PRP-\u0442\u0435\u0440\u0430\u043f\u0438\u044f \u043f\u0440\u0435\u0434\u0441\u0442\u0430\u0432\u043b\u044f\u0435\u0442 \u0441\u043e\u0431\u043e\u0439 \u0431\u0438\u043e\u043b\u043e\u0433\u0438\u0447\u0435\u0441\u043a\u043e\u0435 \u043e\u043c\u043e\u043b\u043e\u0436\u0435\u043d\u0438\u0435 \u043a\u043e\u0436\u0438 \u0441 \u043f\u043e\u043c\u043e\u0449\u044c\u044e \u0438\u043d\u044a\u0435\u043a\u0446\u0438\u0439 \u043f\u043b\u0430\u0437\u043c\u044b \u043a\u0440\u043e\u0432\u0438, \u043e\u0431\u043e\u0433\u0430\u0449\u0435\u043d\u043d\u043e\u0439 \u0442\u0440\u043e\u043c\u0431\u043e\u0446\u0438\u0442\u0430\u043c\u0438.","robots":{"index":"index","follow":"follow","max-snippet":"max-snippet:-1","max-image-preview":"max-image-preview:large","max-video-preview":"max-video-preview:-1"},"canonical":"https:\/\/concept-clinic.ch\/ru\/%d0%bf%d1%80%d0%be%d1%86%d0%b5%d0%b4%d1%83%d1%80%d1%8b\/%d0%bc%d0%be%d1%80%d1%89%d0%b8%d0%bd%d1%8b-%d0%b8-%d1%81%d0%bb%d0%b5%d0%b4%d1%8b-%d1%81%d1%82%d0%b0%d1%80%d0%b5%d0%bd%d0%b8%d1%8f-%d0%ba%d0%be%d0%b6%d0%b8\/prp-%d1%82%d0%b5%d1%80%d0%b0%d0%bf%d0%b8%d1%8f\/","og_locale":"ru_RU","og_type":"article","og_title":"PRP-\u0442\u0435\u0440\u0430\u043f\u0438\u044f - Concept Clinic | \u0416\u0435\u043d\u0435\u0432\u0430","og_description":"PRP-\u0442\u0435\u0440\u0430\u043f\u0438\u044f \u043f\u0440\u0435\u0434\u0441\u0442\u0430\u0432\u043b\u044f\u0435\u0442 \u0441\u043e\u0431\u043e\u0439 \u0431\u0438\u043e\u043b\u043e\u0433\u0438\u0447\u0435\u0441\u043a\u043e\u0435 \u043e\u043c\u043e\u043b\u043e\u0436\u0435\u043d\u0438\u0435 \u043a\u043e\u0436\u0438 \u0441 \u043f\u043e\u043c\u043e\u0449\u044c\u044e \u0438\u043d\u044a\u0435\u043a\u0446\u0438\u0439 \u043f\u043b\u0430\u0437\u043c\u044b \u043a\u0440\u043e\u0432\u0438, \u043e\u0431\u043e\u0433\u0430\u0449\u0435\u043d\u043d\u043e\u0439 \u0442\u0440\u043e\u043c\u0431\u043e\u0446\u0438\u0442\u0430\u043c\u0438.","og_url":"https:\/\/concept-clinic.ch\/ru\/%d0%bf%d1%80%d0%be%d1%86%d0%b5%d0%b4%d1%83%d1%80%d1%8b\/%d0%bc%d0%be%d1%80%d1%89%d0%b8%d0%bd%d1%8b-%d0%b8-%d1%81%d0%bb%d0%b5%d0%b4%d1%8b-%d1%81%d1%82%d0%b0%d1%80%d0%b5%d0%bd%d0%b8%d1%8f-%d0%ba%d0%be%d0%b6%d0%b8\/prp-%d1%82%d0%b5%d1%80%d0%b0%d0%bf%d0%b8%d1%8f\/","og_site_name":"Chirurgie esth\u00e9tique Gen\u00e8ve","article_publisher":"https:\/\/www.facebook.com\/p\/Concept-Clinic-100069028287117\/?paipv=0&eav=AfYuwN39e-xs2uLRvzuAZWTzJLyRb7bpj-N1BdRN5mulHoituiZpJYZpLOVv-wJDQYU&_rdr","article_modified_time":"2025-02-17T17:15:27+00:00","og_image":[{"width":854,"height":854,"url":"https:\/\/concept-clinic.ch\/wp-content\/uploads\/2022\/12\/prp-concept-clinic.jpg","type":"image\/jpeg"}],"twitter_card":"summary_large_image","twitter_misc":{"\u041f\u0440\u0438\u043c\u0435\u0440\u043d\u043e\u0435 \u0432\u0440\u0435\u043c\u044f \u0434\u043b\u044f \u0447\u0442\u0435\u043d\u0438\u044f":"2 \u043c\u0438\u043d\u0443\u0442\u044b"},"schema":{"@context":"https:\/\/schema.org","@graph":[{"@type":"WebPage","@id":"https:\/\/concept-clinic.ch\/ru\/%d0%bf%d1%80%d0%be%d1%86%d0%b5%d0%b4%d1%83%d1%80%d1%8b\/%d0%bc%d0%be%d1%80%d1%89%d0%b8%d0%bd%d1%8b-%d0%b8-%d1%81%d0%bb%d0%b5%d0%b4%d1%8b-%d1%81%d1%82%d0%b0%d1%80%d0%b5%d0%bd%d0%b8%d1%8f-%d0%ba%d0%be%d0%b6%d0%b8\/prp-%d1%82%d0%b5%d1%80%d0%b0%d0%bf%d0%b8%d1%8f\/","url":"https:\/\/concept-clinic.ch\/ru\/%d0%bf%d1%80%d0%be%d1%86%d0%b5%d0%b4%d1%83%d1%80%d1%8b\/%d0%bc%d0%be%d1%80%d1%89%d0%b8%d0%bd%d1%8b-%d0%b8-%d1%81%d0%bb%d0%b5%d0%b4%d1%8b-%d1%81%d1%82%d0%b0%d1%80%d0%b5%d0%bd%d0%b8%d1%8f-%d0%ba%d0%be%d0%b6%d0%b8\/prp-%d1%82%d0%b5%d1%80%d0%b0%d0%bf%d0%b8%d1%8f\/","name":"PRP-\u0442\u0435\u0440\u0430\u043f\u0438\u044f - Concept Clinic | \u0416\u0435\u043d\u0435\u0432\u0430","isPartOf":{"@id":"https:\/\/concept-clinic.ch\/ru\/#website"},"primaryImageOfPage":{"@id":"https:\/\/concept-clinic.ch\/ru\/%d0%bf%d1%80%d0%be%d1%86%d0%b5%d0%b4%d1%83%d1%80%d1%8b\/%d0%bc%d0%be%d1%80%d1%89%d0%b8%d0%bd%d1%8b-%d0%b8-%d1%81%d0%bb%d0%b5%d0%b4%d1%8b-%d1%81%d1%82%d0%b0%d1%80%d0%b5%d0%bd%d0%b8%d1%8f-%d0%ba%d0%be%d0%b6%d0%b8\/prp-%d1%82%d0%b5%d1%80%d0%b0%d0%bf%d0%b8%d1%8f\/#primaryimage"},"image":{"@id":"https:\/\/concept-clinic.ch\/ru\/%d0%bf%d1%80%d0%be%d1%86%d0%b5%d0%b4%d1%83%d1%80%d1%8b\/%d0%bc%d0%be%d1%80%d1%89%d0%b8%d0%bd%d1%8b-%d0%b8-%d1%81%d0%bb%d0%b5%d0%b4%d1%8b-%d1%81%d1%82%d0%b0%d1%80%d0%b5%d0%bd%d0%b8%d1%8f-%d0%ba%d0%be%d0%b6%d0%b8\/prp-%d1%82%d0%b5%d1%80%d0%b0%d0%bf%d0%b8%d1%8f\/#primaryimage"},"thumbnailUrl":"https:\/\/concept-clinic.ch\/wp-content\/uploads\/2022\/12\/prp-concept-clinic.jpg","datePublished":"2022-10-21T07:53:36+00:00","dateModified":"2025-02-17T17:15:27+00:00","description":"PRP-\u0442\u0435\u0440\u0430\u043f\u0438\u044f \u043f\u0440\u0435\u0434\u0441\u0442\u0430\u0432\u043b\u044f\u0435\u0442 \u0441\u043e\u0431\u043e\u0439 \u0431\u0438\u043e\u043b\u043e\u0433\u0438\u0447\u0435\u0441\u043a\u043e\u0435 \u043e\u043c\u043e\u043b\u043e\u0436\u0435\u043d\u0438\u0435 \u043a\u043e\u0436\u0438 \u0441 \u043f\u043e\u043c\u043e\u0449\u044c\u044e \u0438\u043d\u044a\u0435\u043a\u0446\u0438\u0439 \u043f\u043b\u0430\u0437\u043c\u044b \u043a\u0440\u043e\u0432\u0438, \u043e\u0431\u043e\u0433\u0430\u0449\u0435\u043d\u043d\u043e\u0439 \u0442\u0440\u043e\u043c\u0431\u043e\u0446\u0438\u0442\u0430\u043c\u0438.","breadcrumb":{"@id":"https:\/\/concept-clinic.ch\/ru\/%d0%bf%d1%80%d0%be%d1%86%d0%b5%d0%b4%d1%83%d1%80%d1%8b\/%d0%bc%d0%be%d1%80%d1%89%d0%b8%d0%bd%d1%8b-%d0%b8-%d1%81%d0%bb%d0%b5%d0%b4%d1%8b-%d1%81%d1%82%d0%b0%d1%80%d0%b5%d0%bd%d0%b8%d1%8f-%d0%ba%d0%be%d0%b6%d0%b8\/prp-%d1%82%d0%b5%d1%80%d0%b0%d0%bf%d0%b8%d1%8f\/#breadcrumb"},"inLanguage":"ru-RU","potentialAction":[{"@type":"ReadAction","target":["https:\/\/concept-clinic.ch\/ru\/%d0%bf%d1%80%d0%be%d1%86%d0%b5%d0%b4%d1%83%d1%80%d1%8b\/%d0%bc%d0%be%d1%80%d1%89%d0%b8%d0%bd%d1%8b-%d0%b8-%d1%81%d0%bb%d0%b5%d0%b4%d1%8b-%d1%81%d1%82%d0%b0%d1%80%d0%b5%d0%bd%d0%b8%d1%8f-%d0%ba%d0%be%d0%b6%d0%b8\/prp-%d1%82%d0%b5%d1%80%d0%b0%d0%bf%d0%b8%d1%8f\/"]}]},{"@type":"ImageObject","inLanguage":"ru-RU","@id":"https:\/\/concept-clinic.ch\/ru\/%d0%bf%d1%80%d0%be%d1%86%d0%b5%d0%b4%d1%83%d1%80%d1%8b\/%d0%bc%d0%be%d1%80%d1%89%d0%b8%d0%bd%d1%8b-%d0%b8-%d1%81%d0%bb%d0%b5%d0%b4%d1%8b-%d1%81%d1%82%d0%b0%d1%80%d0%b5%d0%bd%d0%b8%d1%8f-%d0%ba%d0%be%d0%b6%d0%b8\/prp-%d1%82%d0%b5%d1%80%d0%b0%d0%bf%d0%b8%d1%8f\/#primaryimage","url":"https:\/\/concept-clinic.ch\/wp-content\/uploads\/2022\/12\/prp-concept-clinic.jpg","contentUrl":"https:\/\/concept-clinic.ch\/wp-content\/uploads\/2022\/12\/prp-concept-clinic.jpg","width":854,"height":854,"caption":"Dr. Schlaudraff utilisant le principe PRP ()"},{"@type":"BreadcrumbList","@id":"https:\/\/concept-clinic.ch\/ru\/%d0%bf%d1%80%d0%be%d1%86%d0%b5%d0%b4%d1%83%d1%80%d1%8b\/%d0%bc%d0%be%d1%80%d1%89%d0%b8%d0%bd%d1%8b-%d0%b8-%d1%81%d0%bb%d0%b5%d0%b4%d1%8b-%d1%81%d1%82%d0%b0%d1%80%d0%b5%d0%bd%d0%b8%d1%8f-%d0%ba%d0%be%d0%b6%d0%b8\/prp-%d1%82%d0%b5%d1%80%d0%b0%d0%bf%d0%b8%d1%8f\/#breadcrumb","itemListElement":[{"@type":"ListItem","position":1,"name":"Accueil","item":"https:\/\/concept-clinic.ch\/ru\/"},{"@type":"ListItem","position":2,"name":"\u041f\u0440\u043e\u0446\u0435\u0434\u0443\u0440\u044b \u0432 \u0416\u0435\u043d\u0435\u0432\u0435","item":"https:\/\/concept-clinic.ch\/ru\/%d0%bf%d1%80%d0%be%d1%86%d0%b5%d0%b4%d1%83%d1%80%d1%8b\/"},{"@type":"ListItem","position":3,"name":"\u041c\u043e\u0440\u0449\u0438\u043d\u044b \u0438 \u0441\u043b\u0435\u0434\u044b \u0441\u0442\u0430\u0440\u0435\u043d\u0438\u044f \u043a\u043e\u0436\u0438 \u0432 \u0416\u0435\u043d\u0435\u0432\u0435","item":"https:\/\/concept-clinic.ch\/ru\/%d0%bf%d1%80%d0%be%d1%86%d0%b5%d0%b4%d1%83%d1%80%d1%8b\/%d0%bc%d0%be%d1%80%d1%89%d0%b8%d0%bd%d1%8b-%d0%b8-%d1%81%d0%bb%d0%b5%d0%b4%d1%8b-%d1%81%d1%82%d0%b0%d1%80%d0%b5%d0%bd%d0%b8%d1%8f-%d0%ba%d0%be%d0%b6%d0%b8\/"},{"@type":"ListItem","position":4,"name":"PRP-\u0442\u0435\u0440\u0430\u043f\u0438\u044f \u2013 \u043f\u043b\u0430\u0437\u043c\u0430 \u043a\u0440\u043e\u0432\u0438, \u043e\u0431\u043e\u0433\u0430\u0449\u0435\u043d\u043d\u0430\u044f \u0442\u0440\u043e\u043c\u0431\u043e\u0446\u0438\u0442\u0430\u043c\u0438 \u0432 \u0416\u0435\u043d\u0435\u0432\u0435"}]},{"@type":"WebSite","@id":"https:\/\/concept-clinic.ch\/ru\/#website","url":"https:\/\/concept-clinic.ch\/ru\/","name":"Dr Schlaudraff | Concept Clinic","description":"Clinique de chirurgie &amp; de m\u00e9decine esth\u00e9tique \u00e0 Gen\u00e8ve","publisher":{"@id":"https:\/\/concept-clinic.ch\/ru\/#organization"},"alternateName":"Concept Clinic","potentialAction":[{"@type":"SearchAction","target":{"@type":"EntryPoint","urlTemplate":"https:\/\/concept-clinic.ch\/ru\/?s={search_term_string}"},"query-input":"required name=search_term_string"}],"inLanguage":"ru-RU"},{"@type":"Organization","@id":"https:\/\/concept-clinic.ch\/ru\/#organization","name":"Dr Schlaudraff | Concept Clinic","alternateName":"Concept Clinic","url":"https:\/\/concept-clinic.ch\/ru\/","logo":{"@type":"ImageObject","inLanguage":"ru-RU","@id":"https:\/\/concept-clinic.ch\/ru\/#\/schema\/logo\/image\/","url":"https:\/\/concept-clinic.ch\/wp-content\/uploads\/2023\/11\/Capture-decran-2023-11-16-a-08.44.56.png","contentUrl":"https:\/\/concept-clinic.ch\/wp-content\/uploads\/2023\/11\/Capture-decran-2023-11-16-a-08.44.56.png","width":292,"height":144,"caption":"Dr Schlaudraff | Concept Clinic"},"image":{"@id":"https:\/\/concept-clinic.ch\/ru\/#\/schema\/logo\/image\/"},"sameAs":["https:\/\/www.facebook.com\/p\/Concept-Clinic-100069028287117\/?paipv=0&eav=AfYuwN39e-xs2uLRvzuAZWTzJLyRb7bpj-N1BdRN5mulHoituiZpJYZpLOVv-wJDQYU&_rdr"]}]}},"_links":{"self":[{"href":"https:\/\/concept-clinic.ch\/ru\/wp-json\/wp\/v2\/pages\/868"}],"collection":[{"href":"https:\/\/concept-clinic.ch\/ru\/wp-json\/wp\/v2\/pages"}],"about":[{"href":"https:\/\/concept-clinic.ch\/ru\/wp-json\/wp\/v2\/types\/page"}],"author":[{"embeddable":true,"href":"https:\/\/concept-clinic.ch\/ru\/wp-json\/wp\/v2\/users\/1"}],"replies":[{"embeddable":true,"href":"https:\/\/concept-clinic.ch\/ru\/wp-json\/wp\/v2\/comments?post=868"}],"version-history":[{"count":5,"href":"https:\/\/concept-clinic.ch\/ru\/wp-json\/wp\/v2\/pages\/868\/revisions"}],"predecessor-version":[{"id":3873,"href":"https:\/\/concept-clinic.ch\/ru\/wp-json\/wp\/v2\/pages\/868\/revisions\/3873"}],"up":[{"embeddable":true,"href":"https:\/\/concept-clinic.ch\/ru\/wp-json\/wp\/v2\/pages\/873"}],"wp:featuredmedia":[{"embeddable":true,"href":"https:\/\/concept-clinic.ch\/ru\/wp-json\/wp\/v2\/media\/1610"}],"wp:attachment":[{"href":"https:\/\/concept-clinic.ch\/ru\/wp-json\/wp\/v2\/media?parent=868"}],"curies":[{"name":"wp","href":"https:\/\/api.w.org\/{rel}","templated":true}]}}