{"id":863,"date":"2022-10-21T09:54:27","date_gmt":"2022-10-21T07:54:27","guid":{"rendered":"https:\/\/concept-clinic.ch\/mesotherapie\/"},"modified":"2023-01-26T10:59:53","modified_gmt":"2023-01-26T09:59:53","slug":"%d0%bc%d0%b5%d0%b7%d0%be%d1%82%d0%b5%d1%80%d0%b0%d0%bf%d0%b8%d1%8f","status":"publish","type":"page","link":"https:\/\/concept-clinic.ch\/ru\/%d0%bf%d1%80%d0%be%d1%86%d0%b5%d0%b4%d1%83%d1%80%d1%8b\/%d0%bc%d0%be%d1%80%d1%89%d0%b8%d0%bd%d1%8b-%d0%b8-%d1%81%d0%bb%d0%b5%d0%b4%d1%8b-%d1%81%d1%82%d0%b0%d1%80%d0%b5%d0%bd%d0%b8%d1%8f-%d0%ba%d0%be%d0%b6%d0%b8\/%d0%bc%d0%b5%d0%b7%d0%be%d1%82%d0%b5%d1%80%d0%b0%d0%bf%d0%b8%d1%8f\/","title":{"rendered":"\u041c\u0435\u0437\u043e\u0442\u0435\u0440\u0430\u043f\u0438\u044f \u0432 \u0416\u0435\u043d\u0435\u0432\u0435"},"content":{"rendered":"","protected":false},"excerpt":{"rendered":"","protected":false},"author":1,"featured_media":1604,"parent":873,"menu_order":25,"comment_status":"closed","ping_status":"closed","template":"templates\/page-intervention.php","meta":{"_acf_changed":false,"footnotes":""},"acf":[],"yoast_head":"<!-- This site is optimized with the Yoast SEO plugin v22.7 - https:\/\/yoast.com\/wordpress\/plugins\/seo\/ -->\n<title>\u041c\u0435\u0437\u043e\u0442\u0435\u0440\u0430\u043f\u0438\u044f - Concept Clinic | \u0416\u0435\u043d\u0435\u0432\u0430<\/title>\n<meta name=\"description\" content=\"\u041c\u0435\u0437\u043e\u0442\u0435\u0440\u0430\u043f\u0438\u044f \u043b\u0438\u0446\u0430, \u0438\u043b\u0438 \u043c\u0435\u0437\u043e\u043b\u0438\u0444\u0442\u0438\u043d\u0433, - \u043f\u0440\u043e\u0446\u0435\u0434\u0443\u0440\u0430 \u043e\u043c\u043e\u043b\u043e\u0436\u0435\u043d\u0438\u044f \u043a\u043e\u0436\u0438 \u043b\u0438\u0446\u0430, \u043d\u0430\u043f\u0440\u0430\u0432\u043b\u0435\u043d\u043d\u0430\u044f \u043d\u0430 \u0437\u0430\u043c\u0435\u0434\u043b\u0435\u043d\u0438\u0435 \u0438 \u043f\u0440\u0435\u0434\u043e\u0442\u0432\u0440\u0430\u0449\u0435\u043d\u0438\u0435 \u0432\u043e\u0437\u0440\u0430\u0441\u0442\u043d\u044b\u0445 \u0438\u0437\u043c\u0435\u043d\u0435\u043d\u0438\u0439.\" \/>\n<meta name=\"robots\" content=\"index, follow, max-snippet:-1, max-image-preview:large, max-video-preview:-1\" \/>\n<link rel=\"canonical\" href=\"https:\/\/concept-clinic.ch\/ru\/%d0%bf%d1%80%d0%be%d1%86%d0%b5%d0%b4%d1%83%d1%80%d1%8b\/%d0%bc%d0%be%d1%80%d1%89%d0%b8%d0%bd%d1%8b-%d0%b8-%d1%81%d0%bb%d0%b5%d0%b4%d1%8b-%d1%81%d1%82%d0%b0%d1%80%d0%b5%d0%bd%d0%b8%d1%8f-%d0%ba%d0%be%d0%b6%d0%b8\/%d0%bc%d0%b5%d0%b7%d0%be%d1%82%d0%b5%d1%80%d0%b0%d0%bf%d0%b8%d1%8f\/\" \/>\n<meta property=\"og:locale\" content=\"ru_RU\" \/>\n<meta property=\"og:type\" content=\"article\" \/>\n<meta property=\"og:title\" content=\"\u041c\u0435\u0437\u043e\u0442\u0435\u0440\u0430\u043f\u0438\u044f - Concept Clinic | \u0416\u0435\u043d\u0435\u0432\u0430\" \/>\n<meta property=\"og:description\" content=\"\u041c\u0435\u0437\u043e\u0442\u0435\u0440\u0430\u043f\u0438\u044f \u043b\u0438\u0446\u0430, \u0438\u043b\u0438 \u043c\u0435\u0437\u043e\u043b\u0438\u0444\u0442\u0438\u043d\u0433, - \u043f\u0440\u043e\u0446\u0435\u0434\u0443\u0440\u0430 \u043e\u043c\u043e\u043b\u043e\u0436\u0435\u043d\u0438\u044f \u043a\u043e\u0436\u0438 \u043b\u0438\u0446\u0430, \u043d\u0430\u043f\u0440\u0430\u0432\u043b\u0435\u043d\u043d\u0430\u044f \u043d\u0430 \u0437\u0430\u043c\u0435\u0434\u043b\u0435\u043d\u0438\u0435 \u0438 \u043f\u0440\u0435\u0434\u043e\u0442\u0432\u0440\u0430\u0449\u0435\u043d\u0438\u0435 \u0432\u043e\u0437\u0440\u0430\u0441\u0442\u043d\u044b\u0445 \u0438\u0437\u043c\u0435\u043d\u0435\u043d\u0438\u0439.\" \/>\n<meta property=\"og:url\" content=\"https:\/\/concept-clinic.ch\/ru\/%d0%bf%d1%80%d0%be%d1%86%d0%b5%d0%b4%d1%83%d1%80%d1%8b\/%d0%bc%d0%be%d1%80%d1%89%d0%b8%d0%bd%d1%8b-%d0%b8-%d1%81%d0%bb%d0%b5%d0%b4%d1%8b-%d1%81%d1%82%d0%b0%d1%80%d0%b5%d0%bd%d0%b8%d1%8f-%d0%ba%d0%be%d0%b6%d0%b8\/%d0%bc%d0%b5%d0%b7%d0%be%d1%82%d0%b5%d1%80%d0%b0%d0%bf%d0%b8%d1%8f\/\" \/>\n<meta property=\"og:site_name\" content=\"Chirurgie esth\u00e9tique Gen\u00e8ve\" \/>\n<meta property=\"article:publisher\" content=\"https:\/\/www.facebook.com\/p\/Concept-Clinic-100069028287117\/?paipv=0&amp;eav=AfYuwN39e-xs2uLRvzuAZWTzJLyRb7bpj-N1BdRN5mulHoituiZpJYZpLOVv-wJDQYU&amp;_rdr\" \/>\n<meta property=\"article:modified_time\" content=\"2023-01-26T09:59:53+00:00\" \/>\n<meta property=\"og:image\" content=\"https:\/\/concept-clinic.ch\/wp-content\/uploads\/2022\/12\/mesotherapy-concept-clinic.jpg\" \/>\n\t<meta property=\"og:image:width\" content=\"853\" \/>\n\t<meta property=\"og:image:height\" content=\"853\" \/>\n\t<meta property=\"og:image:type\" content=\"image\/jpeg\" \/>\n<meta name=\"twitter:card\" content=\"summary_large_image\" \/>\n<script type=\"application\/ld+json\" class=\"yoast-schema-graph\">{\"@context\":\"https:\/\/schema.org\",\"@graph\":[{\"@type\":\"WebPage\",\"@id\":\"https:\/\/concept-clinic.ch\/ru\/%d0%bf%d1%80%d0%be%d1%86%d0%b5%d0%b4%d1%83%d1%80%d1%8b\/%d0%bc%d0%be%d1%80%d1%89%d0%b8%d0%bd%d1%8b-%d0%b8-%d1%81%d0%bb%d0%b5%d0%b4%d1%8b-%d1%81%d1%82%d0%b0%d1%80%d0%b5%d0%bd%d0%b8%d1%8f-%d0%ba%d0%be%d0%b6%d0%b8\/%d0%bc%d0%b5%d0%b7%d0%be%d1%82%d0%b5%d1%80%d0%b0%d0%bf%d0%b8%d1%8f\/\",\"url\":\"https:\/\/concept-clinic.ch\/ru\/%d0%bf%d1%80%d0%be%d1%86%d0%b5%d0%b4%d1%83%d1%80%d1%8b\/%d0%bc%d0%be%d1%80%d1%89%d0%b8%d0%bd%d1%8b-%d0%b8-%d1%81%d0%bb%d0%b5%d0%b4%d1%8b-%d1%81%d1%82%d0%b0%d1%80%d0%b5%d0%bd%d0%b8%d1%8f-%d0%ba%d0%be%d0%b6%d0%b8\/%d0%bc%d0%b5%d0%b7%d0%be%d1%82%d0%b5%d1%80%d0%b0%d0%bf%d0%b8%d1%8f\/\",\"name\":\"\u041c\u0435\u0437\u043e\u0442\u0435\u0440\u0430\u043f\u0438\u044f - Concept Clinic | \u0416\u0435\u043d\u0435\u0432\u0430\",\"isPartOf\":{\"@id\":\"https:\/\/concept-clinic.ch\/ru\/#website\"},\"primaryImageOfPage\":{\"@id\":\"https:\/\/concept-clinic.ch\/ru\/%d0%bf%d1%80%d0%be%d1%86%d0%b5%d0%b4%d1%83%d1%80%d1%8b\/%d0%bc%d0%be%d1%80%d1%89%d0%b8%d0%bd%d1%8b-%d0%b8-%d1%81%d0%bb%d0%b5%d0%b4%d1%8b-%d1%81%d1%82%d0%b0%d1%80%d0%b5%d0%bd%d0%b8%d1%8f-%d0%ba%d0%be%d0%b6%d0%b8\/%d0%bc%d0%b5%d0%b7%d0%be%d1%82%d0%b5%d1%80%d0%b0%d0%bf%d0%b8%d1%8f\/#primaryimage\"},\"image\":{\"@id\":\"https:\/\/concept-clinic.ch\/ru\/%d0%bf%d1%80%d0%be%d1%86%d0%b5%d0%b4%d1%83%d1%80%d1%8b\/%d0%bc%d0%be%d1%80%d1%89%d0%b8%d0%bd%d1%8b-%d0%b8-%d1%81%d0%bb%d0%b5%d0%b4%d1%8b-%d1%81%d1%82%d0%b0%d1%80%d0%b5%d0%bd%d0%b8%d1%8f-%d0%ba%d0%be%d0%b6%d0%b8\/%d0%bc%d0%b5%d0%b7%d0%be%d1%82%d0%b5%d1%80%d0%b0%d0%bf%d0%b8%d1%8f\/#primaryimage\"},\"thumbnailUrl\":\"https:\/\/concept-clinic.ch\/wp-content\/uploads\/2022\/12\/mesotherapy-concept-clinic.jpg\",\"datePublished\":\"2022-10-21T07:54:27+00:00\",\"dateModified\":\"2023-01-26T09:59:53+00:00\",\"description\":\"\u041c\u0435\u0437\u043e\u0442\u0435\u0440\u0430\u043f\u0438\u044f \u043b\u0438\u0446\u0430, \u0438\u043b\u0438 \u043c\u0435\u0437\u043e\u043b\u0438\u0444\u0442\u0438\u043d\u0433, - \u043f\u0440\u043e\u0446\u0435\u0434\u0443\u0440\u0430 \u043e\u043c\u043e\u043b\u043e\u0436\u0435\u043d\u0438\u044f \u043a\u043e\u0436\u0438 \u043b\u0438\u0446\u0430, \u043d\u0430\u043f\u0440\u0430\u0432\u043b\u0435\u043d\u043d\u0430\u044f \u043d\u0430 \u0437\u0430\u043c\u0435\u0434\u043b\u0435\u043d\u0438\u0435 \u0438 \u043f\u0440\u0435\u0434\u043e\u0442\u0432\u0440\u0430\u0449\u0435\u043d\u0438\u0435 \u0432\u043e\u0437\u0440\u0430\u0441\u0442\u043d\u044b\u0445 \u0438\u0437\u043c\u0435\u043d\u0435\u043d\u0438\u0439.\",\"breadcrumb\":{\"@id\":\"https:\/\/concept-clinic.ch\/ru\/%d0%bf%d1%80%d0%be%d1%86%d0%b5%d0%b4%d1%83%d1%80%d1%8b\/%d0%bc%d0%be%d1%80%d1%89%d0%b8%d0%bd%d1%8b-%d0%b8-%d1%81%d0%bb%d0%b5%d0%b4%d1%8b-%d1%81%d1%82%d0%b0%d1%80%d0%b5%d0%bd%d0%b8%d1%8f-%d0%ba%d0%be%d0%b6%d0%b8\/%d0%bc%d0%b5%d0%b7%d0%be%d1%82%d0%b5%d1%80%d0%b0%d0%bf%d0%b8%d1%8f\/#breadcrumb\"},\"inLanguage\":\"ru-RU\",\"potentialAction\":[{\"@type\":\"ReadAction\",\"target\":[\"https:\/\/concept-clinic.ch\/ru\/%d0%bf%d1%80%d0%be%d1%86%d0%b5%d0%b4%d1%83%d1%80%d1%8b\/%d0%bc%d0%be%d1%80%d1%89%d0%b8%d0%bd%d1%8b-%d0%b8-%d1%81%d0%bb%d0%b5%d0%b4%d1%8b-%d1%81%d1%82%d0%b0%d1%80%d0%b5%d0%bd%d0%b8%d1%8f-%d0%ba%d0%be%d0%b6%d0%b8\/%d0%bc%d0%b5%d0%b7%d0%be%d1%82%d0%b5%d1%80%d0%b0%d0%bf%d0%b8%d1%8f\/\"]}]},{\"@type\":\"ImageObject\",\"inLanguage\":\"ru-RU\",\"@id\":\"https:\/\/concept-clinic.ch\/ru\/%d0%bf%d1%80%d0%be%d1%86%d0%b5%d0%b4%d1%83%d1%80%d1%8b\/%d0%bc%d0%be%d1%80%d1%89%d0%b8%d0%bd%d1%8b-%d0%b8-%d1%81%d0%bb%d0%b5%d0%b4%d1%8b-%d1%81%d1%82%d0%b0%d1%80%d0%b5%d0%bd%d0%b8%d1%8f-%d0%ba%d0%be%d0%b6%d0%b8\/%d0%bc%d0%b5%d0%b7%d0%be%d1%82%d0%b5%d1%80%d0%b0%d0%bf%d0%b8%d1%8f\/#primaryimage\",\"url\":\"https:\/\/concept-clinic.ch\/wp-content\/uploads\/2022\/12\/mesotherapy-concept-clinic.jpg\",\"contentUrl\":\"https:\/\/concept-clinic.ch\/wp-content\/uploads\/2022\/12\/mesotherapy-concept-clinic.jpg\",\"width\":853,\"height\":853,\"caption\":\"Photo d'une patiente et du Dr. Schlaudraff utilisant la m\u00e9soth\u00e9rapie comme traitement esth\u00e9tique des rides et du vieillissement chez Concept Clinic\"},{\"@type\":\"BreadcrumbList\",\"@id\":\"https:\/\/concept-clinic.ch\/ru\/%d0%bf%d1%80%d0%be%d1%86%d0%b5%d0%b4%d1%83%d1%80%d1%8b\/%d0%bc%d0%be%d1%80%d1%89%d0%b8%d0%bd%d1%8b-%d0%b8-%d1%81%d0%bb%d0%b5%d0%b4%d1%8b-%d1%81%d1%82%d0%b0%d1%80%d0%b5%d0%bd%d0%b8%d1%8f-%d0%ba%d0%be%d0%b6%d0%b8\/%d0%bc%d0%b5%d0%b7%d0%be%d1%82%d0%b5%d1%80%d0%b0%d0%bf%d0%b8%d1%8f\/#breadcrumb\",\"itemListElement\":[{\"@type\":\"ListItem\",\"position\":1,\"name\":\"Accueil\",\"item\":\"https:\/\/concept-clinic.ch\/ru\/\"},{\"@type\":\"ListItem\",\"position\":2,\"name\":\"\u041f\u0440\u043e\u0446\u0435\u0434\u0443\u0440\u044b \u0432 \u0416\u0435\u043d\u0435\u0432\u0435\",\"item\":\"https:\/\/concept-clinic.ch\/ru\/%d0%bf%d1%80%d0%be%d1%86%d0%b5%d0%b4%d1%83%d1%80%d1%8b\/\"},{\"@type\":\"ListItem\",\"position\":3,\"name\":\"\u041c\u043e\u0440\u0449\u0438\u043d\u044b \u0438 \u0441\u043b\u0435\u0434\u044b \u0441\u0442\u0430\u0440\u0435\u043d\u0438\u044f \u043a\u043e\u0436\u0438 \u0432 \u0416\u0435\u043d\u0435\u0432\u0435\",\"item\":\"https:\/\/concept-clinic.ch\/ru\/%d0%bf%d1%80%d0%be%d1%86%d0%b5%d0%b4%d1%83%d1%80%d1%8b\/%d0%bc%d0%be%d1%80%d1%89%d0%b8%d0%bd%d1%8b-%d0%b8-%d1%81%d0%bb%d0%b5%d0%b4%d1%8b-%d1%81%d1%82%d0%b0%d1%80%d0%b5%d0%bd%d0%b8%d1%8f-%d0%ba%d0%be%d0%b6%d0%b8\/\"},{\"@type\":\"ListItem\",\"position\":4,\"name\":\"\u041c\u0435\u0437\u043e\u0442\u0435\u0440\u0430\u043f\u0438\u044f \u0432 \u0416\u0435\u043d\u0435\u0432\u0435\"}]},{\"@type\":\"WebSite\",\"@id\":\"https:\/\/concept-clinic.ch\/ru\/#website\",\"url\":\"https:\/\/concept-clinic.ch\/ru\/\",\"name\":\"Dr Schlaudraff | Concept Clinic\",\"description\":\"Clinique de chirurgie &amp; de m\u00e9decine esth\u00e9tique \u00e0 Gen\u00e8ve\",\"publisher\":{\"@id\":\"https:\/\/concept-clinic.ch\/ru\/#organization\"},\"alternateName\":\"Concept Clinic\",\"potentialAction\":[{\"@type\":\"SearchAction\",\"target\":{\"@type\":\"EntryPoint\",\"urlTemplate\":\"https:\/\/concept-clinic.ch\/ru\/?s={search_term_string}\"},\"query-input\":\"required name=search_term_string\"}],\"inLanguage\":\"ru-RU\"},{\"@type\":\"Organization\",\"@id\":\"https:\/\/concept-clinic.ch\/ru\/#organization\",\"name\":\"Dr Schlaudraff | Concept Clinic\",\"alternateName\":\"Concept Clinic\",\"url\":\"https:\/\/concept-clinic.ch\/ru\/\",\"logo\":{\"@type\":\"ImageObject\",\"inLanguage\":\"ru-RU\",\"@id\":\"https:\/\/concept-clinic.ch\/ru\/#\/schema\/logo\/image\/\",\"url\":\"https:\/\/concept-clinic.ch\/wp-content\/uploads\/2023\/11\/Capture-decran-2023-11-16-a-08.44.56.png\",\"contentUrl\":\"https:\/\/concept-clinic.ch\/wp-content\/uploads\/2023\/11\/Capture-decran-2023-11-16-a-08.44.56.png\",\"width\":292,\"height\":144,\"caption\":\"Dr Schlaudraff | Concept Clinic\"},\"image\":{\"@id\":\"https:\/\/concept-clinic.ch\/ru\/#\/schema\/logo\/image\/\"},\"sameAs\":[\"https:\/\/www.facebook.com\/p\/Concept-Clinic-100069028287117\/?paipv=0&eav=AfYuwN39e-xs2uLRvzuAZWTzJLyRb7bpj-N1BdRN5mulHoituiZpJYZpLOVv-wJDQYU&_rdr\"]}]}<\/script>\n<!-- \/ Yoast SEO plugin. -->","yoast_head_json":{"title":"\u041c\u0435\u0437\u043e\u0442\u0435\u0440\u0430\u043f\u0438\u044f - Concept Clinic | \u0416\u0435\u043d\u0435\u0432\u0430","description":"\u041c\u0435\u0437\u043e\u0442\u0435\u0440\u0430\u043f\u0438\u044f \u043b\u0438\u0446\u0430, \u0438\u043b\u0438 \u043c\u0435\u0437\u043e\u043b\u0438\u0444\u0442\u0438\u043d\u0433, - \u043f\u0440\u043e\u0446\u0435\u0434\u0443\u0440\u0430 \u043e\u043c\u043e\u043b\u043e\u0436\u0435\u043d\u0438\u044f \u043a\u043e\u0436\u0438 \u043b\u0438\u0446\u0430, \u043d\u0430\u043f\u0440\u0430\u0432\u043b\u0435\u043d\u043d\u0430\u044f \u043d\u0430 \u0437\u0430\u043c\u0435\u0434\u043b\u0435\u043d\u0438\u0435 \u0438 \u043f\u0440\u0435\u0434\u043e\u0442\u0432\u0440\u0430\u0449\u0435\u043d\u0438\u0435 \u0432\u043e\u0437\u0440\u0430\u0441\u0442\u043d\u044b\u0445 \u0438\u0437\u043c\u0435\u043d\u0435\u043d\u0438\u0439.","robots":{"index":"index","follow":"follow","max-snippet":"max-snippet:-1","max-image-preview":"max-image-preview:large","max-video-preview":"max-video-preview:-1"},"canonical":"https:\/\/concept-clinic.ch\/ru\/%d0%bf%d1%80%d0%be%d1%86%d0%b5%d0%b4%d1%83%d1%80%d1%8b\/%d0%bc%d0%be%d1%80%d1%89%d0%b8%d0%bd%d1%8b-%d0%b8-%d1%81%d0%bb%d0%b5%d0%b4%d1%8b-%d1%81%d1%82%d0%b0%d1%80%d0%b5%d0%bd%d0%b8%d1%8f-%d0%ba%d0%be%d0%b6%d0%b8\/%d0%bc%d0%b5%d0%b7%d0%be%d1%82%d0%b5%d1%80%d0%b0%d0%bf%d0%b8%d1%8f\/","og_locale":"ru_RU","og_type":"article","og_title":"\u041c\u0435\u0437\u043e\u0442\u0435\u0440\u0430\u043f\u0438\u044f - Concept Clinic | \u0416\u0435\u043d\u0435\u0432\u0430","og_description":"\u041c\u0435\u0437\u043e\u0442\u0435\u0440\u0430\u043f\u0438\u044f \u043b\u0438\u0446\u0430, \u0438\u043b\u0438 \u043c\u0435\u0437\u043e\u043b\u0438\u0444\u0442\u0438\u043d\u0433, - \u043f\u0440\u043e\u0446\u0435\u0434\u0443\u0440\u0430 \u043e\u043c\u043e\u043b\u043e\u0436\u0435\u043d\u0438\u044f \u043a\u043e\u0436\u0438 \u043b\u0438\u0446\u0430, \u043d\u0430\u043f\u0440\u0430\u0432\u043b\u0435\u043d\u043d\u0430\u044f \u043d\u0430 \u0437\u0430\u043c\u0435\u0434\u043b\u0435\u043d\u0438\u0435 \u0438 \u043f\u0440\u0435\u0434\u043e\u0442\u0432\u0440\u0430\u0449\u0435\u043d\u0438\u0435 \u0432\u043e\u0437\u0440\u0430\u0441\u0442\u043d\u044b\u0445 \u0438\u0437\u043c\u0435\u043d\u0435\u043d\u0438\u0439.","og_url":"https:\/\/concept-clinic.ch\/ru\/%d0%bf%d1%80%d0%be%d1%86%d0%b5%d0%b4%d1%83%d1%80%d1%8b\/%d0%bc%d0%be%d1%80%d1%89%d0%b8%d0%bd%d1%8b-%d0%b8-%d1%81%d0%bb%d0%b5%d0%b4%d1%8b-%d1%81%d1%82%d0%b0%d1%80%d0%b5%d0%bd%d0%b8%d1%8f-%d0%ba%d0%be%d0%b6%d0%b8\/%d0%bc%d0%b5%d0%b7%d0%be%d1%82%d0%b5%d1%80%d0%b0%d0%bf%d0%b8%d1%8f\/","og_site_name":"Chirurgie esth\u00e9tique Gen\u00e8ve","article_publisher":"https:\/\/www.facebook.com\/p\/Concept-Clinic-100069028287117\/?paipv=0&eav=AfYuwN39e-xs2uLRvzuAZWTzJLyRb7bpj-N1BdRN5mulHoituiZpJYZpLOVv-wJDQYU&_rdr","article_modified_time":"2023-01-26T09:59:53+00:00","og_image":[{"width":853,"height":853,"url":"https:\/\/concept-clinic.ch\/wp-content\/uploads\/2022\/12\/mesotherapy-concept-clinic.jpg","type":"image\/jpeg"}],"twitter_card":"summary_large_image","schema":{"@context":"https:\/\/schema.org","@graph":[{"@type":"WebPage","@id":"https:\/\/concept-clinic.ch\/ru\/%d0%bf%d1%80%d0%be%d1%86%d0%b5%d0%b4%d1%83%d1%80%d1%8b\/%d0%bc%d0%be%d1%80%d1%89%d0%b8%d0%bd%d1%8b-%d0%b8-%d1%81%d0%bb%d0%b5%d0%b4%d1%8b-%d1%81%d1%82%d0%b0%d1%80%d0%b5%d0%bd%d0%b8%d1%8f-%d0%ba%d0%be%d0%b6%d0%b8\/%d0%bc%d0%b5%d0%b7%d0%be%d1%82%d0%b5%d1%80%d0%b0%d0%bf%d0%b8%d1%8f\/","url":"https:\/\/concept-clinic.ch\/ru\/%d0%bf%d1%80%d0%be%d1%86%d0%b5%d0%b4%d1%83%d1%80%d1%8b\/%d0%bc%d0%be%d1%80%d1%89%d0%b8%d0%bd%d1%8b-%d0%b8-%d1%81%d0%bb%d0%b5%d0%b4%d1%8b-%d1%81%d1%82%d0%b0%d1%80%d0%b5%d0%bd%d0%b8%d1%8f-%d0%ba%d0%be%d0%b6%d0%b8\/%d0%bc%d0%b5%d0%b7%d0%be%d1%82%d0%b5%d1%80%d0%b0%d0%bf%d0%b8%d1%8f\/","name":"\u041c\u0435\u0437\u043e\u0442\u0435\u0440\u0430\u043f\u0438\u044f - Concept Clinic | \u0416\u0435\u043d\u0435\u0432\u0430","isPartOf":{"@id":"https:\/\/concept-clinic.ch\/ru\/#website"},"primaryImageOfPage":{"@id":"https:\/\/concept-clinic.ch\/ru\/%d0%bf%d1%80%d0%be%d1%86%d0%b5%d0%b4%d1%83%d1%80%d1%8b\/%d0%bc%d0%be%d1%80%d1%89%d0%b8%d0%bd%d1%8b-%d0%b8-%d1%81%d0%bb%d0%b5%d0%b4%d1%8b-%d1%81%d1%82%d0%b0%d1%80%d0%b5%d0%bd%d0%b8%d1%8f-%d0%ba%d0%be%d0%b6%d0%b8\/%d0%bc%d0%b5%d0%b7%d0%be%d1%82%d0%b5%d1%80%d0%b0%d0%bf%d0%b8%d1%8f\/#primaryimage"},"image":{"@id":"https:\/\/concept-clinic.ch\/ru\/%d0%bf%d1%80%d0%be%d1%86%d0%b5%d0%b4%d1%83%d1%80%d1%8b\/%d0%bc%d0%be%d1%80%d1%89%d0%b8%d0%bd%d1%8b-%d0%b8-%d1%81%d0%bb%d0%b5%d0%b4%d1%8b-%d1%81%d1%82%d0%b0%d1%80%d0%b5%d0%bd%d0%b8%d1%8f-%d0%ba%d0%be%d0%b6%d0%b8\/%d0%bc%d0%b5%d0%b7%d0%be%d1%82%d0%b5%d1%80%d0%b0%d0%bf%d0%b8%d1%8f\/#primaryimage"},"thumbnailUrl":"https:\/\/concept-clinic.ch\/wp-content\/uploads\/2022\/12\/mesotherapy-concept-clinic.jpg","datePublished":"2022-10-21T07:54:27+00:00","dateModified":"2023-01-26T09:59:53+00:00","description":"\u041c\u0435\u0437\u043e\u0442\u0435\u0440\u0430\u043f\u0438\u044f \u043b\u0438\u0446\u0430, \u0438\u043b\u0438 \u043c\u0435\u0437\u043e\u043b\u0438\u0444\u0442\u0438\u043d\u0433, - \u043f\u0440\u043e\u0446\u0435\u0434\u0443\u0440\u0430 \u043e\u043c\u043e\u043b\u043e\u0436\u0435\u043d\u0438\u044f \u043a\u043e\u0436\u0438 \u043b\u0438\u0446\u0430, \u043d\u0430\u043f\u0440\u0430\u0432\u043b\u0435\u043d\u043d\u0430\u044f \u043d\u0430 \u0437\u0430\u043c\u0435\u0434\u043b\u0435\u043d\u0438\u0435 \u0438 \u043f\u0440\u0435\u0434\u043e\u0442\u0432\u0440\u0430\u0449\u0435\u043d\u0438\u0435 \u0432\u043e\u0437\u0440\u0430\u0441\u0442\u043d\u044b\u0445 \u0438\u0437\u043c\u0435\u043d\u0435\u043d\u0438\u0439.","breadcrumb":{"@id":"https:\/\/concept-clinic.ch\/ru\/%d0%bf%d1%80%d0%be%d1%86%d0%b5%d0%b4%d1%83%d1%80%d1%8b\/%d0%bc%d0%be%d1%80%d1%89%d0%b8%d0%bd%d1%8b-%d0%b8-%d1%81%d0%bb%d0%b5%d0%b4%d1%8b-%d1%81%d1%82%d0%b0%d1%80%d0%b5%d0%bd%d0%b8%d1%8f-%d0%ba%d0%be%d0%b6%d0%b8\/%d0%bc%d0%b5%d0%b7%d0%be%d1%82%d0%b5%d1%80%d0%b0%d0%bf%d0%b8%d1%8f\/#breadcrumb"},"inLanguage":"ru-RU","potentialAction":[{"@type":"ReadAction","target":["https:\/\/concept-clinic.ch\/ru\/%d0%bf%d1%80%d0%be%d1%86%d0%b5%d0%b4%d1%83%d1%80%d1%8b\/%d0%bc%d0%be%d1%80%d1%89%d0%b8%d0%bd%d1%8b-%d0%b8-%d1%81%d0%bb%d0%b5%d0%b4%d1%8b-%d1%81%d1%82%d0%b0%d1%80%d0%b5%d0%bd%d0%b8%d1%8f-%d0%ba%d0%be%d0%b6%d0%b8\/%d0%bc%d0%b5%d0%b7%d0%be%d1%82%d0%b5%d1%80%d0%b0%d0%bf%d0%b8%d1%8f\/"]}]},{"@type":"ImageObject","inLanguage":"ru-RU","@id":"https:\/\/concept-clinic.ch\/ru\/%d0%bf%d1%80%d0%be%d1%86%d0%b5%d0%b4%d1%83%d1%80%d1%8b\/%d0%bc%d0%be%d1%80%d1%89%d0%b8%d0%bd%d1%8b-%d0%b8-%d1%81%d0%bb%d0%b5%d0%b4%d1%8b-%d1%81%d1%82%d0%b0%d1%80%d0%b5%d0%bd%d0%b8%d1%8f-%d0%ba%d0%be%d0%b6%d0%b8\/%d0%bc%d0%b5%d0%b7%d0%be%d1%82%d0%b5%d1%80%d0%b0%d0%bf%d0%b8%d1%8f\/#primaryimage","url":"https:\/\/concept-clinic.ch\/wp-content\/uploads\/2022\/12\/mesotherapy-concept-clinic.jpg","contentUrl":"https:\/\/concept-clinic.ch\/wp-content\/uploads\/2022\/12\/mesotherapy-concept-clinic.jpg","width":853,"height":853,"caption":"Photo d'une patiente et du Dr. Schlaudraff utilisant la m\u00e9soth\u00e9rapie comme traitement esth\u00e9tique des rides et du vieillissement chez Concept Clinic"},{"@type":"BreadcrumbList","@id":"https:\/\/concept-clinic.ch\/ru\/%d0%bf%d1%80%d0%be%d1%86%d0%b5%d0%b4%d1%83%d1%80%d1%8b\/%d0%bc%d0%be%d1%80%d1%89%d0%b8%d0%bd%d1%8b-%d0%b8-%d1%81%d0%bb%d0%b5%d0%b4%d1%8b-%d1%81%d1%82%d0%b0%d1%80%d0%b5%d0%bd%d0%b8%d1%8f-%d0%ba%d0%be%d0%b6%d0%b8\/%d0%bc%d0%b5%d0%b7%d0%be%d1%82%d0%b5%d1%80%d0%b0%d0%bf%d0%b8%d1%8f\/#breadcrumb","itemListElement":[{"@type":"ListItem","position":1,"name":"Accueil","item":"https:\/\/concept-clinic.ch\/ru\/"},{"@type":"ListItem","position":2,"name":"\u041f\u0440\u043e\u0446\u0435\u0434\u0443\u0440\u044b \u0432 \u0416\u0435\u043d\u0435\u0432\u0435","item":"https:\/\/concept-clinic.ch\/ru\/%d0%bf%d1%80%d0%be%d1%86%d0%b5%d0%b4%d1%83%d1%80%d1%8b\/"},{"@type":"ListItem","position":3,"name":"\u041c\u043e\u0440\u0449\u0438\u043d\u044b \u0438 \u0441\u043b\u0435\u0434\u044b \u0441\u0442\u0430\u0440\u0435\u043d\u0438\u044f \u043a\u043e\u0436\u0438 \u0432 \u0416\u0435\u043d\u0435\u0432\u0435","item":"https:\/\/concept-clinic.ch\/ru\/%d0%bf%d1%80%d0%be%d1%86%d0%b5%d0%b4%d1%83%d1%80%d1%8b\/%d0%bc%d0%be%d1%80%d1%89%d0%b8%d0%bd%d1%8b-%d0%b8-%d1%81%d0%bb%d0%b5%d0%b4%d1%8b-%d1%81%d1%82%d0%b0%d1%80%d0%b5%d0%bd%d0%b8%d1%8f-%d0%ba%d0%be%d0%b6%d0%b8\/"},{"@type":"ListItem","position":4,"name":"\u041c\u0435\u0437\u043e\u0442\u0435\u0440\u0430\u043f\u0438\u044f \u0432 \u0416\u0435\u043d\u0435\u0432\u0435"}]},{"@type":"WebSite","@id":"https:\/\/concept-clinic.ch\/ru\/#website","url":"https:\/\/concept-clinic.ch\/ru\/","name":"Dr Schlaudraff | Concept Clinic","description":"Clinique de chirurgie &amp; de m\u00e9decine esth\u00e9tique \u00e0 Gen\u00e8ve","publisher":{"@id":"https:\/\/concept-clinic.ch\/ru\/#organization"},"alternateName":"Concept Clinic","potentialAction":[{"@type":"SearchAction","target":{"@type":"EntryPoint","urlTemplate":"https:\/\/concept-clinic.ch\/ru\/?s={search_term_string}"},"query-input":"required name=search_term_string"}],"inLanguage":"ru-RU"},{"@type":"Organization","@id":"https:\/\/concept-clinic.ch\/ru\/#organization","name":"Dr Schlaudraff | Concept Clinic","alternateName":"Concept Clinic","url":"https:\/\/concept-clinic.ch\/ru\/","logo":{"@type":"ImageObject","inLanguage":"ru-RU","@id":"https:\/\/concept-clinic.ch\/ru\/#\/schema\/logo\/image\/","url":"https:\/\/concept-clinic.ch\/wp-content\/uploads\/2023\/11\/Capture-decran-2023-11-16-a-08.44.56.png","contentUrl":"https:\/\/concept-clinic.ch\/wp-content\/uploads\/2023\/11\/Capture-decran-2023-11-16-a-08.44.56.png","width":292,"height":144,"caption":"Dr Schlaudraff | Concept Clinic"},"image":{"@id":"https:\/\/concept-clinic.ch\/ru\/#\/schema\/logo\/image\/"},"sameAs":["https:\/\/www.facebook.com\/p\/Concept-Clinic-100069028287117\/?paipv=0&eav=AfYuwN39e-xs2uLRvzuAZWTzJLyRb7bpj-N1BdRN5mulHoituiZpJYZpLOVv-wJDQYU&_rdr"]}]}},"_links":{"self":[{"href":"https:\/\/concept-clinic.ch\/ru\/wp-json\/wp\/v2\/pages\/863"}],"collection":[{"href":"https:\/\/concept-clinic.ch\/ru\/wp-json\/wp\/v2\/pages"}],"about":[{"href":"https:\/\/concept-clinic.ch\/ru\/wp-json\/wp\/v2\/types\/page"}],"author":[{"embeddable":true,"href":"https:\/\/concept-clinic.ch\/ru\/wp-json\/wp\/v2\/users\/1"}],"replies":[{"embeddable":true,"href":"https:\/\/concept-clinic.ch\/ru\/wp-json\/wp\/v2\/comments?post=863"}],"version-history":[{"count":3,"href":"https:\/\/concept-clinic.ch\/ru\/wp-json\/wp\/v2\/pages\/863\/revisions"}],"predecessor-version":[{"id":2005,"href":"https:\/\/concept-clinic.ch\/ru\/wp-json\/wp\/v2\/pages\/863\/revisions\/2005"}],"up":[{"embeddable":true,"href":"https:\/\/concept-clinic.ch\/ru\/wp-json\/wp\/v2\/pages\/873"}],"wp:featuredmedia":[{"embeddable":true,"href":"https:\/\/concept-clinic.ch\/ru\/wp-json\/wp\/v2\/media\/1604"}],"wp:attachment":[{"href":"https:\/\/concept-clinic.ch\/ru\/wp-json\/wp\/v2\/media?parent=863"}],"curies":[{"name":"wp","href":"https:\/\/api.w.org\/{rel}","templated":true}]}}