{"id":948,"date":"2022-09-30T15:19:31","date_gmt":"2022-09-30T13:19:31","guid":{"rendered":"https:\/\/concept-clinic.ch\/corps\/"},"modified":"2023-01-26T10:58:35","modified_gmt":"2023-01-26T09:58:35","slug":"body","status":"publish","type":"page","link":"https:\/\/concept-clinic.ch\/en\/plastic-surgery\/body\/","title":{"rendered":"Body surgery"},"content":{"rendered":"","protected":false},"excerpt":{"rendered":"","protected":false},"author":1,"featured_media":2250,"parent":960,"menu_order":27,"comment_status":"closed","ping_status":"closed","template":"templates\/page-parent.php","meta":{"_acf_changed":false,"footnotes":""},"class_list":["post-948","page","type-page","status-publish","has-post-thumbnail","hentry","entry"],"acf":[],"yoast_head":"<!-- This site is optimized with the Yoast SEO plugin v27.3 - https:\/\/yoast.com\/product\/yoast-seo-wordpress\/ -->\n<title>Body surgery | Dr Schlaudraff | Concept Clinic<\/title>\n<meta name=\"description\" content=\"There is neither a perfect body weight nor a single standard model of perfect beauty. It may be that at some point in your life you have a desire to enhance your image and strengthen your confidence in yourself by improving certain parts of your body.\u00a0\" \/>\n<meta name=\"robots\" content=\"index, follow, max-snippet:-1, max-image-preview:large, max-video-preview:-1\" \/>\n<link rel=\"canonical\" href=\"https:\/\/concept-clinic.ch\/en\/plastic-surgery\/body\/\" \/>\n<meta property=\"og:locale\" content=\"en_US\" \/>\n<meta property=\"og:type\" content=\"article\" \/>\n<meta property=\"og:title\" content=\"Body surgery | Dr Schlaudraff | Concept Clinic\" \/>\n<meta property=\"og:description\" content=\"There is neither a perfect body weight nor a single standard model of perfect beauty. It may be that at some point in your life you have a desire to enhance your image and strengthen your confidence in yourself by improving certain parts of your body.\u00a0\" \/>\n<meta property=\"og:url\" content=\"https:\/\/concept-clinic.ch\/en\/plastic-surgery\/body\/\" \/>\n<meta property=\"og:site_name\" content=\"Chirurgie esth\u00e9tique Gen\u00e8ve\" \/>\n<meta property=\"article:publisher\" content=\"https:\/\/www.facebook.com\/p\/Concept-Clinic-100069028287117\/?paipv=0&amp;eav=AfYuwN39e-xs2uLRvzuAZWTzJLyRb7bpj-N1BdRN5mulHoituiZpJYZpLOVv-wJDQYU&amp;_rdr\" \/>\n<meta property=\"article:modified_time\" content=\"2023-01-26T09:58:35+00:00\" \/>\n<meta property=\"og:image\" content=\"https:\/\/concept-clinic.ch\/wp-content\/uploads\/2023\/01\/concept-clinic-chirurgie-du-corps.jpg\" \/>\n\t<meta property=\"og:image:width\" content=\"854\" \/>\n\t<meta property=\"og:image:height\" content=\"1280\" \/>\n\t<meta property=\"og:image:type\" content=\"image\/jpeg\" \/>\n<meta name=\"twitter:card\" content=\"summary_large_image\" \/>\n<script type=\"application\/ld+json\" class=\"yoast-schema-graph\">{\"@context\":\"https:\\\/\\\/schema.org\",\"@graph\":[{\"@type\":\"WebPage\",\"@id\":\"https:\\\/\\\/concept-clinic.ch\\\/en\\\/plastic-surgery\\\/body\\\/\",\"url\":\"https:\\\/\\\/concept-clinic.ch\\\/en\\\/plastic-surgery\\\/body\\\/\",\"name\":\"Body surgery | Dr Schlaudraff | Concept Clinic\",\"isPartOf\":{\"@id\":\"https:\\\/\\\/concept-clinic.ch\\\/en\\\/#website\"},\"primaryImageOfPage\":{\"@id\":\"https:\\\/\\\/concept-clinic.ch\\\/en\\\/plastic-surgery\\\/body\\\/#primaryimage\"},\"image\":{\"@id\":\"https:\\\/\\\/concept-clinic.ch\\\/en\\\/plastic-surgery\\\/body\\\/#primaryimage\"},\"thumbnailUrl\":\"https:\\\/\\\/concept-clinic.ch\\\/wp-content\\\/uploads\\\/2023\\\/01\\\/concept-clinic-chirurgie-du-corps.jpg\",\"datePublished\":\"2022-09-30T13:19:31+00:00\",\"dateModified\":\"2023-01-26T09:58:35+00:00\",\"description\":\"There is neither a perfect body weight nor a single standard model of perfect beauty. It may be that at some point in your life you have a desire to enhance your image and strengthen your confidence in yourself by improving certain parts of your body.\u00a0\",\"breadcrumb\":{\"@id\":\"https:\\\/\\\/concept-clinic.ch\\\/en\\\/plastic-surgery\\\/body\\\/#breadcrumb\"},\"inLanguage\":\"en-US\",\"potentialAction\":[{\"@type\":\"ReadAction\",\"target\":[\"https:\\\/\\\/concept-clinic.ch\\\/en\\\/plastic-surgery\\\/body\\\/\"]}]},{\"@type\":\"ImageObject\",\"inLanguage\":\"en-US\",\"@id\":\"https:\\\/\\\/concept-clinic.ch\\\/en\\\/plastic-surgery\\\/body\\\/#primaryimage\",\"url\":\"https:\\\/\\\/concept-clinic.ch\\\/wp-content\\\/uploads\\\/2023\\\/01\\\/concept-clinic-chirurgie-du-corps.jpg\",\"contentUrl\":\"https:\\\/\\\/concept-clinic.ch\\\/wp-content\\\/uploads\\\/2023\\\/01\\\/concept-clinic-chirurgie-du-corps.jpg\",\"width\":854,\"height\":1280,\"caption\":\"Corps d'une femme afin d'illustrer la chirurgie esth\u00e9tique du corps pratiqu\u00e9 chez Concept Clinic \u00e0 Gen\u00e8ve\"},{\"@type\":\"BreadcrumbList\",\"@id\":\"https:\\\/\\\/concept-clinic.ch\\\/en\\\/plastic-surgery\\\/body\\\/#breadcrumb\",\"itemListElement\":[{\"@type\":\"ListItem\",\"position\":1,\"name\":\"Accueil\",\"item\":\"https:\\\/\\\/concept-clinic.ch\\\/en\\\/\"},{\"@type\":\"ListItem\",\"position\":2,\"name\":\"Plastic surgery in Geneva\",\"item\":\"https:\\\/\\\/concept-clinic.ch\\\/en\\\/plastic-surgery\\\/\"},{\"@type\":\"ListItem\",\"position\":3,\"name\":\"Body surgery\"}]},{\"@type\":\"WebSite\",\"@id\":\"https:\\\/\\\/concept-clinic.ch\\\/en\\\/#website\",\"url\":\"https:\\\/\\\/concept-clinic.ch\\\/en\\\/\",\"name\":\"Dr Schlaudraff | Concept Clinic\",\"description\":\"| Dr Schlaudraff | Concept Clinic\",\"publisher\":{\"@id\":\"https:\\\/\\\/concept-clinic.ch\\\/en\\\/#organization\"},\"alternateName\":\"Concept Clinic\",\"potentialAction\":[{\"@type\":\"SearchAction\",\"target\":{\"@type\":\"EntryPoint\",\"urlTemplate\":\"https:\\\/\\\/concept-clinic.ch\\\/en\\\/?s={search_term_string}\"},\"query-input\":{\"@type\":\"PropertyValueSpecification\",\"valueRequired\":true,\"valueName\":\"search_term_string\"}}],\"inLanguage\":\"en-US\"},{\"@type\":\"Organization\",\"@id\":\"https:\\\/\\\/concept-clinic.ch\\\/en\\\/#organization\",\"name\":\"Dr Schlaudraff | Concept Clinic\",\"alternateName\":\"Concept Clinic\",\"url\":\"https:\\\/\\\/concept-clinic.ch\\\/en\\\/\",\"logo\":{\"@type\":\"ImageObject\",\"inLanguage\":\"en-US\",\"@id\":\"https:\\\/\\\/concept-clinic.ch\\\/en\\\/#\\\/schema\\\/logo\\\/image\\\/\",\"url\":\"https:\\\/\\\/concept-clinic.ch\\\/wp-content\\\/uploads\\\/2023\\\/11\\\/Capture-decran-2023-11-16-a-08.44.56.png\",\"contentUrl\":\"https:\\\/\\\/concept-clinic.ch\\\/wp-content\\\/uploads\\\/2023\\\/11\\\/Capture-decran-2023-11-16-a-08.44.56.png\",\"width\":292,\"height\":144,\"caption\":\"Dr Schlaudraff | Concept Clinic\"},\"image\":{\"@id\":\"https:\\\/\\\/concept-clinic.ch\\\/en\\\/#\\\/schema\\\/logo\\\/image\\\/\"},\"sameAs\":[\"https:\\\/\\\/www.facebook.com\\\/p\\\/Concept-Clinic-100069028287117\\\/?paipv=0&eav=AfYuwN39e-xs2uLRvzuAZWTzJLyRb7bpj-N1BdRN5mulHoituiZpJYZpLOVv-wJDQYU&_rdr\"]}]}<\/script>\n<!-- \/ Yoast SEO plugin. -->","yoast_head_json":{"title":"Body surgery | Dr Schlaudraff | Concept Clinic","description":"There is neither a perfect body weight nor a single standard model of perfect beauty. It may be that at some point in your life you have a desire to enhance your image and strengthen your confidence in yourself by improving certain parts of your body.\u00a0","robots":{"index":"index","follow":"follow","max-snippet":"max-snippet:-1","max-image-preview":"max-image-preview:large","max-video-preview":"max-video-preview:-1"},"canonical":"https:\/\/concept-clinic.ch\/en\/plastic-surgery\/body\/","og_locale":"en_US","og_type":"article","og_title":"Body surgery | Dr Schlaudraff | Concept Clinic","og_description":"There is neither a perfect body weight nor a single standard model of perfect beauty. It may be that at some point in your life you have a desire to enhance your image and strengthen your confidence in yourself by improving certain parts of your body.\u00a0","og_url":"https:\/\/concept-clinic.ch\/en\/plastic-surgery\/body\/","og_site_name":"Chirurgie esth\u00e9tique Gen\u00e8ve","article_publisher":"https:\/\/www.facebook.com\/p\/Concept-Clinic-100069028287117\/?paipv=0&eav=AfYuwN39e-xs2uLRvzuAZWTzJLyRb7bpj-N1BdRN5mulHoituiZpJYZpLOVv-wJDQYU&_rdr","article_modified_time":"2023-01-26T09:58:35+00:00","og_image":[{"width":854,"height":1280,"url":"https:\/\/concept-clinic.ch\/wp-content\/uploads\/2023\/01\/concept-clinic-chirurgie-du-corps.jpg","type":"image\/jpeg"}],"twitter_card":"summary_large_image","schema":{"@context":"https:\/\/schema.org","@graph":[{"@type":"WebPage","@id":"https:\/\/concept-clinic.ch\/en\/plastic-surgery\/body\/","url":"https:\/\/concept-clinic.ch\/en\/plastic-surgery\/body\/","name":"Body surgery | Dr Schlaudraff | Concept Clinic","isPartOf":{"@id":"https:\/\/concept-clinic.ch\/en\/#website"},"primaryImageOfPage":{"@id":"https:\/\/concept-clinic.ch\/en\/plastic-surgery\/body\/#primaryimage"},"image":{"@id":"https:\/\/concept-clinic.ch\/en\/plastic-surgery\/body\/#primaryimage"},"thumbnailUrl":"https:\/\/concept-clinic.ch\/wp-content\/uploads\/2023\/01\/concept-clinic-chirurgie-du-corps.jpg","datePublished":"2022-09-30T13:19:31+00:00","dateModified":"2023-01-26T09:58:35+00:00","description":"There is neither a perfect body weight nor a single standard model of perfect beauty. It may be that at some point in your life you have a desire to enhance your image and strengthen your confidence in yourself by improving certain parts of your body.\u00a0","breadcrumb":{"@id":"https:\/\/concept-clinic.ch\/en\/plastic-surgery\/body\/#breadcrumb"},"inLanguage":"en-US","potentialAction":[{"@type":"ReadAction","target":["https:\/\/concept-clinic.ch\/en\/plastic-surgery\/body\/"]}]},{"@type":"ImageObject","inLanguage":"en-US","@id":"https:\/\/concept-clinic.ch\/en\/plastic-surgery\/body\/#primaryimage","url":"https:\/\/concept-clinic.ch\/wp-content\/uploads\/2023\/01\/concept-clinic-chirurgie-du-corps.jpg","contentUrl":"https:\/\/concept-clinic.ch\/wp-content\/uploads\/2023\/01\/concept-clinic-chirurgie-du-corps.jpg","width":854,"height":1280,"caption":"Corps d'une femme afin d'illustrer la chirurgie esth\u00e9tique du corps pratiqu\u00e9 chez Concept Clinic \u00e0 Gen\u00e8ve"},{"@type":"BreadcrumbList","@id":"https:\/\/concept-clinic.ch\/en\/plastic-surgery\/body\/#breadcrumb","itemListElement":[{"@type":"ListItem","position":1,"name":"Accueil","item":"https:\/\/concept-clinic.ch\/en\/"},{"@type":"ListItem","position":2,"name":"Plastic surgery in Geneva","item":"https:\/\/concept-clinic.ch\/en\/plastic-surgery\/"},{"@type":"ListItem","position":3,"name":"Body surgery"}]},{"@type":"WebSite","@id":"https:\/\/concept-clinic.ch\/en\/#website","url":"https:\/\/concept-clinic.ch\/en\/","name":"Dr Schlaudraff | Concept Clinic","description":"| Dr Schlaudraff | Concept Clinic","publisher":{"@id":"https:\/\/concept-clinic.ch\/en\/#organization"},"alternateName":"Concept Clinic","potentialAction":[{"@type":"SearchAction","target":{"@type":"EntryPoint","urlTemplate":"https:\/\/concept-clinic.ch\/en\/?s={search_term_string}"},"query-input":{"@type":"PropertyValueSpecification","valueRequired":true,"valueName":"search_term_string"}}],"inLanguage":"en-US"},{"@type":"Organization","@id":"https:\/\/concept-clinic.ch\/en\/#organization","name":"Dr Schlaudraff | Concept Clinic","alternateName":"Concept Clinic","url":"https:\/\/concept-clinic.ch\/en\/","logo":{"@type":"ImageObject","inLanguage":"en-US","@id":"https:\/\/concept-clinic.ch\/en\/#\/schema\/logo\/image\/","url":"https:\/\/concept-clinic.ch\/wp-content\/uploads\/2023\/11\/Capture-decran-2023-11-16-a-08.44.56.png","contentUrl":"https:\/\/concept-clinic.ch\/wp-content\/uploads\/2023\/11\/Capture-decran-2023-11-16-a-08.44.56.png","width":292,"height":144,"caption":"Dr Schlaudraff | Concept Clinic"},"image":{"@id":"https:\/\/concept-clinic.ch\/en\/#\/schema\/logo\/image\/"},"sameAs":["https:\/\/www.facebook.com\/p\/Concept-Clinic-100069028287117\/?paipv=0&eav=AfYuwN39e-xs2uLRvzuAZWTzJLyRb7bpj-N1BdRN5mulHoituiZpJYZpLOVv-wJDQYU&_rdr"]}]}},"_links":{"self":[{"href":"https:\/\/concept-clinic.ch\/en\/wp-json\/wp\/v2\/pages\/948","targetHints":{"allow":["GET"]}}],"collection":[{"href":"https:\/\/concept-clinic.ch\/en\/wp-json\/wp\/v2\/pages"}],"about":[{"href":"https:\/\/concept-clinic.ch\/en\/wp-json\/wp\/v2\/types\/page"}],"author":[{"embeddable":true,"href":"https:\/\/concept-clinic.ch\/en\/wp-json\/wp\/v2\/users\/1"}],"replies":[{"embeddable":true,"href":"https:\/\/concept-clinic.ch\/en\/wp-json\/wp\/v2\/comments?post=948"}],"version-history":[{"count":3,"href":"https:\/\/concept-clinic.ch\/en\/wp-json\/wp\/v2\/pages\/948\/revisions"}],"predecessor-version":[{"id":2653,"href":"https:\/\/concept-clinic.ch\/en\/wp-json\/wp\/v2\/pages\/948\/revisions\/2653"}],"up":[{"embeddable":true,"href":"https:\/\/concept-clinic.ch\/en\/wp-json\/wp\/v2\/pages\/960"}],"wp:featuredmedia":[{"embeddable":true,"href":"https:\/\/concept-clinic.ch\/en\/wp-json\/wp\/v2\/media\/2250"}],"wp:attachment":[{"href":"https:\/\/concept-clinic.ch\/en\/wp-json\/wp\/v2\/media?parent=948"}],"curies":[{"name":"wp","href":"https:\/\/api.w.org\/{rel}","templated":true}]}}