{"id":915,"date":"2022-10-21T09:38:09","date_gmt":"2022-10-21T07:38:09","guid":{"rendered":"https:\/\/concept-clinic.ch\/liposuccion-2\/"},"modified":"2025-08-15T16:10:28","modified_gmt":"2025-08-15T14:10:28","slug":"liposuction","status":"publish","type":"page","link":"https:\/\/concept-clinic.ch\/en\/plastic-surgery\/body\/liposuction\/","title":{"rendered":"Liposuction in Geneva"},"content":{"rendered":"","protected":false},"excerpt":{"rendered":"","protected":false},"author":1,"featured_media":2650,"parent":948,"menu_order":101,"comment_status":"closed","ping_status":"closed","template":"templates\/page-intervention.php","meta":{"_acf_changed":false,"footnotes":""},"acf":[],"yoast_head":"<!-- This site is optimized with the Yoast SEO plugin v22.7 - https:\/\/yoast.com\/wordpress\/plugins\/seo\/ -->\n<title>Liposuction in Geneva | Dr Schlaudraff | Concept Clinic<\/title>\n<meta name=\"description\" content=\"Resculpt your body with liposuction in Geneva. Dr Schlaudraff, expert in VASER\u00ae liposuction, is the first to offer this technique in Geneva.\" \/>\n<meta name=\"robots\" content=\"index, follow, max-snippet:-1, max-image-preview:large, max-video-preview:-1\" \/>\n<link rel=\"canonical\" href=\"https:\/\/concept-clinic.ch\/en\/plastic-surgery\/body\/liposuction\/\" \/>\n<meta property=\"og:locale\" content=\"en_US\" \/>\n<meta property=\"og:type\" content=\"article\" \/>\n<meta property=\"og:title\" content=\"Liposuction in Geneva | Dr Schlaudraff | Concept Clinic\" \/>\n<meta property=\"og:description\" content=\"Resculpt your body with liposuction in Geneva. Dr Schlaudraff, expert in VASER\u00ae liposuction, is the first to offer this technique in Geneva.\" \/>\n<meta property=\"og:url\" content=\"https:\/\/concept-clinic.ch\/en\/plastic-surgery\/body\/liposuction\/\" \/>\n<meta property=\"og:site_name\" content=\"Chirurgie esth\u00e9tique Gen\u00e8ve\" \/>\n<meta property=\"article:publisher\" content=\"https:\/\/www.facebook.com\/p\/Concept-Clinic-100069028287117\/?paipv=0&amp;eav=AfYuwN39e-xs2uLRvzuAZWTzJLyRb7bpj-N1BdRN5mulHoituiZpJYZpLOVv-wJDQYU&amp;_rdr\" \/>\n<meta property=\"article:modified_time\" content=\"2025-08-15T14:10:28+00:00\" \/>\n<meta property=\"og:image\" content=\"https:\/\/concept-clinic.ch\/wp-content\/uploads\/2023\/01\/chirurgie-esthetique-corps-concept-clinic-flanc-gauche.jpg\" \/>\n\t<meta property=\"og:image:width\" content=\"780\" \/>\n\t<meta property=\"og:image:height\" content=\"1280\" \/>\n\t<meta property=\"og:image:type\" content=\"image\/jpeg\" \/>\n<meta name=\"twitter:card\" content=\"summary_large_image\" \/>\n<meta name=\"twitter:label1\" content=\"Est. reading time\" \/>\n\t<meta name=\"twitter:data1\" content=\"4 minutes\" \/>\n<script type=\"application\/ld+json\" class=\"yoast-schema-graph\">{\"@context\":\"https:\/\/schema.org\",\"@graph\":[{\"@type\":\"WebPage\",\"@id\":\"https:\/\/concept-clinic.ch\/en\/plastic-surgery\/body\/liposuction\/\",\"url\":\"https:\/\/concept-clinic.ch\/en\/plastic-surgery\/body\/liposuction\/\",\"name\":\"Liposuction in Geneva | Dr Schlaudraff | Concept Clinic\",\"isPartOf\":{\"@id\":\"https:\/\/concept-clinic.ch\/en\/#website\"},\"primaryImageOfPage\":{\"@id\":\"https:\/\/concept-clinic.ch\/en\/plastic-surgery\/body\/liposuction\/#primaryimage\"},\"image\":{\"@id\":\"https:\/\/concept-clinic.ch\/en\/plastic-surgery\/body\/liposuction\/#primaryimage\"},\"thumbnailUrl\":\"https:\/\/concept-clinic.ch\/wp-content\/uploads\/2023\/01\/chirurgie-esthetique-corps-concept-clinic-flanc-gauche.jpg\",\"datePublished\":\"2022-10-21T07:38:09+00:00\",\"dateModified\":\"2025-08-15T14:10:28+00:00\",\"description\":\"Resculpt your body with liposuction in Geneva. Dr Schlaudraff, expert in VASER\u00ae liposuction, is the first to offer this technique in Geneva.\",\"breadcrumb\":{\"@id\":\"https:\/\/concept-clinic.ch\/en\/plastic-surgery\/body\/liposuction\/#breadcrumb\"},\"inLanguage\":\"en-US\",\"potentialAction\":[{\"@type\":\"ReadAction\",\"target\":[\"https:\/\/concept-clinic.ch\/en\/plastic-surgery\/body\/liposuction\/\"]}]},{\"@type\":\"ImageObject\",\"inLanguage\":\"en-US\",\"@id\":\"https:\/\/concept-clinic.ch\/en\/plastic-surgery\/body\/liposuction\/#primaryimage\",\"url\":\"https:\/\/concept-clinic.ch\/wp-content\/uploads\/2023\/01\/chirurgie-esthetique-corps-concept-clinic-flanc-gauche.jpg\",\"contentUrl\":\"https:\/\/concept-clinic.ch\/wp-content\/uploads\/2023\/01\/chirurgie-esthetique-corps-concept-clinic-flanc-gauche.jpg\",\"width\":780,\"height\":1280,\"caption\":\"Flanc gauche d'une femme afin d'illustrer la chirurgie esth\u00e9tique du corps pratiqu\u00e9 chez Concept Clinic \u00e0 Gen\u00e8ve par le Dr Schlaudraff\"},{\"@type\":\"BreadcrumbList\",\"@id\":\"https:\/\/concept-clinic.ch\/en\/plastic-surgery\/body\/liposuction\/#breadcrumb\",\"itemListElement\":[{\"@type\":\"ListItem\",\"position\":1,\"name\":\"Accueil\",\"item\":\"https:\/\/concept-clinic.ch\/en\/\"},{\"@type\":\"ListItem\",\"position\":2,\"name\":\"Plastic surgery in Geneva\",\"item\":\"https:\/\/concept-clinic.ch\/en\/plastic-surgery\/\"},{\"@type\":\"ListItem\",\"position\":3,\"name\":\"Body surgery\",\"item\":\"https:\/\/concept-clinic.ch\/en\/plastic-surgery\/body\/\"},{\"@type\":\"ListItem\",\"position\":4,\"name\":\"Liposuction in Geneva\"}]},{\"@type\":\"WebSite\",\"@id\":\"https:\/\/concept-clinic.ch\/en\/#website\",\"url\":\"https:\/\/concept-clinic.ch\/en\/\",\"name\":\"Dr Schlaudraff | Concept Clinic\",\"description\":\"| Dr Schlaudraff | Concept Clinic\",\"publisher\":{\"@id\":\"https:\/\/concept-clinic.ch\/en\/#organization\"},\"alternateName\":\"Concept Clinic\",\"potentialAction\":[{\"@type\":\"SearchAction\",\"target\":{\"@type\":\"EntryPoint\",\"urlTemplate\":\"https:\/\/concept-clinic.ch\/en\/?s={search_term_string}\"},\"query-input\":\"required name=search_term_string\"}],\"inLanguage\":\"en-US\"},{\"@type\":\"Organization\",\"@id\":\"https:\/\/concept-clinic.ch\/en\/#organization\",\"name\":\"Dr Schlaudraff | Concept Clinic\",\"alternateName\":\"Concept Clinic\",\"url\":\"https:\/\/concept-clinic.ch\/en\/\",\"logo\":{\"@type\":\"ImageObject\",\"inLanguage\":\"en-US\",\"@id\":\"https:\/\/concept-clinic.ch\/en\/#\/schema\/logo\/image\/\",\"url\":\"https:\/\/concept-clinic.ch\/wp-content\/uploads\/2023\/11\/Capture-decran-2023-11-16-a-08.44.56.png\",\"contentUrl\":\"https:\/\/concept-clinic.ch\/wp-content\/uploads\/2023\/11\/Capture-decran-2023-11-16-a-08.44.56.png\",\"width\":292,\"height\":144,\"caption\":\"Dr Schlaudraff | Concept Clinic\"},\"image\":{\"@id\":\"https:\/\/concept-clinic.ch\/en\/#\/schema\/logo\/image\/\"},\"sameAs\":[\"https:\/\/www.facebook.com\/p\/Concept-Clinic-100069028287117\/?paipv=0&eav=AfYuwN39e-xs2uLRvzuAZWTzJLyRb7bpj-N1BdRN5mulHoituiZpJYZpLOVv-wJDQYU&_rdr\"]}]}<\/script>\n<!-- \/ Yoast SEO plugin. -->","yoast_head_json":{"title":"Liposuction in Geneva | Dr Schlaudraff | Concept Clinic","description":"Resculpt your body with liposuction in Geneva. Dr Schlaudraff, expert in VASER\u00ae liposuction, is the first to offer this technique in Geneva.","robots":{"index":"index","follow":"follow","max-snippet":"max-snippet:-1","max-image-preview":"max-image-preview:large","max-video-preview":"max-video-preview:-1"},"canonical":"https:\/\/concept-clinic.ch\/en\/plastic-surgery\/body\/liposuction\/","og_locale":"en_US","og_type":"article","og_title":"Liposuction in Geneva | Dr Schlaudraff | Concept Clinic","og_description":"Resculpt your body with liposuction in Geneva. Dr Schlaudraff, expert in VASER\u00ae liposuction, is the first to offer this technique in Geneva.","og_url":"https:\/\/concept-clinic.ch\/en\/plastic-surgery\/body\/liposuction\/","og_site_name":"Chirurgie esth\u00e9tique Gen\u00e8ve","article_publisher":"https:\/\/www.facebook.com\/p\/Concept-Clinic-100069028287117\/?paipv=0&eav=AfYuwN39e-xs2uLRvzuAZWTzJLyRb7bpj-N1BdRN5mulHoituiZpJYZpLOVv-wJDQYU&_rdr","article_modified_time":"2025-08-15T14:10:28+00:00","og_image":[{"width":780,"height":1280,"url":"https:\/\/concept-clinic.ch\/wp-content\/uploads\/2023\/01\/chirurgie-esthetique-corps-concept-clinic-flanc-gauche.jpg","type":"image\/jpeg"}],"twitter_card":"summary_large_image","twitter_misc":{"Est. reading time":"4 minutes"},"schema":{"@context":"https:\/\/schema.org","@graph":[{"@type":"WebPage","@id":"https:\/\/concept-clinic.ch\/en\/plastic-surgery\/body\/liposuction\/","url":"https:\/\/concept-clinic.ch\/en\/plastic-surgery\/body\/liposuction\/","name":"Liposuction in Geneva | Dr Schlaudraff | Concept Clinic","isPartOf":{"@id":"https:\/\/concept-clinic.ch\/en\/#website"},"primaryImageOfPage":{"@id":"https:\/\/concept-clinic.ch\/en\/plastic-surgery\/body\/liposuction\/#primaryimage"},"image":{"@id":"https:\/\/concept-clinic.ch\/en\/plastic-surgery\/body\/liposuction\/#primaryimage"},"thumbnailUrl":"https:\/\/concept-clinic.ch\/wp-content\/uploads\/2023\/01\/chirurgie-esthetique-corps-concept-clinic-flanc-gauche.jpg","datePublished":"2022-10-21T07:38:09+00:00","dateModified":"2025-08-15T14:10:28+00:00","description":"Resculpt your body with liposuction in Geneva. Dr Schlaudraff, expert in VASER\u00ae liposuction, is the first to offer this technique in Geneva.","breadcrumb":{"@id":"https:\/\/concept-clinic.ch\/en\/plastic-surgery\/body\/liposuction\/#breadcrumb"},"inLanguage":"en-US","potentialAction":[{"@type":"ReadAction","target":["https:\/\/concept-clinic.ch\/en\/plastic-surgery\/body\/liposuction\/"]}]},{"@type":"ImageObject","inLanguage":"en-US","@id":"https:\/\/concept-clinic.ch\/en\/plastic-surgery\/body\/liposuction\/#primaryimage","url":"https:\/\/concept-clinic.ch\/wp-content\/uploads\/2023\/01\/chirurgie-esthetique-corps-concept-clinic-flanc-gauche.jpg","contentUrl":"https:\/\/concept-clinic.ch\/wp-content\/uploads\/2023\/01\/chirurgie-esthetique-corps-concept-clinic-flanc-gauche.jpg","width":780,"height":1280,"caption":"Flanc gauche d'une femme afin d'illustrer la chirurgie esth\u00e9tique du corps pratiqu\u00e9 chez Concept Clinic \u00e0 Gen\u00e8ve par le Dr Schlaudraff"},{"@type":"BreadcrumbList","@id":"https:\/\/concept-clinic.ch\/en\/plastic-surgery\/body\/liposuction\/#breadcrumb","itemListElement":[{"@type":"ListItem","position":1,"name":"Accueil","item":"https:\/\/concept-clinic.ch\/en\/"},{"@type":"ListItem","position":2,"name":"Plastic surgery in Geneva","item":"https:\/\/concept-clinic.ch\/en\/plastic-surgery\/"},{"@type":"ListItem","position":3,"name":"Body surgery","item":"https:\/\/concept-clinic.ch\/en\/plastic-surgery\/body\/"},{"@type":"ListItem","position":4,"name":"Liposuction in Geneva"}]},{"@type":"WebSite","@id":"https:\/\/concept-clinic.ch\/en\/#website","url":"https:\/\/concept-clinic.ch\/en\/","name":"Dr Schlaudraff | Concept Clinic","description":"| Dr Schlaudraff | Concept Clinic","publisher":{"@id":"https:\/\/concept-clinic.ch\/en\/#organization"},"alternateName":"Concept Clinic","potentialAction":[{"@type":"SearchAction","target":{"@type":"EntryPoint","urlTemplate":"https:\/\/concept-clinic.ch\/en\/?s={search_term_string}"},"query-input":"required name=search_term_string"}],"inLanguage":"en-US"},{"@type":"Organization","@id":"https:\/\/concept-clinic.ch\/en\/#organization","name":"Dr Schlaudraff | Concept Clinic","alternateName":"Concept Clinic","url":"https:\/\/concept-clinic.ch\/en\/","logo":{"@type":"ImageObject","inLanguage":"en-US","@id":"https:\/\/concept-clinic.ch\/en\/#\/schema\/logo\/image\/","url":"https:\/\/concept-clinic.ch\/wp-content\/uploads\/2023\/11\/Capture-decran-2023-11-16-a-08.44.56.png","contentUrl":"https:\/\/concept-clinic.ch\/wp-content\/uploads\/2023\/11\/Capture-decran-2023-11-16-a-08.44.56.png","width":292,"height":144,"caption":"Dr Schlaudraff | Concept Clinic"},"image":{"@id":"https:\/\/concept-clinic.ch\/en\/#\/schema\/logo\/image\/"},"sameAs":["https:\/\/www.facebook.com\/p\/Concept-Clinic-100069028287117\/?paipv=0&eav=AfYuwN39e-xs2uLRvzuAZWTzJLyRb7bpj-N1BdRN5mulHoituiZpJYZpLOVv-wJDQYU&_rdr"]}]}},"_links":{"self":[{"href":"https:\/\/concept-clinic.ch\/en\/wp-json\/wp\/v2\/pages\/915"}],"collection":[{"href":"https:\/\/concept-clinic.ch\/en\/wp-json\/wp\/v2\/pages"}],"about":[{"href":"https:\/\/concept-clinic.ch\/en\/wp-json\/wp\/v2\/types\/page"}],"author":[{"embeddable":true,"href":"https:\/\/concept-clinic.ch\/en\/wp-json\/wp\/v2\/users\/1"}],"replies":[{"embeddable":true,"href":"https:\/\/concept-clinic.ch\/en\/wp-json\/wp\/v2\/comments?post=915"}],"version-history":[{"count":14,"href":"https:\/\/concept-clinic.ch\/en\/wp-json\/wp\/v2\/pages\/915\/revisions"}],"predecessor-version":[{"id":8732,"href":"https:\/\/concept-clinic.ch\/en\/wp-json\/wp\/v2\/pages\/915\/revisions\/8732"}],"up":[{"embeddable":true,"href":"https:\/\/concept-clinic.ch\/en\/wp-json\/wp\/v2\/pages\/948"}],"wp:featuredmedia":[{"embeddable":true,"href":"https:\/\/concept-clinic.ch\/en\/wp-json\/wp\/v2\/media\/2650"}],"wp:attachment":[{"href":"https:\/\/concept-clinic.ch\/en\/wp-json\/wp\/v2\/media?parent=915"}],"curies":[{"name":"wp","href":"https:\/\/api.w.org\/{rel}","templated":true}]}}