{"id":893,"date":"2022-10-21T09:44:44","date_gmt":"2022-10-21T07:44:44","guid":{"rendered":"https:\/\/concept-clinic.ch\/tumeur-de-la-peau\/"},"modified":"2023-01-26T10:58:37","modified_gmt":"2023-01-26T09:58:37","slug":"skin-tumours","status":"publish","type":"page","link":"https:\/\/concept-clinic.ch\/en\/plastic-surgery\/reconstructive-surgery\/skin-tumours\/","title":{"rendered":"Skin tumours in Geneva"},"content":{"rendered":"","protected":false},"excerpt":{"rendered":"","protected":false},"author":1,"featured_media":1556,"parent":939,"menu_order":121,"comment_status":"closed","ping_status":"closed","template":"templates\/page-intervention.php","meta":{"_acf_changed":false,"footnotes":""},"class_list":["post-893","page","type-page","status-publish","has-post-thumbnail","hentry","entry"],"acf":[],"yoast_head":"<!-- This site is optimized with the Yoast SEO plugin v27.3 - https:\/\/yoast.com\/product\/yoast-seo-wordpress\/ -->\n<title>Skin tumours | Dr Schlaudraff | Concept Clinic<\/title>\n<meta name=\"description\" content=\"Tumors frequency increases with age and exposure to the sun. Thanks to innovation, Concept Clinic can now offer solutions for repair and reconstructive surgery that eliminate these tumours from the skin, in an efficient and aesthetic manner.\" \/>\n<meta name=\"robots\" content=\"index, follow, max-snippet:-1, max-image-preview:large, max-video-preview:-1\" \/>\n<link rel=\"canonical\" href=\"https:\/\/concept-clinic.ch\/en\/plastic-surgery\/reconstructive-surgery\/skin-tumours\/\" \/>\n<meta property=\"og:locale\" content=\"en_US\" \/>\n<meta property=\"og:type\" content=\"article\" \/>\n<meta property=\"og:title\" content=\"Skin tumours | Dr Schlaudraff | Concept Clinic\" \/>\n<meta property=\"og:description\" content=\"Tumors frequency increases with age and exposure to the sun. Thanks to innovation, Concept Clinic can now offer solutions for repair and reconstructive surgery that eliminate these tumours from the skin, in an efficient and aesthetic manner.\" \/>\n<meta property=\"og:url\" content=\"https:\/\/concept-clinic.ch\/en\/plastic-surgery\/reconstructive-surgery\/skin-tumours\/\" \/>\n<meta property=\"og:site_name\" content=\"Chirurgie esth\u00e9tique Gen\u00e8ve\" \/>\n<meta property=\"article:publisher\" content=\"https:\/\/www.facebook.com\/p\/Concept-Clinic-100069028287117\/?paipv=0&amp;eav=AfYuwN39e-xs2uLRvzuAZWTzJLyRb7bpj-N1BdRN5mulHoituiZpJYZpLOVv-wJDQYU&amp;_rdr\" \/>\n<meta property=\"article:modified_time\" content=\"2023-01-26T09:58:37+00:00\" \/>\n<meta property=\"og:image\" content=\"https:\/\/concept-clinic.ch\/wp-content\/uploads\/2022\/12\/chirurgie-esthetique-reconstructive-concept-clinic-tumeurs-1.jpg\" \/>\n\t<meta property=\"og:image:width\" content=\"780\" \/>\n\t<meta property=\"og:image:height\" content=\"1280\" \/>\n\t<meta property=\"og:image:type\" content=\"image\/jpeg\" \/>\n<meta name=\"twitter:card\" content=\"summary_large_image\" \/>\n<script type=\"application\/ld+json\" class=\"yoast-schema-graph\">{\"@context\":\"https:\\\/\\\/schema.org\",\"@graph\":[{\"@type\":\"WebPage\",\"@id\":\"https:\\\/\\\/concept-clinic.ch\\\/en\\\/plastic-surgery\\\/reconstructive-surgery\\\/skin-tumours\\\/\",\"url\":\"https:\\\/\\\/concept-clinic.ch\\\/en\\\/plastic-surgery\\\/reconstructive-surgery\\\/skin-tumours\\\/\",\"name\":\"Skin tumours | Dr Schlaudraff | Concept Clinic\",\"isPartOf\":{\"@id\":\"https:\\\/\\\/concept-clinic.ch\\\/en\\\/#website\"},\"primaryImageOfPage\":{\"@id\":\"https:\\\/\\\/concept-clinic.ch\\\/en\\\/plastic-surgery\\\/reconstructive-surgery\\\/skin-tumours\\\/#primaryimage\"},\"image\":{\"@id\":\"https:\\\/\\\/concept-clinic.ch\\\/en\\\/plastic-surgery\\\/reconstructive-surgery\\\/skin-tumours\\\/#primaryimage\"},\"thumbnailUrl\":\"https:\\\/\\\/concept-clinic.ch\\\/wp-content\\\/uploads\\\/2022\\\/12\\\/chirurgie-esthetique-reconstructive-concept-clinic-tumeurs-1.jpg\",\"datePublished\":\"2022-10-21T07:44:44+00:00\",\"dateModified\":\"2023-01-26T09:58:37+00:00\",\"description\":\"Tumors frequency increases with age and exposure to the sun. Thanks to innovation, Concept Clinic can now offer solutions for repair and reconstructive surgery that eliminate these tumours from the skin, in an efficient and aesthetic manner.\",\"breadcrumb\":{\"@id\":\"https:\\\/\\\/concept-clinic.ch\\\/en\\\/plastic-surgery\\\/reconstructive-surgery\\\/skin-tumours\\\/#breadcrumb\"},\"inLanguage\":\"en-US\",\"potentialAction\":[{\"@type\":\"ReadAction\",\"target\":[\"https:\\\/\\\/concept-clinic.ch\\\/en\\\/plastic-surgery\\\/reconstructive-surgery\\\/skin-tumours\\\/\"]}]},{\"@type\":\"ImageObject\",\"inLanguage\":\"en-US\",\"@id\":\"https:\\\/\\\/concept-clinic.ch\\\/en\\\/plastic-surgery\\\/reconstructive-surgery\\\/skin-tumours\\\/#primaryimage\",\"url\":\"https:\\\/\\\/concept-clinic.ch\\\/wp-content\\\/uploads\\\/2022\\\/12\\\/chirurgie-esthetique-reconstructive-concept-clinic-tumeurs-1.jpg\",\"contentUrl\":\"https:\\\/\\\/concept-clinic.ch\\\/wp-content\\\/uploads\\\/2022\\\/12\\\/chirurgie-esthetique-reconstructive-concept-clinic-tumeurs-1.jpg\",\"width\":780,\"height\":1280,\"caption\":\"Femme de dos avec un m\u00e9lanome afin d'illustrer la chirurgie reconstructive pratiqu\u00e9 par le Dr. Schlaudraff chez Concept Clinic, clinique de chirurgie esth\u00e9tique \u00e0 Gen\u00e8ve\"},{\"@type\":\"BreadcrumbList\",\"@id\":\"https:\\\/\\\/concept-clinic.ch\\\/en\\\/plastic-surgery\\\/reconstructive-surgery\\\/skin-tumours\\\/#breadcrumb\",\"itemListElement\":[{\"@type\":\"ListItem\",\"position\":1,\"name\":\"Accueil\",\"item\":\"https:\\\/\\\/concept-clinic.ch\\\/en\\\/\"},{\"@type\":\"ListItem\",\"position\":2,\"name\":\"Plastic surgery in Geneva\",\"item\":\"https:\\\/\\\/concept-clinic.ch\\\/en\\\/plastic-surgery\\\/\"},{\"@type\":\"ListItem\",\"position\":3,\"name\":\"Reconstructive surgery in Geneva\",\"item\":\"https:\\\/\\\/concept-clinic.ch\\\/en\\\/plastic-surgery\\\/reconstructive-surgery\\\/\"},{\"@type\":\"ListItem\",\"position\":4,\"name\":\"Skin tumours in Geneva\"}]},{\"@type\":\"WebSite\",\"@id\":\"https:\\\/\\\/concept-clinic.ch\\\/en\\\/#website\",\"url\":\"https:\\\/\\\/concept-clinic.ch\\\/en\\\/\",\"name\":\"Dr Schlaudraff | Concept Clinic\",\"description\":\"| Dr Schlaudraff | Concept Clinic\",\"publisher\":{\"@id\":\"https:\\\/\\\/concept-clinic.ch\\\/en\\\/#organization\"},\"alternateName\":\"Concept Clinic\",\"potentialAction\":[{\"@type\":\"SearchAction\",\"target\":{\"@type\":\"EntryPoint\",\"urlTemplate\":\"https:\\\/\\\/concept-clinic.ch\\\/en\\\/?s={search_term_string}\"},\"query-input\":{\"@type\":\"PropertyValueSpecification\",\"valueRequired\":true,\"valueName\":\"search_term_string\"}}],\"inLanguage\":\"en-US\"},{\"@type\":\"Organization\",\"@id\":\"https:\\\/\\\/concept-clinic.ch\\\/en\\\/#organization\",\"name\":\"Dr Schlaudraff | Concept Clinic\",\"alternateName\":\"Concept Clinic\",\"url\":\"https:\\\/\\\/concept-clinic.ch\\\/en\\\/\",\"logo\":{\"@type\":\"ImageObject\",\"inLanguage\":\"en-US\",\"@id\":\"https:\\\/\\\/concept-clinic.ch\\\/en\\\/#\\\/schema\\\/logo\\\/image\\\/\",\"url\":\"https:\\\/\\\/concept-clinic.ch\\\/wp-content\\\/uploads\\\/2023\\\/11\\\/Capture-decran-2023-11-16-a-08.44.56.png\",\"contentUrl\":\"https:\\\/\\\/concept-clinic.ch\\\/wp-content\\\/uploads\\\/2023\\\/11\\\/Capture-decran-2023-11-16-a-08.44.56.png\",\"width\":292,\"height\":144,\"caption\":\"Dr Schlaudraff | Concept Clinic\"},\"image\":{\"@id\":\"https:\\\/\\\/concept-clinic.ch\\\/en\\\/#\\\/schema\\\/logo\\\/image\\\/\"},\"sameAs\":[\"https:\\\/\\\/www.facebook.com\\\/p\\\/Concept-Clinic-100069028287117\\\/?paipv=0&eav=AfYuwN39e-xs2uLRvzuAZWTzJLyRb7bpj-N1BdRN5mulHoituiZpJYZpLOVv-wJDQYU&_rdr\"]}]}<\/script>\n<!-- \/ Yoast SEO plugin. -->","yoast_head_json":{"title":"Skin tumours | Dr Schlaudraff | Concept Clinic","description":"Tumors frequency increases with age and exposure to the sun. Thanks to innovation, Concept Clinic can now offer solutions for repair and reconstructive surgery that eliminate these tumours from the skin, in an efficient and aesthetic manner.","robots":{"index":"index","follow":"follow","max-snippet":"max-snippet:-1","max-image-preview":"max-image-preview:large","max-video-preview":"max-video-preview:-1"},"canonical":"https:\/\/concept-clinic.ch\/en\/plastic-surgery\/reconstructive-surgery\/skin-tumours\/","og_locale":"en_US","og_type":"article","og_title":"Skin tumours | Dr Schlaudraff | Concept Clinic","og_description":"Tumors frequency increases with age and exposure to the sun. Thanks to innovation, Concept Clinic can now offer solutions for repair and reconstructive surgery that eliminate these tumours from the skin, in an efficient and aesthetic manner.","og_url":"https:\/\/concept-clinic.ch\/en\/plastic-surgery\/reconstructive-surgery\/skin-tumours\/","og_site_name":"Chirurgie esth\u00e9tique Gen\u00e8ve","article_publisher":"https:\/\/www.facebook.com\/p\/Concept-Clinic-100069028287117\/?paipv=0&eav=AfYuwN39e-xs2uLRvzuAZWTzJLyRb7bpj-N1BdRN5mulHoituiZpJYZpLOVv-wJDQYU&_rdr","article_modified_time":"2023-01-26T09:58:37+00:00","og_image":[{"width":780,"height":1280,"url":"https:\/\/concept-clinic.ch\/wp-content\/uploads\/2022\/12\/chirurgie-esthetique-reconstructive-concept-clinic-tumeurs-1.jpg","type":"image\/jpeg"}],"twitter_card":"summary_large_image","schema":{"@context":"https:\/\/schema.org","@graph":[{"@type":"WebPage","@id":"https:\/\/concept-clinic.ch\/en\/plastic-surgery\/reconstructive-surgery\/skin-tumours\/","url":"https:\/\/concept-clinic.ch\/en\/plastic-surgery\/reconstructive-surgery\/skin-tumours\/","name":"Skin tumours | Dr Schlaudraff | Concept Clinic","isPartOf":{"@id":"https:\/\/concept-clinic.ch\/en\/#website"},"primaryImageOfPage":{"@id":"https:\/\/concept-clinic.ch\/en\/plastic-surgery\/reconstructive-surgery\/skin-tumours\/#primaryimage"},"image":{"@id":"https:\/\/concept-clinic.ch\/en\/plastic-surgery\/reconstructive-surgery\/skin-tumours\/#primaryimage"},"thumbnailUrl":"https:\/\/concept-clinic.ch\/wp-content\/uploads\/2022\/12\/chirurgie-esthetique-reconstructive-concept-clinic-tumeurs-1.jpg","datePublished":"2022-10-21T07:44:44+00:00","dateModified":"2023-01-26T09:58:37+00:00","description":"Tumors frequency increases with age and exposure to the sun. Thanks to innovation, Concept Clinic can now offer solutions for repair and reconstructive surgery that eliminate these tumours from the skin, in an efficient and aesthetic manner.","breadcrumb":{"@id":"https:\/\/concept-clinic.ch\/en\/plastic-surgery\/reconstructive-surgery\/skin-tumours\/#breadcrumb"},"inLanguage":"en-US","potentialAction":[{"@type":"ReadAction","target":["https:\/\/concept-clinic.ch\/en\/plastic-surgery\/reconstructive-surgery\/skin-tumours\/"]}]},{"@type":"ImageObject","inLanguage":"en-US","@id":"https:\/\/concept-clinic.ch\/en\/plastic-surgery\/reconstructive-surgery\/skin-tumours\/#primaryimage","url":"https:\/\/concept-clinic.ch\/wp-content\/uploads\/2022\/12\/chirurgie-esthetique-reconstructive-concept-clinic-tumeurs-1.jpg","contentUrl":"https:\/\/concept-clinic.ch\/wp-content\/uploads\/2022\/12\/chirurgie-esthetique-reconstructive-concept-clinic-tumeurs-1.jpg","width":780,"height":1280,"caption":"Femme de dos avec un m\u00e9lanome afin d'illustrer la chirurgie reconstructive pratiqu\u00e9 par le Dr. Schlaudraff chez Concept Clinic, clinique de chirurgie esth\u00e9tique \u00e0 Gen\u00e8ve"},{"@type":"BreadcrumbList","@id":"https:\/\/concept-clinic.ch\/en\/plastic-surgery\/reconstructive-surgery\/skin-tumours\/#breadcrumb","itemListElement":[{"@type":"ListItem","position":1,"name":"Accueil","item":"https:\/\/concept-clinic.ch\/en\/"},{"@type":"ListItem","position":2,"name":"Plastic surgery in Geneva","item":"https:\/\/concept-clinic.ch\/en\/plastic-surgery\/"},{"@type":"ListItem","position":3,"name":"Reconstructive surgery in Geneva","item":"https:\/\/concept-clinic.ch\/en\/plastic-surgery\/reconstructive-surgery\/"},{"@type":"ListItem","position":4,"name":"Skin tumours in Geneva"}]},{"@type":"WebSite","@id":"https:\/\/concept-clinic.ch\/en\/#website","url":"https:\/\/concept-clinic.ch\/en\/","name":"Dr Schlaudraff | Concept Clinic","description":"| Dr Schlaudraff | Concept Clinic","publisher":{"@id":"https:\/\/concept-clinic.ch\/en\/#organization"},"alternateName":"Concept Clinic","potentialAction":[{"@type":"SearchAction","target":{"@type":"EntryPoint","urlTemplate":"https:\/\/concept-clinic.ch\/en\/?s={search_term_string}"},"query-input":{"@type":"PropertyValueSpecification","valueRequired":true,"valueName":"search_term_string"}}],"inLanguage":"en-US"},{"@type":"Organization","@id":"https:\/\/concept-clinic.ch\/en\/#organization","name":"Dr Schlaudraff | Concept Clinic","alternateName":"Concept Clinic","url":"https:\/\/concept-clinic.ch\/en\/","logo":{"@type":"ImageObject","inLanguage":"en-US","@id":"https:\/\/concept-clinic.ch\/en\/#\/schema\/logo\/image\/","url":"https:\/\/concept-clinic.ch\/wp-content\/uploads\/2023\/11\/Capture-decran-2023-11-16-a-08.44.56.png","contentUrl":"https:\/\/concept-clinic.ch\/wp-content\/uploads\/2023\/11\/Capture-decran-2023-11-16-a-08.44.56.png","width":292,"height":144,"caption":"Dr Schlaudraff | Concept Clinic"},"image":{"@id":"https:\/\/concept-clinic.ch\/en\/#\/schema\/logo\/image\/"},"sameAs":["https:\/\/www.facebook.com\/p\/Concept-Clinic-100069028287117\/?paipv=0&eav=AfYuwN39e-xs2uLRvzuAZWTzJLyRb7bpj-N1BdRN5mulHoituiZpJYZpLOVv-wJDQYU&_rdr"]}]}},"_links":{"self":[{"href":"https:\/\/concept-clinic.ch\/en\/wp-json\/wp\/v2\/pages\/893","targetHints":{"allow":["GET"]}}],"collection":[{"href":"https:\/\/concept-clinic.ch\/en\/wp-json\/wp\/v2\/pages"}],"about":[{"href":"https:\/\/concept-clinic.ch\/en\/wp-json\/wp\/v2\/types\/page"}],"author":[{"embeddable":true,"href":"https:\/\/concept-clinic.ch\/en\/wp-json\/wp\/v2\/users\/1"}],"replies":[{"embeddable":true,"href":"https:\/\/concept-clinic.ch\/en\/wp-json\/wp\/v2\/comments?post=893"}],"version-history":[{"count":6,"href":"https:\/\/concept-clinic.ch\/en\/wp-json\/wp\/v2\/pages\/893\/revisions"}],"predecessor-version":[{"id":1954,"href":"https:\/\/concept-clinic.ch\/en\/wp-json\/wp\/v2\/pages\/893\/revisions\/1954"}],"up":[{"embeddable":true,"href":"https:\/\/concept-clinic.ch\/en\/wp-json\/wp\/v2\/pages\/939"}],"wp:featuredmedia":[{"embeddable":true,"href":"https:\/\/concept-clinic.ch\/en\/wp-json\/wp\/v2\/media\/1556"}],"wp:attachment":[{"href":"https:\/\/concept-clinic.ch\/en\/wp-json\/wp\/v2\/media?parent=893"}],"curies":[{"name":"wp","href":"https:\/\/api.w.org\/{rel}","templated":true}]}}