{"id":888,"date":"2022-10-21T09:46:43","date_gmt":"2022-10-21T07:46:43","guid":{"rendered":"https:\/\/concept-clinic.ch\/liposuccion\/"},"modified":"2023-01-26T10:58:38","modified_gmt":"2023-01-26T09:58:38","slug":"liposuction","status":"publish","type":"page","link":"https:\/\/concept-clinic.ch\/en\/plastic-surgery\/for-men\/liposuction\/","title":{"rendered":"Liposuction for men in Geneva"},"content":{"rendered":"","protected":false},"excerpt":{"rendered":"","protected":false},"author":1,"featured_media":1600,"parent":937,"menu_order":130,"comment_status":"closed","ping_status":"closed","template":"templates\/page-intervention.php","meta":{"_acf_changed":false,"footnotes":""},"class_list":["post-888","page","type-page","status-publish","has-post-thumbnail","hentry","entry"],"acf":[],"yoast_head":"<!-- This site is optimized with the Yoast SEO plugin v27.3 - https:\/\/yoast.com\/product\/yoast-seo-wordpress\/ -->\n<title>Liposuction for men | Dr Schlaudraff | Concept Clinic<\/title>\n<meta name=\"description\" content=\"Liposuction is the most widely practised aesthetic surgery in the world. Although it is mainly sought by women, more and more men are resorting to this surgery. At Concept Clinic, we offer ultra-modern technologic liposuction.\" \/>\n<meta name=\"robots\" content=\"index, follow, max-snippet:-1, max-image-preview:large, max-video-preview:-1\" \/>\n<link rel=\"canonical\" href=\"https:\/\/concept-clinic.ch\/en\/plastic-surgery\/for-men\/liposuction\/\" \/>\n<meta property=\"og:locale\" content=\"en_US\" \/>\n<meta property=\"og:type\" content=\"article\" \/>\n<meta property=\"og:title\" content=\"Liposuction for men | Dr Schlaudraff | Concept Clinic\" \/>\n<meta property=\"og:description\" content=\"Liposuction is the most widely practised aesthetic surgery in the world. Although it is mainly sought by women, more and more men are resorting to this surgery. At Concept Clinic, we offer ultra-modern technologic liposuction.\" \/>\n<meta property=\"og:url\" content=\"https:\/\/concept-clinic.ch\/en\/plastic-surgery\/for-men\/liposuction\/\" \/>\n<meta property=\"og:site_name\" content=\"Chirurgie esth\u00e9tique Gen\u00e8ve\" \/>\n<meta property=\"article:publisher\" content=\"https:\/\/www.facebook.com\/p\/Concept-Clinic-100069028287117\/?paipv=0&amp;eav=AfYuwN39e-xs2uLRvzuAZWTzJLyRb7bpj-N1BdRN5mulHoituiZpJYZpLOVv-wJDQYU&amp;_rdr\" \/>\n<meta property=\"article:modified_time\" content=\"2023-01-26T09:58:38+00:00\" \/>\n<meta property=\"og:image\" content=\"https:\/\/concept-clinic.ch\/wp-content\/uploads\/2022\/12\/chirurgie-homme-liposuccion-concept-clinic-1.jpg\" \/>\n\t<meta property=\"og:image:width\" content=\"780\" \/>\n\t<meta property=\"og:image:height\" content=\"1280\" \/>\n\t<meta property=\"og:image:type\" content=\"image\/jpeg\" \/>\n<meta name=\"twitter:card\" content=\"summary_large_image\" \/>\n<script type=\"application\/ld+json\" class=\"yoast-schema-graph\">{\"@context\":\"https:\\\/\\\/schema.org\",\"@graph\":[{\"@type\":\"WebPage\",\"@id\":\"https:\\\/\\\/concept-clinic.ch\\\/en\\\/plastic-surgery\\\/for-men\\\/liposuction\\\/\",\"url\":\"https:\\\/\\\/concept-clinic.ch\\\/en\\\/plastic-surgery\\\/for-men\\\/liposuction\\\/\",\"name\":\"Liposuction for men | Dr Schlaudraff | Concept Clinic\",\"isPartOf\":{\"@id\":\"https:\\\/\\\/concept-clinic.ch\\\/en\\\/#website\"},\"primaryImageOfPage\":{\"@id\":\"https:\\\/\\\/concept-clinic.ch\\\/en\\\/plastic-surgery\\\/for-men\\\/liposuction\\\/#primaryimage\"},\"image\":{\"@id\":\"https:\\\/\\\/concept-clinic.ch\\\/en\\\/plastic-surgery\\\/for-men\\\/liposuction\\\/#primaryimage\"},\"thumbnailUrl\":\"https:\\\/\\\/concept-clinic.ch\\\/wp-content\\\/uploads\\\/2022\\\/12\\\/chirurgie-homme-liposuccion-concept-clinic-1.jpg\",\"datePublished\":\"2022-10-21T07:46:43+00:00\",\"dateModified\":\"2023-01-26T09:58:38+00:00\",\"description\":\"Liposuction is the most widely practised aesthetic surgery in the world. Although it is mainly sought by women, more and more men are resorting to this surgery. At Concept Clinic, we offer ultra-modern technologic liposuction.\",\"breadcrumb\":{\"@id\":\"https:\\\/\\\/concept-clinic.ch\\\/en\\\/plastic-surgery\\\/for-men\\\/liposuction\\\/#breadcrumb\"},\"inLanguage\":\"en-US\",\"potentialAction\":[{\"@type\":\"ReadAction\",\"target\":[\"https:\\\/\\\/concept-clinic.ch\\\/en\\\/plastic-surgery\\\/for-men\\\/liposuction\\\/\"]}]},{\"@type\":\"ImageObject\",\"inLanguage\":\"en-US\",\"@id\":\"https:\\\/\\\/concept-clinic.ch\\\/en\\\/plastic-surgery\\\/for-men\\\/liposuction\\\/#primaryimage\",\"url\":\"https:\\\/\\\/concept-clinic.ch\\\/wp-content\\\/uploads\\\/2022\\\/12\\\/chirurgie-homme-liposuccion-concept-clinic-1.jpg\",\"contentUrl\":\"https:\\\/\\\/concept-clinic.ch\\\/wp-content\\\/uploads\\\/2022\\\/12\\\/chirurgie-homme-liposuccion-concept-clinic-1.jpg\",\"width\":780,\"height\":1280,\"caption\":\"Corps d'un homme afin d'illustrer la chirurgie esth\u00e9tique pour les hommes propos\u00e9s chez Concept Clinic, clinique de chirurgie esth\u00e9tique \u00e0 Gen\u00e8ve par le Docteur Schlaudraff\"},{\"@type\":\"BreadcrumbList\",\"@id\":\"https:\\\/\\\/concept-clinic.ch\\\/en\\\/plastic-surgery\\\/for-men\\\/liposuction\\\/#breadcrumb\",\"itemListElement\":[{\"@type\":\"ListItem\",\"position\":1,\"name\":\"Accueil\",\"item\":\"https:\\\/\\\/concept-clinic.ch\\\/en\\\/\"},{\"@type\":\"ListItem\",\"position\":2,\"name\":\"Plastic surgery in Geneva\",\"item\":\"https:\\\/\\\/concept-clinic.ch\\\/en\\\/plastic-surgery\\\/\"},{\"@type\":\"ListItem\",\"position\":3,\"name\":\"Surgery for men in Geneva\",\"item\":\"https:\\\/\\\/concept-clinic.ch\\\/en\\\/plastic-surgery\\\/for-men\\\/\"},{\"@type\":\"ListItem\",\"position\":4,\"name\":\"Liposuction for men in Geneva\"}]},{\"@type\":\"WebSite\",\"@id\":\"https:\\\/\\\/concept-clinic.ch\\\/en\\\/#website\",\"url\":\"https:\\\/\\\/concept-clinic.ch\\\/en\\\/\",\"name\":\"Dr Schlaudraff | Concept Clinic\",\"description\":\"| Dr Schlaudraff | Concept Clinic\",\"publisher\":{\"@id\":\"https:\\\/\\\/concept-clinic.ch\\\/en\\\/#organization\"},\"alternateName\":\"Concept Clinic\",\"potentialAction\":[{\"@type\":\"SearchAction\",\"target\":{\"@type\":\"EntryPoint\",\"urlTemplate\":\"https:\\\/\\\/concept-clinic.ch\\\/en\\\/?s={search_term_string}\"},\"query-input\":{\"@type\":\"PropertyValueSpecification\",\"valueRequired\":true,\"valueName\":\"search_term_string\"}}],\"inLanguage\":\"en-US\"},{\"@type\":\"Organization\",\"@id\":\"https:\\\/\\\/concept-clinic.ch\\\/en\\\/#organization\",\"name\":\"Dr Schlaudraff | Concept Clinic\",\"alternateName\":\"Concept Clinic\",\"url\":\"https:\\\/\\\/concept-clinic.ch\\\/en\\\/\",\"logo\":{\"@type\":\"ImageObject\",\"inLanguage\":\"en-US\",\"@id\":\"https:\\\/\\\/concept-clinic.ch\\\/en\\\/#\\\/schema\\\/logo\\\/image\\\/\",\"url\":\"https:\\\/\\\/concept-clinic.ch\\\/wp-content\\\/uploads\\\/2023\\\/11\\\/Capture-decran-2023-11-16-a-08.44.56.png\",\"contentUrl\":\"https:\\\/\\\/concept-clinic.ch\\\/wp-content\\\/uploads\\\/2023\\\/11\\\/Capture-decran-2023-11-16-a-08.44.56.png\",\"width\":292,\"height\":144,\"caption\":\"Dr Schlaudraff | Concept Clinic\"},\"image\":{\"@id\":\"https:\\\/\\\/concept-clinic.ch\\\/en\\\/#\\\/schema\\\/logo\\\/image\\\/\"},\"sameAs\":[\"https:\\\/\\\/www.facebook.com\\\/p\\\/Concept-Clinic-100069028287117\\\/?paipv=0&eav=AfYuwN39e-xs2uLRvzuAZWTzJLyRb7bpj-N1BdRN5mulHoituiZpJYZpLOVv-wJDQYU&_rdr\"]}]}<\/script>\n<!-- \/ Yoast SEO plugin. -->","yoast_head_json":{"title":"Liposuction for men | Dr Schlaudraff | Concept Clinic","description":"Liposuction is the most widely practised aesthetic surgery in the world. Although it is mainly sought by women, more and more men are resorting to this surgery. At Concept Clinic, we offer ultra-modern technologic liposuction.","robots":{"index":"index","follow":"follow","max-snippet":"max-snippet:-1","max-image-preview":"max-image-preview:large","max-video-preview":"max-video-preview:-1"},"canonical":"https:\/\/concept-clinic.ch\/en\/plastic-surgery\/for-men\/liposuction\/","og_locale":"en_US","og_type":"article","og_title":"Liposuction for men | Dr Schlaudraff | Concept Clinic","og_description":"Liposuction is the most widely practised aesthetic surgery in the world. Although it is mainly sought by women, more and more men are resorting to this surgery. At Concept Clinic, we offer ultra-modern technologic liposuction.","og_url":"https:\/\/concept-clinic.ch\/en\/plastic-surgery\/for-men\/liposuction\/","og_site_name":"Chirurgie esth\u00e9tique Gen\u00e8ve","article_publisher":"https:\/\/www.facebook.com\/p\/Concept-Clinic-100069028287117\/?paipv=0&eav=AfYuwN39e-xs2uLRvzuAZWTzJLyRb7bpj-N1BdRN5mulHoituiZpJYZpLOVv-wJDQYU&_rdr","article_modified_time":"2023-01-26T09:58:38+00:00","og_image":[{"width":780,"height":1280,"url":"https:\/\/concept-clinic.ch\/wp-content\/uploads\/2022\/12\/chirurgie-homme-liposuccion-concept-clinic-1.jpg","type":"image\/jpeg"}],"twitter_card":"summary_large_image","schema":{"@context":"https:\/\/schema.org","@graph":[{"@type":"WebPage","@id":"https:\/\/concept-clinic.ch\/en\/plastic-surgery\/for-men\/liposuction\/","url":"https:\/\/concept-clinic.ch\/en\/plastic-surgery\/for-men\/liposuction\/","name":"Liposuction for men | Dr Schlaudraff | Concept Clinic","isPartOf":{"@id":"https:\/\/concept-clinic.ch\/en\/#website"},"primaryImageOfPage":{"@id":"https:\/\/concept-clinic.ch\/en\/plastic-surgery\/for-men\/liposuction\/#primaryimage"},"image":{"@id":"https:\/\/concept-clinic.ch\/en\/plastic-surgery\/for-men\/liposuction\/#primaryimage"},"thumbnailUrl":"https:\/\/concept-clinic.ch\/wp-content\/uploads\/2022\/12\/chirurgie-homme-liposuccion-concept-clinic-1.jpg","datePublished":"2022-10-21T07:46:43+00:00","dateModified":"2023-01-26T09:58:38+00:00","description":"Liposuction is the most widely practised aesthetic surgery in the world. Although it is mainly sought by women, more and more men are resorting to this surgery. At Concept Clinic, we offer ultra-modern technologic liposuction.","breadcrumb":{"@id":"https:\/\/concept-clinic.ch\/en\/plastic-surgery\/for-men\/liposuction\/#breadcrumb"},"inLanguage":"en-US","potentialAction":[{"@type":"ReadAction","target":["https:\/\/concept-clinic.ch\/en\/plastic-surgery\/for-men\/liposuction\/"]}]},{"@type":"ImageObject","inLanguage":"en-US","@id":"https:\/\/concept-clinic.ch\/en\/plastic-surgery\/for-men\/liposuction\/#primaryimage","url":"https:\/\/concept-clinic.ch\/wp-content\/uploads\/2022\/12\/chirurgie-homme-liposuccion-concept-clinic-1.jpg","contentUrl":"https:\/\/concept-clinic.ch\/wp-content\/uploads\/2022\/12\/chirurgie-homme-liposuccion-concept-clinic-1.jpg","width":780,"height":1280,"caption":"Corps d'un homme afin d'illustrer la chirurgie esth\u00e9tique pour les hommes propos\u00e9s chez Concept Clinic, clinique de chirurgie esth\u00e9tique \u00e0 Gen\u00e8ve par le Docteur Schlaudraff"},{"@type":"BreadcrumbList","@id":"https:\/\/concept-clinic.ch\/en\/plastic-surgery\/for-men\/liposuction\/#breadcrumb","itemListElement":[{"@type":"ListItem","position":1,"name":"Accueil","item":"https:\/\/concept-clinic.ch\/en\/"},{"@type":"ListItem","position":2,"name":"Plastic surgery in Geneva","item":"https:\/\/concept-clinic.ch\/en\/plastic-surgery\/"},{"@type":"ListItem","position":3,"name":"Surgery for men in Geneva","item":"https:\/\/concept-clinic.ch\/en\/plastic-surgery\/for-men\/"},{"@type":"ListItem","position":4,"name":"Liposuction for men in Geneva"}]},{"@type":"WebSite","@id":"https:\/\/concept-clinic.ch\/en\/#website","url":"https:\/\/concept-clinic.ch\/en\/","name":"Dr Schlaudraff | Concept Clinic","description":"| Dr Schlaudraff | Concept Clinic","publisher":{"@id":"https:\/\/concept-clinic.ch\/en\/#organization"},"alternateName":"Concept Clinic","potentialAction":[{"@type":"SearchAction","target":{"@type":"EntryPoint","urlTemplate":"https:\/\/concept-clinic.ch\/en\/?s={search_term_string}"},"query-input":{"@type":"PropertyValueSpecification","valueRequired":true,"valueName":"search_term_string"}}],"inLanguage":"en-US"},{"@type":"Organization","@id":"https:\/\/concept-clinic.ch\/en\/#organization","name":"Dr Schlaudraff | Concept Clinic","alternateName":"Concept Clinic","url":"https:\/\/concept-clinic.ch\/en\/","logo":{"@type":"ImageObject","inLanguage":"en-US","@id":"https:\/\/concept-clinic.ch\/en\/#\/schema\/logo\/image\/","url":"https:\/\/concept-clinic.ch\/wp-content\/uploads\/2023\/11\/Capture-decran-2023-11-16-a-08.44.56.png","contentUrl":"https:\/\/concept-clinic.ch\/wp-content\/uploads\/2023\/11\/Capture-decran-2023-11-16-a-08.44.56.png","width":292,"height":144,"caption":"Dr Schlaudraff | Concept Clinic"},"image":{"@id":"https:\/\/concept-clinic.ch\/en\/#\/schema\/logo\/image\/"},"sameAs":["https:\/\/www.facebook.com\/p\/Concept-Clinic-100069028287117\/?paipv=0&eav=AfYuwN39e-xs2uLRvzuAZWTzJLyRb7bpj-N1BdRN5mulHoituiZpJYZpLOVv-wJDQYU&_rdr"]}]}},"_links":{"self":[{"href":"https:\/\/concept-clinic.ch\/en\/wp-json\/wp\/v2\/pages\/888","targetHints":{"allow":["GET"]}}],"collection":[{"href":"https:\/\/concept-clinic.ch\/en\/wp-json\/wp\/v2\/pages"}],"about":[{"href":"https:\/\/concept-clinic.ch\/en\/wp-json\/wp\/v2\/types\/page"}],"author":[{"embeddable":true,"href":"https:\/\/concept-clinic.ch\/en\/wp-json\/wp\/v2\/users\/1"}],"replies":[{"embeddable":true,"href":"https:\/\/concept-clinic.ch\/en\/wp-json\/wp\/v2\/comments?post=888"}],"version-history":[{"count":10,"href":"https:\/\/concept-clinic.ch\/en\/wp-json\/wp\/v2\/pages\/888\/revisions"}],"predecessor-version":[{"id":1972,"href":"https:\/\/concept-clinic.ch\/en\/wp-json\/wp\/v2\/pages\/888\/revisions\/1972"}],"up":[{"embeddable":true,"href":"https:\/\/concept-clinic.ch\/en\/wp-json\/wp\/v2\/pages\/937"}],"wp:featuredmedia":[{"embeddable":true,"href":"https:\/\/concept-clinic.ch\/en\/wp-json\/wp\/v2\/media\/1600"}],"wp:attachment":[{"href":"https:\/\/concept-clinic.ch\/en\/wp-json\/wp\/v2\/media?parent=888"}],"curies":[{"name":"wp","href":"https:\/\/api.w.org\/{rel}","templated":true}]}}