{"id":865,"date":"2022-10-21T09:53:53","date_gmt":"2022-10-21T07:53:53","guid":{"rendered":"https:\/\/concept-clinic.ch\/oxygenotherapie\/"},"modified":"2024-09-03T09:59:31","modified_gmt":"2024-09-03T07:59:31","slug":"oxygen-treatment","status":"publish","type":"page","link":"https:\/\/concept-clinic.ch\/en\/treatments\/wrinkles-and-ageing\/oxygen-treatment\/","title":{"rendered":"Oxygen treatment in Geneva"},"content":{"rendered":"","protected":false},"excerpt":{"rendered":"","protected":false},"author":1,"featured_media":1606,"parent":874,"menu_order":30,"comment_status":"closed","ping_status":"closed","template":"templates\/page-intervention.php","meta":{"_acf_changed":false,"footnotes":""},"class_list":["post-865","page","type-page","status-publish","has-post-thumbnail","hentry","entry"],"acf":[],"yoast_head":"<!-- This site is optimized with the Yoast SEO plugin v27.3 - https:\/\/yoast.com\/product\/yoast-seo-wordpress\/ -->\n<title>Oxygen treatment in Geneva | Dr Schlaudraff | Concept Clinic<\/title>\n<meta name=\"description\" content=\"At Concept Clinic, we offer oxygen treatment. Also called Oxygen facial, this solution aims to compensate the oxygen loss in the skin, so that the blood and lymphatic circulation is therefore helped.\" \/>\n<meta name=\"robots\" content=\"index, follow, max-snippet:-1, max-image-preview:large, max-video-preview:-1\" \/>\n<link rel=\"canonical\" href=\"https:\/\/concept-clinic.ch\/en\/treatments\/wrinkles-and-ageing\/oxygen-treatment\/\" \/>\n<meta property=\"og:locale\" content=\"en_US\" \/>\n<meta property=\"og:type\" content=\"article\" \/>\n<meta property=\"og:title\" content=\"Oxygen treatment in Geneva | Dr Schlaudraff | Concept Clinic\" \/>\n<meta property=\"og:description\" content=\"At Concept Clinic, we offer oxygen treatment. Also called Oxygen facial, this solution aims to compensate the oxygen loss in the skin, so that the blood and lymphatic circulation is therefore helped.\" \/>\n<meta property=\"og:url\" content=\"https:\/\/concept-clinic.ch\/en\/treatments\/wrinkles-and-ageing\/oxygen-treatment\/\" \/>\n<meta property=\"og:site_name\" content=\"Chirurgie esth\u00e9tique Gen\u00e8ve\" \/>\n<meta property=\"article:publisher\" content=\"https:\/\/www.facebook.com\/p\/Concept-Clinic-100069028287117\/?paipv=0&amp;eav=AfYuwN39e-xs2uLRvzuAZWTzJLyRb7bpj-N1BdRN5mulHoituiZpJYZpLOVv-wJDQYU&amp;_rdr\" \/>\n<meta property=\"article:modified_time\" content=\"2024-09-03T07:59:31+00:00\" \/>\n<meta property=\"og:image\" content=\"https:\/\/concept-clinic.ch\/wp-content\/uploads\/2022\/12\/oxygen-concept-clinic.jpg\" \/>\n\t<meta property=\"og:image:width\" content=\"853\" \/>\n\t<meta property=\"og:image:height\" content=\"853\" \/>\n\t<meta property=\"og:image:type\" content=\"image\/jpeg\" \/>\n<meta name=\"twitter:card\" content=\"summary_large_image\" \/>\n<meta name=\"twitter:label1\" content=\"Est. reading time\" \/>\n\t<meta name=\"twitter:data1\" content=\"1 minute\" \/>\n<script type=\"application\/ld+json\" class=\"yoast-schema-graph\">{\"@context\":\"https:\\\/\\\/schema.org\",\"@graph\":[{\"@type\":\"WebPage\",\"@id\":\"https:\\\/\\\/concept-clinic.ch\\\/en\\\/treatments\\\/wrinkles-and-ageing\\\/oxygen-treatment\\\/\",\"url\":\"https:\\\/\\\/concept-clinic.ch\\\/en\\\/treatments\\\/wrinkles-and-ageing\\\/oxygen-treatment\\\/\",\"name\":\"Oxygen treatment in Geneva | Dr Schlaudraff | Concept Clinic\",\"isPartOf\":{\"@id\":\"https:\\\/\\\/concept-clinic.ch\\\/en\\\/#website\"},\"primaryImageOfPage\":{\"@id\":\"https:\\\/\\\/concept-clinic.ch\\\/en\\\/treatments\\\/wrinkles-and-ageing\\\/oxygen-treatment\\\/#primaryimage\"},\"image\":{\"@id\":\"https:\\\/\\\/concept-clinic.ch\\\/en\\\/treatments\\\/wrinkles-and-ageing\\\/oxygen-treatment\\\/#primaryimage\"},\"thumbnailUrl\":\"https:\\\/\\\/concept-clinic.ch\\\/wp-content\\\/uploads\\\/2022\\\/12\\\/oxygen-concept-clinic.jpg\",\"datePublished\":\"2022-10-21T07:53:53+00:00\",\"dateModified\":\"2024-09-03T07:59:31+00:00\",\"description\":\"At Concept Clinic, we offer oxygen treatment. Also called Oxygen facial, this solution aims to compensate the oxygen loss in the skin, so that the blood and lymphatic circulation is therefore helped.\",\"breadcrumb\":{\"@id\":\"https:\\\/\\\/concept-clinic.ch\\\/en\\\/treatments\\\/wrinkles-and-ageing\\\/oxygen-treatment\\\/#breadcrumb\"},\"inLanguage\":\"en-US\",\"potentialAction\":[{\"@type\":\"ReadAction\",\"target\":[\"https:\\\/\\\/concept-clinic.ch\\\/en\\\/treatments\\\/wrinkles-and-ageing\\\/oxygen-treatment\\\/\"]}]},{\"@type\":\"ImageObject\",\"inLanguage\":\"en-US\",\"@id\":\"https:\\\/\\\/concept-clinic.ch\\\/en\\\/treatments\\\/wrinkles-and-ageing\\\/oxygen-treatment\\\/#primaryimage\",\"url\":\"https:\\\/\\\/concept-clinic.ch\\\/wp-content\\\/uploads\\\/2022\\\/12\\\/oxygen-concept-clinic.jpg\",\"contentUrl\":\"https:\\\/\\\/concept-clinic.ch\\\/wp-content\\\/uploads\\\/2022\\\/12\\\/oxygen-concept-clinic.jpg\",\"width\":853,\"height\":853,\"caption\":\"Photo d'une patiente et du Dr. Schlaudraff utilisant l'oxyg\u00e9noth\u00e9rapie comme traitement esth\u00e9tique des rides et du vieillissement chez Concept Clinic\"},{\"@type\":\"BreadcrumbList\",\"@id\":\"https:\\\/\\\/concept-clinic.ch\\\/en\\\/treatments\\\/wrinkles-and-ageing\\\/oxygen-treatment\\\/#breadcrumb\",\"itemListElement\":[{\"@type\":\"ListItem\",\"position\":1,\"name\":\"Accueil\",\"item\":\"https:\\\/\\\/concept-clinic.ch\\\/en\\\/\"},{\"@type\":\"ListItem\",\"position\":2,\"name\":\"Skin treatments in Geneva\",\"item\":\"https:\\\/\\\/concept-clinic.ch\\\/en\\\/treatments\\\/\"},{\"@type\":\"ListItem\",\"position\":3,\"name\":\"Wrinkle and ageing treatments in Geneva\",\"item\":\"https:\\\/\\\/concept-clinic.ch\\\/en\\\/treatments\\\/wrinkles-and-ageing\\\/\"},{\"@type\":\"ListItem\",\"position\":4,\"name\":\"Oxygen treatment in Geneva\"}]},{\"@type\":\"WebSite\",\"@id\":\"https:\\\/\\\/concept-clinic.ch\\\/en\\\/#website\",\"url\":\"https:\\\/\\\/concept-clinic.ch\\\/en\\\/\",\"name\":\"Dr Schlaudraff | Concept Clinic\",\"description\":\"| Dr Schlaudraff | Concept Clinic\",\"publisher\":{\"@id\":\"https:\\\/\\\/concept-clinic.ch\\\/en\\\/#organization\"},\"alternateName\":\"Concept Clinic\",\"potentialAction\":[{\"@type\":\"SearchAction\",\"target\":{\"@type\":\"EntryPoint\",\"urlTemplate\":\"https:\\\/\\\/concept-clinic.ch\\\/en\\\/?s={search_term_string}\"},\"query-input\":{\"@type\":\"PropertyValueSpecification\",\"valueRequired\":true,\"valueName\":\"search_term_string\"}}],\"inLanguage\":\"en-US\"},{\"@type\":\"Organization\",\"@id\":\"https:\\\/\\\/concept-clinic.ch\\\/en\\\/#organization\",\"name\":\"Dr Schlaudraff | Concept Clinic\",\"alternateName\":\"Concept Clinic\",\"url\":\"https:\\\/\\\/concept-clinic.ch\\\/en\\\/\",\"logo\":{\"@type\":\"ImageObject\",\"inLanguage\":\"en-US\",\"@id\":\"https:\\\/\\\/concept-clinic.ch\\\/en\\\/#\\\/schema\\\/logo\\\/image\\\/\",\"url\":\"https:\\\/\\\/concept-clinic.ch\\\/wp-content\\\/uploads\\\/2023\\\/11\\\/Capture-decran-2023-11-16-a-08.44.56.png\",\"contentUrl\":\"https:\\\/\\\/concept-clinic.ch\\\/wp-content\\\/uploads\\\/2023\\\/11\\\/Capture-decran-2023-11-16-a-08.44.56.png\",\"width\":292,\"height\":144,\"caption\":\"Dr Schlaudraff | Concept Clinic\"},\"image\":{\"@id\":\"https:\\\/\\\/concept-clinic.ch\\\/en\\\/#\\\/schema\\\/logo\\\/image\\\/\"},\"sameAs\":[\"https:\\\/\\\/www.facebook.com\\\/p\\\/Concept-Clinic-100069028287117\\\/?paipv=0&eav=AfYuwN39e-xs2uLRvzuAZWTzJLyRb7bpj-N1BdRN5mulHoituiZpJYZpLOVv-wJDQYU&_rdr\"]}]}<\/script>\n<!-- \/ Yoast SEO plugin. -->","yoast_head_json":{"title":"Oxygen treatment in Geneva | Dr Schlaudraff | Concept Clinic","description":"At Concept Clinic, we offer oxygen treatment. Also called Oxygen facial, this solution aims to compensate the oxygen loss in the skin, so that the blood and lymphatic circulation is therefore helped.","robots":{"index":"index","follow":"follow","max-snippet":"max-snippet:-1","max-image-preview":"max-image-preview:large","max-video-preview":"max-video-preview:-1"},"canonical":"https:\/\/concept-clinic.ch\/en\/treatments\/wrinkles-and-ageing\/oxygen-treatment\/","og_locale":"en_US","og_type":"article","og_title":"Oxygen treatment in Geneva | Dr Schlaudraff | Concept Clinic","og_description":"At Concept Clinic, we offer oxygen treatment. Also called Oxygen facial, this solution aims to compensate the oxygen loss in the skin, so that the blood and lymphatic circulation is therefore helped.","og_url":"https:\/\/concept-clinic.ch\/en\/treatments\/wrinkles-and-ageing\/oxygen-treatment\/","og_site_name":"Chirurgie esth\u00e9tique Gen\u00e8ve","article_publisher":"https:\/\/www.facebook.com\/p\/Concept-Clinic-100069028287117\/?paipv=0&eav=AfYuwN39e-xs2uLRvzuAZWTzJLyRb7bpj-N1BdRN5mulHoituiZpJYZpLOVv-wJDQYU&_rdr","article_modified_time":"2024-09-03T07:59:31+00:00","og_image":[{"width":853,"height":853,"url":"https:\/\/concept-clinic.ch\/wp-content\/uploads\/2022\/12\/oxygen-concept-clinic.jpg","type":"image\/jpeg"}],"twitter_card":"summary_large_image","twitter_misc":{"Est. reading time":"1 minute"},"schema":{"@context":"https:\/\/schema.org","@graph":[{"@type":"WebPage","@id":"https:\/\/concept-clinic.ch\/en\/treatments\/wrinkles-and-ageing\/oxygen-treatment\/","url":"https:\/\/concept-clinic.ch\/en\/treatments\/wrinkles-and-ageing\/oxygen-treatment\/","name":"Oxygen treatment in Geneva | Dr Schlaudraff | Concept Clinic","isPartOf":{"@id":"https:\/\/concept-clinic.ch\/en\/#website"},"primaryImageOfPage":{"@id":"https:\/\/concept-clinic.ch\/en\/treatments\/wrinkles-and-ageing\/oxygen-treatment\/#primaryimage"},"image":{"@id":"https:\/\/concept-clinic.ch\/en\/treatments\/wrinkles-and-ageing\/oxygen-treatment\/#primaryimage"},"thumbnailUrl":"https:\/\/concept-clinic.ch\/wp-content\/uploads\/2022\/12\/oxygen-concept-clinic.jpg","datePublished":"2022-10-21T07:53:53+00:00","dateModified":"2024-09-03T07:59:31+00:00","description":"At Concept Clinic, we offer oxygen treatment. Also called Oxygen facial, this solution aims to compensate the oxygen loss in the skin, so that the blood and lymphatic circulation is therefore helped.","breadcrumb":{"@id":"https:\/\/concept-clinic.ch\/en\/treatments\/wrinkles-and-ageing\/oxygen-treatment\/#breadcrumb"},"inLanguage":"en-US","potentialAction":[{"@type":"ReadAction","target":["https:\/\/concept-clinic.ch\/en\/treatments\/wrinkles-and-ageing\/oxygen-treatment\/"]}]},{"@type":"ImageObject","inLanguage":"en-US","@id":"https:\/\/concept-clinic.ch\/en\/treatments\/wrinkles-and-ageing\/oxygen-treatment\/#primaryimage","url":"https:\/\/concept-clinic.ch\/wp-content\/uploads\/2022\/12\/oxygen-concept-clinic.jpg","contentUrl":"https:\/\/concept-clinic.ch\/wp-content\/uploads\/2022\/12\/oxygen-concept-clinic.jpg","width":853,"height":853,"caption":"Photo d'une patiente et du Dr. Schlaudraff utilisant l'oxyg\u00e9noth\u00e9rapie comme traitement esth\u00e9tique des rides et du vieillissement chez Concept Clinic"},{"@type":"BreadcrumbList","@id":"https:\/\/concept-clinic.ch\/en\/treatments\/wrinkles-and-ageing\/oxygen-treatment\/#breadcrumb","itemListElement":[{"@type":"ListItem","position":1,"name":"Accueil","item":"https:\/\/concept-clinic.ch\/en\/"},{"@type":"ListItem","position":2,"name":"Skin treatments in Geneva","item":"https:\/\/concept-clinic.ch\/en\/treatments\/"},{"@type":"ListItem","position":3,"name":"Wrinkle and ageing treatments in Geneva","item":"https:\/\/concept-clinic.ch\/en\/treatments\/wrinkles-and-ageing\/"},{"@type":"ListItem","position":4,"name":"Oxygen treatment in Geneva"}]},{"@type":"WebSite","@id":"https:\/\/concept-clinic.ch\/en\/#website","url":"https:\/\/concept-clinic.ch\/en\/","name":"Dr Schlaudraff | Concept Clinic","description":"| Dr Schlaudraff | Concept Clinic","publisher":{"@id":"https:\/\/concept-clinic.ch\/en\/#organization"},"alternateName":"Concept Clinic","potentialAction":[{"@type":"SearchAction","target":{"@type":"EntryPoint","urlTemplate":"https:\/\/concept-clinic.ch\/en\/?s={search_term_string}"},"query-input":{"@type":"PropertyValueSpecification","valueRequired":true,"valueName":"search_term_string"}}],"inLanguage":"en-US"},{"@type":"Organization","@id":"https:\/\/concept-clinic.ch\/en\/#organization","name":"Dr Schlaudraff | Concept Clinic","alternateName":"Concept Clinic","url":"https:\/\/concept-clinic.ch\/en\/","logo":{"@type":"ImageObject","inLanguage":"en-US","@id":"https:\/\/concept-clinic.ch\/en\/#\/schema\/logo\/image\/","url":"https:\/\/concept-clinic.ch\/wp-content\/uploads\/2023\/11\/Capture-decran-2023-11-16-a-08.44.56.png","contentUrl":"https:\/\/concept-clinic.ch\/wp-content\/uploads\/2023\/11\/Capture-decran-2023-11-16-a-08.44.56.png","width":292,"height":144,"caption":"Dr Schlaudraff | Concept Clinic"},"image":{"@id":"https:\/\/concept-clinic.ch\/en\/#\/schema\/logo\/image\/"},"sameAs":["https:\/\/www.facebook.com\/p\/Concept-Clinic-100069028287117\/?paipv=0&eav=AfYuwN39e-xs2uLRvzuAZWTzJLyRb7bpj-N1BdRN5mulHoituiZpJYZpLOVv-wJDQYU&_rdr"]}]}},"_links":{"self":[{"href":"https:\/\/concept-clinic.ch\/en\/wp-json\/wp\/v2\/pages\/865","targetHints":{"allow":["GET"]}}],"collection":[{"href":"https:\/\/concept-clinic.ch\/en\/wp-json\/wp\/v2\/pages"}],"about":[{"href":"https:\/\/concept-clinic.ch\/en\/wp-json\/wp\/v2\/types\/page"}],"author":[{"embeddable":true,"href":"https:\/\/concept-clinic.ch\/en\/wp-json\/wp\/v2\/users\/1"}],"replies":[{"embeddable":true,"href":"https:\/\/concept-clinic.ch\/en\/wp-json\/wp\/v2\/comments?post=865"}],"version-history":[{"count":4,"href":"https:\/\/concept-clinic.ch\/en\/wp-json\/wp\/v2\/pages\/865\/revisions"}],"predecessor-version":[{"id":3668,"href":"https:\/\/concept-clinic.ch\/en\/wp-json\/wp\/v2\/pages\/865\/revisions\/3668"}],"up":[{"embeddable":true,"href":"https:\/\/concept-clinic.ch\/en\/wp-json\/wp\/v2\/pages\/874"}],"wp:featuredmedia":[{"embeddable":true,"href":"https:\/\/concept-clinic.ch\/en\/wp-json\/wp\/v2\/media\/1606"}],"wp:attachment":[{"href":"https:\/\/concept-clinic.ch\/en\/wp-json\/wp\/v2\/media?parent=865"}],"curies":[{"name":"wp","href":"https:\/\/api.w.org\/{rel}","templated":true}]}}